{"id":1105,"date":"2015-03-05T12:05:22","date_gmt":"2015-03-05T10:05:22","guid":{"rendered":"https:\/\/www.noemie-sanson.fr\/?page_id=1105"},"modified":"2022-01-16T12:33:21","modified_gmt":"2022-01-16T10:33:21","slug":"atelier-de-theatre-de-jeu-masque-avec-compagnie-tecem","status":"publish","type":"page","link":"https:\/\/www.noemie-sanson.fr\/?page_id=1105","title":{"rendered":"Atelier de Th\u00e9\u00e2tre de Jeu masqu\u00e9 avec Compagnie TECEM"},"content":{"rendered":"<p style=\"text-align: justify;\">No\u00e9mie est intervenue au sein de la compagnie TECEM, aupr\u00e8s d&rsquo;enfants dans le cadre d&rsquo;Ateliers Jeux de Masques au sein d&rsquo;\u00e9coles primaires du 18e arrondissement de Paris.<\/p>\n<p style=\"text-align: justify;\"><strong>En tenant compte de la ligne directrice de la compagnie TECEM, et de sa directrice artistique Caroline Weiss , voici ce que No\u00e9mie proposait :&nbsp;<\/strong><\/p>\n<p style=\"text-align: center;\"><em>Avec les masques, on joue \u00e0 \u00eatre un Autre.<br>\nAvec les masques, on s\u2019amuse des hommes, des femmes, des enfants que nous sommes.<br>\nAvec les masques, les enfants peuvent s\u2019amuser \u00e0 \u00eatre des grands, tout en gardant leur \u00e2me\u2026 d\u2019enfants.<br>\nA travers cet atelier artistique, e souhaite transmettre ce qui pour moi est le plus beau\u202f: le plaisir de s&rsquo;approprier l&rsquo;imaginaire et de le partager dans la joie et dans le respect, avec des bouts d\u2019histoires \u00e0 l\u2019instant invent\u00e9es.<br>\n<\/em><\/p>\n<p>Plus d&rsquo;infos sur la compagnie dirig\u00e9e par Caroline Weiss et les ateliers : <a href=\"http:\/\/www.compagnietecem.com\/\">http:\/\/www.compagnietecem.com<\/a><\/p>\n\n\n<figure class=\"wp-block-gallery columns-2 is-cropped wp-block-gallery-1 is-layout-flex wp-block-gallery-is-layout-flex\"><ul class=\"blocks-gallery-grid\"><li class=\"blocks-gallery-item\"><figure><img loading=\"lazy\" decoding=\"async\" width=\"1024\" height=\"768\" src=\"https:\/\/www.noemie-sanson.fr\/wordpress\/wp-content\/uploads\/2020\/04\/P1010002-1024x768.jpg\" alt=\"\" data-id=\"2340\" data-full-url=\"https:\/\/www.noemie-sanson.fr\/wordpress\/wp-content\/uploads\/2020\/04\/P1010002-scaled.jpg\" data-link=\"https:\/\/www.noemie-sanson.fr\/?attachment_id=2340\" class=\"wp-image-2340\" srcset=\"https:\/\/www.noemie-sanson.fr\/wordpress\/wp-content\/uploads\/2020\/04\/P1010002-1024x768.jpg 1024w, https:\/\/www.noemie-sanson.fr\/wordpress\/wp-content\/uploads\/2020\/04\/P1010002-300x225.jpg 300w, https:\/\/www.noemie-sanson.fr\/wordpress\/wp-content\/uploads\/2020\/04\/P1010002-768x576.jpg 768w, https:\/\/www.noemie-sanson.fr\/wordpress\/wp-content\/uploads\/2020\/04\/P1010002-1536x1152.jpg 1536w, https:\/\/www.noemie-sanson.fr\/wordpress\/wp-content\/uploads\/2020\/04\/P1010002-2048x1536.jpg 2048w\" sizes=\"auto, (max-width: 1024px) 100vw, 1024px\" \/><\/figure><\/li><li class=\"blocks-gallery-item\"><figure><img loading=\"lazy\" decoding=\"async\" width=\"768\" height=\"1024\" src=\"https:\/\/www.noemie-sanson.fr\/wordpress\/wp-content\/uploads\/2020\/04\/IMG_4682-768x1024.jpg\" alt=\"\" data-id=\"2339\" data-link=\"https:\/\/www.noemie-sanson.fr\/?attachment_id=2339\" class=\"wp-image-2339\" srcset=\"https:\/\/www.noemie-sanson.fr\/wordpress\/wp-content\/uploads\/2020\/04\/IMG_4682-768x1024.jpg 768w, https:\/\/www.noemie-sanson.fr\/wordpress\/wp-content\/uploads\/2020\/04\/IMG_4682-225x300.jpg 225w, https:\/\/www.noemie-sanson.fr\/wordpress\/wp-content\/uploads\/2020\/04\/IMG_4682-1152x1536.jpg 1152w, https:\/\/www.noemie-sanson.fr\/wordpress\/wp-content\/uploads\/2020\/04\/IMG_4682-1536x2048.jpg 1536w, https:\/\/www.noemie-sanson.fr\/wordpress\/wp-content\/uploads\/2020\/04\/IMG_4682-scaled.jpg 1920w\" sizes=\"auto, (max-width: 768px) 100vw, 768px\" \/><\/figure><\/li><\/ul><\/figure>\n","protected":false},"excerpt":{"rendered":"<p>No\u00e9mie est intervenue au sein de la compagnie TECEM, aupr\u00e8s d&rsquo;enfants dans le cadre d&rsquo;Ateliers Jeux de Masques au sein d&rsquo;\u00e9coles primaires du 18e arrondissement de Paris. En tenant compte de la ligne directrice de la compagnie TECEM, et de &hellip; <a href=\"https:\/\/www.noemie-sanson.fr\/?page_id=1105\">Continuer la lecture <span class=\"meta-nav\">&rarr;<\/span><\/a><\/p>\n","protected":false},"author":2,"featured_media":2673,"parent":169,"menu_order":11,"comment_status":"closed","ping_status":"closed","template":"","meta":{"footnotes":""},"class_list":["post-1105","page","type-page","status-publish","has-post-thumbnail","hentry"],"_links":{"self":[{"href":"https:\/\/www.noemie-sanson.fr\/index.php?rest_route=\/wp\/v2\/pages\/1105","targetHints":{"allow":["GET"]}}],"collection":[{"href":"https:\/\/www.noemie-sanson.fr\/index.php?rest_route=\/wp\/v2\/pages"}],"about":[{"href":"https:\/\/www.noemie-sanson.fr\/index.php?rest_route=\/wp\/v2\/types\/page"}],"author":[{"embeddable":true,"href":"https:\/\/www.noemie-sanson.fr\/index.php?rest_route=\/wp\/v2\/users\/2"}],"replies":[{"embeddable":true,"href":"https:\/\/www.noemie-sanson.fr\/index.php?rest_route=%2Fwp%2Fv2%2Fcomments&post=1105"}],"version-history":[{"count":14,"href":"https:\/\/www.noemie-sanson.fr\/index.php?rest_route=\/wp\/v2\/pages\/1105\/revisions"}],"predecessor-version":[{"id":2675,"href":"https:\/\/www.noemie-sanson.fr\/index.php?rest_route=\/wp\/v2\/pages\/1105\/revisions\/2675"}],"up":[{"embeddable":true,"href":"https:\/\/www.noemie-sanson.fr\/index.php?rest_route=\/wp\/v2\/pages\/169"}],"wp:featuredmedia":[{"embeddable":true,"href":"https:\/\/www.noemie-sanson.fr\/index.php?rest_route=\/wp\/v2\/media\/2673"}],"wp:attachment":[{"href":"https:\/\/www.noemie-sanson.fr\/index.php?rest_route=%2Fwp%2Fv2%2Fmedia&parent=1105"}],"curies":[{"name":"wp","href":"https:\/\/api.w.org\/{rel}","templated":true}]}}