{"id":1363,"date":"2016-04-25T10:38:37","date_gmt":"2016-04-25T08:38:37","guid":{"rendered":"https:\/\/www.noemie-sanson.fr\/?page_id=1363"},"modified":"2022-01-16T12:31:38","modified_gmt":"2022-01-16T10:31:38","slug":"pour-les-tout-petits","status":"publish","type":"page","link":"https:\/\/www.noemie-sanson.fr\/?page_id=1363","title":{"rendered":"Au Pays de P&rsquo;tit L\u00e9on"},"content":{"rendered":"\n<p style=\"background-color:#bf0738\" class=\"has-text-color has-background has-text-align-center has-white-color\">Au Pays de P&rsquo;tit L\u00e9on<\/p>\n\n\n\n<figure class=\"wp-block-gallery columns-3 is-cropped wp-block-gallery-1 is-layout-flex wp-block-gallery-is-layout-flex\"><ul class=\"blocks-gallery-grid\"><li class=\"blocks-gallery-item\"><figure><img loading=\"lazy\" decoding=\"async\" width=\"960\" height=\"720\" src=\"https:\/\/www.noemie-sanson.fr\/wordpress\/wp-content\/uploads\/2019\/03\/L\u00e9on-photo.jpg\" alt=\"\" data-id=\"1954\" data-full-url=\"https:\/\/www.noemie-sanson.fr\/wordpress\/wp-content\/uploads\/2019\/03\/L\u00e9on-photo.jpg\" data-link=\"https:\/\/www.noemie-sanson.fr\/?attachment_id=1954\" class=\"wp-image-1954\" srcset=\"https:\/\/www.noemie-sanson.fr\/wordpress\/wp-content\/uploads\/2019\/03\/L\u00e9on-photo.jpg 960w, https:\/\/www.noemie-sanson.fr\/wordpress\/wp-content\/uploads\/2019\/03\/L\u00e9on-photo-300x225.jpg 300w, https:\/\/www.noemie-sanson.fr\/wordpress\/wp-content\/uploads\/2019\/03\/L\u00e9on-photo-768x576.jpg 768w\" sizes=\"auto, (max-width: 960px) 100vw, 960px\" \/><\/figure><\/li><li class=\"blocks-gallery-item\"><figure><img loading=\"lazy\" decoding=\"async\" width=\"800\" height=\"600\" src=\"https:\/\/www.noemie-sanson.fr\/wordpress\/wp-content\/uploads\/2018\/04\/oc\u00e9an.jpg\" alt=\"\" data-id=\"1746\" data-full-url=\"https:\/\/www.noemie-sanson.fr\/wordpress\/wp-content\/uploads\/2018\/04\/oc\u00e9an.jpg\" data-link=\"https:\/\/www.noemie-sanson.fr\/?attachment_id=1746\" class=\"wp-image-1746\" srcset=\"https:\/\/www.noemie-sanson.fr\/wordpress\/wp-content\/uploads\/2018\/04\/oc\u00e9an.jpg 800w, https:\/\/www.noemie-sanson.fr\/wordpress\/wp-content\/uploads\/2018\/04\/oc\u00e9an-300x225.jpg 300w, https:\/\/www.noemie-sanson.fr\/wordpress\/wp-content\/uploads\/2018\/04\/oc\u00e9an-768x576.jpg 768w\" sizes=\"auto, (max-width: 800px) 100vw, 800px\" \/><\/figure><\/li><li class=\"blocks-gallery-item\"><figure><img loading=\"lazy\" decoding=\"async\" width=\"1024\" height=\"576\" src=\"https:\/\/www.noemie-sanson.fr\/wordpress\/wp-content\/uploads\/2015\/02\/20150606_175404-1024x576.jpg\" alt=\"\" data-id=\"1302\" data-full-url=\"https:\/\/www.noemie-sanson.fr\/wordpress\/wp-content\/uploads\/2015\/02\/20150606_175404.jpg\" data-link=\"https:\/\/www.noemie-sanson.fr\/?attachment_id=1302\" class=\"wp-image-1302\" srcset=\"https:\/\/www.noemie-sanson.fr\/wordpress\/wp-content\/uploads\/2015\/02\/20150606_175404-1024x576.jpg 1024w, https:\/\/www.noemie-sanson.fr\/wordpress\/wp-content\/uploads\/2015\/02\/20150606_175404-300x169.jpg 300w\" sizes=\"auto, (max-width: 1024px) 100vw, 1024px\" \/><\/figure><\/li><\/ul><\/figure>\n\n\n<p><em><strong>Au Pays de P\u2019tit L\u00e9on<\/strong><\/em><\/p>\n<div style=\"width: 640px;\" class=\"wp-video\"><video class=\"wp-video-shortcode\" id=\"video-1363-1\" width=\"640\" height=\"360\" preload=\"metadata\" controls=\"controls\"><source type=\"video\/mp4\" src=\"https:\/\/www.noemie-sanson.fr\/wordpress\/wp-content\/uploads\/2019\/07\/Au-Pay-de-Ptit-L\u00e9on-1.mp4?_=1\" \/><a href=\"https:\/\/www.noemie-sanson.fr\/wordpress\/wp-content\/uploads\/2019\/07\/Au-Pay-de-Ptit-L\u00e9on-1.mp4\">https:\/\/www.noemie-sanson.fr\/wordpress\/wp-content\/uploads\/2019\/07\/Au-Pay-de-Ptit-L\u00e9on-1.mp4<\/a><\/video><\/div>\n<p><\/p>\n<p style=\"text-align: center;\"><span style=\"color: #0000ff;\"><em><span style=\"color: #0000ff;\"><a href=\"https:\/\/www.noemie-sanson.fr\/wordpress\/wp-content\/uploads\/2018\/01\/RECTO_100dpi.jpg\"><img loading=\"lazy\" decoding=\"async\" class=\"size-full wp-image-1696 alignleft\" src=\"https:\/\/www.noemie-sanson.fr\/wordpress\/wp-content\/uploads\/2018\/01\/RECTO_100dpi.jpg\" alt=\"\" width=\"198\" height=\"789\" srcset=\"https:\/\/www.noemie-sanson.fr\/wordpress\/wp-content\/uploads\/2018\/01\/RECTO_100dpi.jpg 198w, https:\/\/www.noemie-sanson.fr\/wordpress\/wp-content\/uploads\/2018\/01\/RECTO_100dpi-75x300.jpg 75w\" sizes=\"auto, (max-width: 198px) 100vw, 198px\" \/><\/a><\/span><\/em><\/span><\/p>\n<p><\/p>\n<p style=\"text-align: center;\"><span style=\"color: #0000ff;\"><em><span style=\"color: #0000ff;\">P\u2019tit L\u00e9on<\/span><\/em><\/span><br><span style=\"color: #333399;\"><em><span style=\"color: #0000ff;\">Depuis qu\u2019il est<\/span> <span style=\"color: #0000ff;\">tout p\u2019tit<\/span><\/em><\/span><br><span style=\"color: #0000ff;\"><em><span style=\"color: #0000ff;\">P\u2019tit L\u00e9on<\/span><\/em><\/span><br><span style=\"color: #333399;\"><em><span style=\"color: #0000ff;\">C\u2019est un p\u2019tit<\/span> <span style=\"color: #0000ff;\">poisson<\/span><\/em><\/span><\/p>\n<p style=\"text-align: center;\"><span style=\"color: #333399;\"><em><span style=\"color: #0000ff;\">P\u2019tit L\u00e9on<\/span><\/em><\/span><br><span style=\"color: #0000ff;\"><em><span style=\"color: #0000ff;\">Depuis qu\u2019il est<\/span> <span style=\"color: #0000ff;\">tout p\u2019tit<\/span><\/em><\/span><br><span style=\"color: #0000ff;\"><em><span style=\"color: #0000ff;\">P\u2019tit L\u00e9on n\u2019a pas<\/span> <span style=\"color: #0000ff;\">grandi<\/span><\/em><\/span><br><span style=\"color: #0000ff;\"><em><span style=\"color: #0000ff;\">Mais depuis qu\u2019il est tout petit<\/span><\/em><\/span><br><span style=\"color: #0000ff;\"><em><span style=\"color: #0000ff;\">P\u2019tit L\u00e9on n\u2019a qu\u2019une<\/span> <span style=\"color: #0000ff;\">envie<\/span><\/em><\/span><br><span style=\"color: #0000ff;\"><em><span style=\"color: #0000ff;\">C\u2019est de sauter dans une goutte<\/span> <span style=\"color: #0000ff;\">d\u2019eau de pluie<\/span><\/em><\/span><br><span style=\"color: #0000ff;\"><em><span style=\"color: #0000ff;\">Pour rejoindre la rivi\u00e8re qui le m\u00e8nera \u00e0 la mer<\/span><\/em><\/span><br><span style=\"color: #0000ff;\"><em><span style=\"color: #0000ff;\">Et un jour\u2026<\/span><\/em><\/span><\/p>\n<p style=\"text-align: center;\"><span style=\"color: #0000ff;\"><em><span style=\"color: #0000ff;\">Pour les petites oreilles de 1 \u00e0 4 ans<\/span><\/em><\/span><br><span style=\"color: #0000ff;\"><em><span style=\"color: #0000ff;\">Dur\u00e9e : 25 min<\/span><\/em><\/span><br><span style=\"color: #0000ff;\"><em><span style=\"color: #0000ff;\">Conte, marionnettes, tissus<\/span><\/em><\/span><\/p>\n<p style=\"text-align: center;\"><span style=\"color: #333399;\"><a style=\"color: #333399;\" href=\"https:\/\/www.noemie-sanson.fr\/?attachment_id=1368\" rel=\"attachment wp-att-1368\"><img loading=\"lazy\" decoding=\"async\" class=\"size-thumbnail wp-image-1368 alignnone\" src=\"https:\/\/www.noemie-sanson.fr\/wordpress\/wp-content\/uploads\/2016\/04\/Biblioth\u00e8que-Les-Batignolles-3-150x150.jpg\" alt=\"\" width=\"150\" height=\"150\"><\/a><\/span><\/p>\n<p style=\"text-align: center;\"><span style=\"color: #0000ff;\">Ce spectacle est sur les routes depuis 2015.<\/span><\/p>\n<p><\/p>\n<p style=\"text-align: center;\"><em>Pour t\u00e9l\u00e9charger le dossier de pr\u00e9sentation, cliquer ici :<a href=\"https:\/\/www.noemie-sanson.fr\/wordpress\/wp-content\/uploads\/2020\/04\/Au-pays-de-Ptit-L\u00e9on-2020.pdf\">Au pays de P&rsquo;tit L\u00e9on 2020<\/a><\/em><\/p>\n<p style=\"text-align: center;\">Devis disponible sur simple demande<\/p>\n<p><\/p>","protected":false},"excerpt":{"rendered":"<p>Au Pays de P&rsquo;tit L\u00e9on Au Pays de P\u2019tit L\u00e9on P\u2019tit L\u00e9onDepuis qu\u2019il est tout p\u2019titP\u2019tit L\u00e9onC\u2019est un p\u2019tit poisson P\u2019tit L\u00e9onDepuis qu\u2019il est tout p\u2019titP\u2019tit L\u00e9on n\u2019a pas grandiMais depuis qu\u2019il est tout petitP\u2019tit L\u00e9on n\u2019a qu\u2019une envieC\u2019est de &hellip; <a href=\"https:\/\/www.noemie-sanson.fr\/?page_id=1363\">Continuer la lecture <span class=\"meta-nav\">&rarr;<\/span><\/a><\/p>\n","protected":false},"author":2,"featured_media":2467,"parent":169,"menu_order":3,"comment_status":"closed","ping_status":"closed","template":"","meta":{"footnotes":""},"class_list":["post-1363","page","type-page","status-publish","has-post-thumbnail","hentry"],"_links":{"self":[{"href":"https:\/\/www.noemie-sanson.fr\/index.php?rest_route=\/wp\/v2\/pages\/1363","targetHints":{"allow":["GET"]}}],"collection":[{"href":"https:\/\/www.noemie-sanson.fr\/index.php?rest_route=\/wp\/v2\/pages"}],"about":[{"href":"https:\/\/www.noemie-sanson.fr\/index.php?rest_route=\/wp\/v2\/types\/page"}],"author":[{"embeddable":true,"href":"https:\/\/www.noemie-sanson.fr\/index.php?rest_route=\/wp\/v2\/users\/2"}],"replies":[{"embeddable":true,"href":"https:\/\/www.noemie-sanson.fr\/index.php?rest_route=%2Fwp%2Fv2%2Fcomments&post=1363"}],"version-history":[{"count":27,"href":"https:\/\/www.noemie-sanson.fr\/index.php?rest_route=\/wp\/v2\/pages\/1363\/revisions"}],"predecessor-version":[{"id":2686,"href":"https:\/\/www.noemie-sanson.fr\/index.php?rest_route=\/wp\/v2\/pages\/1363\/revisions\/2686"}],"up":[{"embeddable":true,"href":"https:\/\/www.noemie-sanson.fr\/index.php?rest_route=\/wp\/v2\/pages\/169"}],"wp:featuredmedia":[{"embeddable":true,"href":"https:\/\/www.noemie-sanson.fr\/index.php?rest_route=\/wp\/v2\/media\/2467"}],"wp:attachment":[{"href":"https:\/\/www.noemie-sanson.fr\/index.php?rest_route=%2Fwp%2Fv2%2Fmedia&parent=1363"}],"curies":[{"name":"wp","href":"https:\/\/api.w.org\/{rel}","templated":true}]}}