{"id":1388,"date":"2016-05-02T11:20:41","date_gmt":"2016-05-02T09:20:41","guid":{"rendered":"https:\/\/www.noemie-sanson.fr\/?page_id=1388"},"modified":"2022-01-16T12:31:45","modified_gmt":"2022-01-16T10:31:45","slug":"mini-festival-des-contes-en-cotentin","status":"publish","type":"page","link":"https:\/\/www.noemie-sanson.fr\/?page_id=1388","title":{"rendered":"Festival des Contes en Cotentin"},"content":{"rendered":"<p><a href=\"https:\/\/www.noemie-sanson.fr\/wordpress\/wp-content\/uploads\/2018\/04\/affiche-festival-des-contes-en-cotentin-last.jpg\"><img loading=\"lazy\" decoding=\"async\" class=\"alignleft wp-image-1764 size-medium\" src=\"https:\/\/www.noemie-sanson.fr\/wordpress\/wp-content\/uploads\/2018\/04\/affiche-festival-des-contes-en-cotentin-last-212x300.jpg\" alt=\"\" width=\"212\" height=\"300\"><\/a>Il y a quatre ans, j&rsquo;ai eu envie de partager avec les gens de ma terre d\u2019origine le Val de Saire, ma passion du conte et son esprit festif. Esprit festif que j&rsquo;ai pu vivre au sein de l&rsquo;association Au Bonheur des Contes de Sucy en Brie dans le Val de Marne, lors d&rsquo;ateliers contes men\u00e9s par Ludovic Souliman.<\/p>\n<p>J&rsquo;ai donc propos\u00e9 \u00e0 la compagnie \u00e0 Deux Pas de Cherbourg de participer \u00e0 ce qui a \u00e9t\u00e9 la toute premi\u00e8re \u00e9dition, ces artistes que j&rsquo;avais rencontr\u00e9 bien des ann\u00e9es auparavant, et qui m&rsquo;avaient fait d\u00e9couvrir le sens du collectif et de l&rsquo;esprit de partage. C&rsquo;est ainsi que l&rsquo;aventure a d\u00e9marr\u00e9.<\/p>\n<p>Alors pouss\u00e9e par le d\u00e9sir, j&rsquo;ai creus\u00e9 des chemins, des liens avec d\u2019autres humains pour faire \u00e9merger des instants de bonheur partag\u00e9s autour du conte. C\u2019est sur cette lanc\u00e9e qu\u2019aujourd\u2019hui se pr\u00e9pare la quatri\u00e8me \u00e9dition du Festival des Contes En Cotentin qui aura lieu \u00e0 la Salle de La Vacquelotte \u00e0 Vicq sur Mer, ainsi qu&rsquo;\u00e0 Fermanville du 22 au 26 mai 2018.<\/p>\n<p>No\u00e9mie SANSON, directrice artistique<\/p>\n<p><a href=\"https:\/\/www.noemie-sanson.fr\/wordpress\/wp-content\/uploads\/2018\/04\/Programme-Festival-conte-en-Cotentin-2018-page-001.jpg\">&nbsp;&nbsp;&nbsp;&nbsp;&nbsp;&nbsp; <\/a><a href=\"https:\/\/www.noemie-sanson.fr\/wordpress\/wp-content\/uploads\/2018\/04\/affiche-festival-des-contes-en-cotentin-last.jpg\"><img loading=\"lazy\" decoding=\"async\" class=\"alignnone size-large wp-image-1764\" src=\"https:\/\/www.noemie-sanson.fr\/wordpress\/wp-content\/uploads\/2018\/04\/affiche-festival-des-contes-en-cotentin-last-724x1024.jpg\" alt=\"\" width=\"640\" height=\"905\"><\/a><a href=\"https:\/\/www.noemie-sanson.fr\/wordpress\/wp-content\/uploads\/2018\/04\/Programme-Festival-conte-en-Cotentin-2018-page-002.jpg\">&nbsp;&nbsp;&nbsp;&nbsp;<\/a><a href=\"https:\/\/www.noemie-sanson.fr\/wordpress\/wp-content\/uploads\/2018\/04\/Programme-Festival-conte-en-Cotentin-2018-page-002.jpg\"><img loading=\"lazy\" decoding=\"async\" class=\"alignnone wp-image-1765 size-large\" src=\"https:\/\/www.noemie-sanson.fr\/wordpress\/wp-content\/uploads\/2018\/04\/Programme-Festival-conte-en-Cotentin-2018-page-002-975x1024.jpg\" alt=\"\" width=\"640\" height=\"672\" srcset=\"https:\/\/www.noemie-sanson.fr\/wordpress\/wp-content\/uploads\/2018\/04\/Programme-Festival-conte-en-Cotentin-2018-page-002-975x1024.jpg 975w, https:\/\/www.noemie-sanson.fr\/wordpress\/wp-content\/uploads\/2018\/04\/Programme-Festival-conte-en-Cotentin-2018-page-002-286x300.jpg 286w, https:\/\/www.noemie-sanson.fr\/wordpress\/wp-content\/uploads\/2018\/04\/Programme-Festival-conte-en-Cotentin-2018-page-002-768x806.jpg 768w, https:\/\/www.noemie-sanson.fr\/wordpress\/wp-content\/uploads\/2018\/04\/Programme-Festival-conte-en-Cotentin-2018-page-002.jpg 1182w\" sizes=\"auto, (max-width: 640px) 100vw, 640px\" \/><\/a><a href=\"https:\/\/www.noemie-sanson.fr\/wordpress\/wp-content\/uploads\/2018\/04\/programme-festival-conte-en-cotentin-2018-page-3.jpg\"><img loading=\"lazy\" decoding=\"async\" class=\"alignnone size-large wp-image-1767\" src=\"https:\/\/www.noemie-sanson.fr\/wordpress\/wp-content\/uploads\/2018\/04\/programme-festival-conte-en-cotentin-2018-page-3-488x1024.jpg\" alt=\"\" width=\"488\" height=\"1024\" srcset=\"https:\/\/www.noemie-sanson.fr\/wordpress\/wp-content\/uploads\/2018\/04\/programme-festival-conte-en-cotentin-2018-page-3-488x1024.jpg 488w, https:\/\/www.noemie-sanson.fr\/wordpress\/wp-content\/uploads\/2018\/04\/programme-festival-conte-en-cotentin-2018-page-3-143x300.jpg 143w, https:\/\/www.noemie-sanson.fr\/wordpress\/wp-content\/uploads\/2018\/04\/programme-festival-conte-en-cotentin-2018-page-3.jpg 591w\" sizes=\"auto, (max-width: 488px) 100vw, 488px\" \/><\/a><\/p>\n<p>&nbsp;<\/p>\n<p style=\"text-align: center;\">***<\/p>\n<p style=\"text-align: center;\"><strong><u>TROISIEME EDITION<\/u><\/strong><\/p>\n<p style=\"text-align: center;\"><strong><u>FESTIVAL DES CONTES EN COTENTIN<\/u><\/strong><\/p>\n<p style=\"text-align: center;\"><strong><em>Le Chant des Langues&nbsp;<\/em><\/strong><\/p>\n<p style=\"text-align: center;\"><strong>Du mardi 16 mai au mercredi 24 mai 2017<\/strong><\/p>\n<p style=\"text-align: center;\"><strong>&nbsp;<\/strong><strong>Au Moulin \u00e0 eau de Marie Ravenel \u00e0 R\u00e9thoville, &nbsp;<\/strong><\/p>\n<p style=\"text-align: center;\"><strong>A Fermanville, Quettehou, Saint Joseph et Vicq-sur-Mer\u2026<\/strong><\/p>\n<p style=\"text-align: center;\"><strong>&nbsp;<\/strong><\/p>\n<p style=\"text-align: center;\"><strong>&nbsp;<\/strong><strong><em>Pr\u00e9sentation&nbsp;: Le Chant des Langues<\/em><\/strong><\/p>\n<p style=\"text-align: center;\">D\u2019o\u00f9 vient-on au bout du \u00ab&nbsp;conte&nbsp;\u00bb&nbsp;???<\/p>\n<p style=\"text-align: center;\">L\u2019\u00e9dition 2017 du Festival des Contes en Cotentin est organis\u00e9e par l\u2019association D\u2019Un Rivage \u00e0 l\u2019Autre : association qui est n\u00e9e de et par la volont\u00e9&nbsp;de personnes ayant souhait\u00e9 soutenir cette initiative. Cette nouvelle \u00e9dition sera plac\u00e9e sous le signe du Chant des Langues&nbsp;: pour laisser r\u00e9sonner la parole comme puissance po\u00e9tique, fruit des cultures et richesse de partages. Et ce, pour les petits et les grands.<\/p>\n<p style=\"text-align: center;\">Voil\u00e0 d\u00e9j\u00e0 deux ans que le Moulin \u00e0 eau de Marie Ravenel, \u00e9difice du patrimoine local, accueille la parole de conteurs \/ conteuses d\u2019ici et d\u2019ailleurs.<\/p>\n<p style=\"text-align: center;\">Au sein du Moulin, les enfants go\u00fbteront au plaisir de la langue portugaise avec la conteuse Eva De Amorin de la compagnie <em>A deux Pas<\/em> de Cherbourg en Cotentin. Son spectacle <em>Hop\u00ef<\/em> est un voyage vers ses racines natales qu\u2019Eva partagera avec les petits des classes maternelles jusqu\u2019aux CP.<\/p>\n<p style=\"text-align: center;\">Les enfants \u00e0 partir de 8 ans auront la chance d\u2019entendre Catalina Pineda, conteuse colombienne, qui les fera voyager avec l\u2019un de ses spectacles bilingues, <em>Nopiltzin, la fille des Etoiles<\/em>. Catalina&nbsp;: une conteuse dont on peut appr\u00e9cier la sinc\u00e9rit\u00e9 et le plaisir du partage&nbsp;!<\/p>\n<p style=\"text-align: center;\">D\u2019autres r\u00e9jouissances cont\u00e9es seront propos\u00e9es en direction des tout-petits avec <em>Les Histoires de C\u00e9cile<\/em> par C\u00e9cile Robin, une conteuse au sourire toujours pr\u00e9sent.<\/p>\n<p style=\"text-align: center;\">Cette ann\u00e9e, la Veill\u00e9e des Conteurs Contents en Cotentin aura lieu \u00e0 la Salle des F\u00eates de Fermanville le samedi 20 mai \u00e0 20h30&nbsp;; elle est accueillie par l\u2019association Fermanlivres, une belle f\u00eate en perspective&nbsp;!<\/p>\n<p style=\"text-align: center;\">Par ailleurs, au cours du Festival, les artistes se rendront \u00e9galement dans les \u00e9coles de Saint Joseph et de Quettehou, un atelier pour apprendre \u00e0 raconter aux enfants aura lieu \u00e0 Fermanville, un atelier Contes et M\u00e9moires se d\u00e9roulera au sein du Club S\u00e9niors \u00e0 Vicq sur mer.<\/p>\n<p style=\"text-align: center;\">Le Festival se cl\u00f4turera \u00e0 Vicq-sur-Mer, o\u00f9 une lecture-spectacle musicale nomm\u00e9e <em>Etre(s) Enracin\u00e9e(s)<\/em> sera donn\u00e9e par la conteuse et auteure No\u00e9mie Sanson et Emmanuelle Parrenin, chanteuse-musicienne qui jouera de la harpe et de l&rsquo;espinette, \u00e0 14h30 \u00e0 destination des s\u00e9niors.<\/p>\n<p style=\"text-align: center;\">A l\u2019heure o\u00f9 les fronti\u00e8res sont parfois si difficiles \u00e0 franchir en restant debout, le partage des langues orales les abolit et font de nous tous des hommes et femmes du m\u00eame Sang, du m\u00eame Vent.<\/p>\n<p style=\"text-align: center;\">Le mot racine ne prend sens qu\u2019\u00e0 travers son partage&nbsp;: \u00eatre \u00e0 la racine de l\u2019humanit\u00e9, c\u2019est \u00eatre dans un va-et-vient permanent entre nous et l\u2019Autre, l\u2019Autre et nous, une interd\u00e9pendance fructueuse et indispensable pour grandir en tant qu\u2019humain. Et c\u2019est cela que t\u00e2chera d\u2019offrir \u00e0 travers les histoires, l\u2019\u00e9dition 2017 du Festival des Contes en Cotentin.<\/p>\n<p style=\"text-align: center;\"><strong>&nbsp;&nbsp;&nbsp;&nbsp;&nbsp;&nbsp;&nbsp;&nbsp;&nbsp;&nbsp;&nbsp;&nbsp;&nbsp;&nbsp;&nbsp;&nbsp;&nbsp;&nbsp;&nbsp;&nbsp;&nbsp;&nbsp;&nbsp;&nbsp;&nbsp;&nbsp;&nbsp;&nbsp;&nbsp;&nbsp;&nbsp;&nbsp;&nbsp;&nbsp;&nbsp;&nbsp;&nbsp;&nbsp;&nbsp;&nbsp; &nbsp;&nbsp;&nbsp;&nbsp;&nbsp;&nbsp;&nbsp;&nbsp;&nbsp;&nbsp;&nbsp;&nbsp;&nbsp;&nbsp;&nbsp;&nbsp;&nbsp;&nbsp;&nbsp;&nbsp;&nbsp;&nbsp;&nbsp;&nbsp;&nbsp;&nbsp;<\/strong><\/p>\n<p style=\"text-align: right;\"><strong><em>&nbsp;&nbsp;&nbsp;&nbsp;&nbsp;&nbsp;&nbsp;&nbsp;&nbsp;&nbsp;&nbsp;&nbsp;&nbsp;&nbsp;&nbsp;&nbsp; &nbsp;&nbsp;&nbsp;&nbsp;&nbsp;&nbsp;&nbsp;&nbsp;&nbsp;&nbsp;&nbsp;&nbsp;&nbsp;&nbsp;&nbsp;&nbsp;&nbsp;&nbsp;&nbsp;&nbsp;&nbsp;&nbsp;&nbsp;&nbsp;&nbsp;&nbsp;&nbsp;&nbsp;&nbsp;&nbsp;&nbsp;&nbsp;&nbsp;&nbsp;&nbsp;&nbsp;&nbsp;&nbsp;&nbsp;&nbsp;&nbsp; No\u00e9mie Sanson, &nbsp;nomm\u00e9e par l\u2019Association D\u2019Un Rivage \u00e0 l\u2019Autre, r<\/em><\/strong><strong><em>esponsable de la conception artistique et direction du Festival<\/em><\/strong><\/p>\n<p style=\"text-align: left;\">Pour t\u00e9l\u00e9charger le communiqu\u00e9 de presse pr\u00e9sentant le Festival, cliquer ici :&nbsp;<a href=\"https:\/\/www.noemie-sanson.fr\/?attachment_id=1521\" rel=\"attachment wp-att-1521\">Festival des Contes en Cotentin 2017<\/a><\/p>\n<p style=\"text-align: right;\"><a href=\"https:\/\/www.noemie-sanson.fr\/?attachment_id=1512\" rel=\"attachment wp-att-1512\"><br \/>\n<\/a> <a href=\"https:\/\/www.noemie-sanson.fr\/?attachment_id=1513\" rel=\"attachment wp-att-1513\"><img loading=\"lazy\" decoding=\"async\" class=\"aligncenter size-large wp-image-1513\" src=\"https:\/\/www.noemie-sanson.fr\/wordpress\/wp-content\/uploads\/2016\/05\/Affiche-Festival-des-COntes-en-Cotentin-100-724x1024.jpg\" alt=\"\" width=\"640\" height=\"905\" srcset=\"https:\/\/www.noemie-sanson.fr\/wordpress\/wp-content\/uploads\/2016\/05\/Affiche-Festival-des-COntes-en-Cotentin-100-724x1024.jpg 724w, https:\/\/www.noemie-sanson.fr\/wordpress\/wp-content\/uploads\/2016\/05\/Affiche-Festival-des-COntes-en-Cotentin-100-212x300.jpg 212w, https:\/\/www.noemie-sanson.fr\/wordpress\/wp-content\/uploads\/2016\/05\/Affiche-Festival-des-COntes-en-Cotentin-100-768x1086.jpg 768w, https:\/\/www.noemie-sanson.fr\/wordpress\/wp-content\/uploads\/2016\/05\/Affiche-Festival-des-COntes-en-Cotentin-100.jpg 842w\" sizes=\"auto, (max-width: 640px) 100vw, 640px\" \/><\/a><\/p>\n<div id=\"attachment_1523\" style=\"width: 650px\"  class=\"wp-caption aligncenter\"><a href=\"https:\/\/www.noemie-sanson.fr\/?attachment_id=1523\" rel=\"attachment wp-att-1523\"><img loading=\"lazy\" decoding=\"async\" class=\"size-large wp-image-1523\" src=\"https:\/\/www.noemie-sanson.fr\/wordpress\/wp-content\/uploads\/2011\/02\/Programme-Festival-des-Contes-en-Cotentin-2017-OT-724x1024.jpg\" alt=\"\" width=\"640\" height=\"905\" srcset=\"https:\/\/www.noemie-sanson.fr\/wordpress\/wp-content\/uploads\/2011\/02\/Programme-Festival-des-Contes-en-Cotentin-2017-OT-724x1024.jpg 724w, https:\/\/www.noemie-sanson.fr\/wordpress\/wp-content\/uploads\/2011\/02\/Programme-Festival-des-Contes-en-Cotentin-2017-OT-212x300.jpg 212w, https:\/\/www.noemie-sanson.fr\/wordpress\/wp-content\/uploads\/2011\/02\/Programme-Festival-des-Contes-en-Cotentin-2017-OT-768x1086.jpg 768w, https:\/\/www.noemie-sanson.fr\/wordpress\/wp-content\/uploads\/2011\/02\/Programme-Festival-des-Contes-en-Cotentin-2017-OT.jpg 1653w\" sizes=\"auto, (max-width: 640px) 100vw, 640px\" \/><\/a><p class=\"wp-caption-text\">Programme Festival des Contes en Cotentin 2017<\/p><\/div>\n<p>Et voici l&rsquo;affiche de la veill\u00e9e :<\/p>\n<p><a href=\"https:\/\/www.noemie-sanson.fr\/?attachment_id=1512\" rel=\"attachment wp-att-1512\"><img loading=\"lazy\" decoding=\"async\" class=\"aligncenter size-large wp-image-1512\" src=\"https:\/\/www.noemie-sanson.fr\/wordpress\/wp-content\/uploads\/2016\/05\/Affiche-veill\u00e9e-577x1024.png\" alt=\"\" width=\"577\" height=\"1024\" srcset=\"https:\/\/www.noemie-sanson.fr\/wordpress\/wp-content\/uploads\/2016\/05\/Affiche-veill\u00e9e-577x1024.png 577w, https:\/\/www.noemie-sanson.fr\/wordpress\/wp-content\/uploads\/2016\/05\/Affiche-veill\u00e9e-169x300.png 169w, https:\/\/www.noemie-sanson.fr\/wordpress\/wp-content\/uploads\/2016\/05\/Affiche-veill\u00e9e.png 640w\" sizes=\"auto, (max-width: 577px) 100vw, 577px\" \/><\/a><\/p>\n<p>****<\/p>\n<p><strong>HISTORIQUE<\/strong><\/p>\n<p><strong>Festival 2015<\/strong><\/p>\n<p>La premi\u00e8re \u00e9dition du <em>Mini-Festival Contes en Cotentin<\/em>&nbsp;a vu le jour en partenariat avec l&rsquo;Office de Tourisme Intercommunal Cotentin Val de Saire. Elle a eu lieu le samedi&nbsp;6 juin 2015. Les Conteurs de l&rsquo;association <em>Au Bonheur des Contes&nbsp;<\/em>&nbsp;du Val de Marne sont repartis enchant\u00e9s par la r\u00e9gion, l&rsquo;accueil des uns et des autres, et la d\u00e9couverte de notre conteuse locale et patoisante Denise Leterrier.<\/p>\n<p>Egalement tr\u00e8s heureuse d&rsquo;avoir partag\u00e9 ce temps de rencontres et de convivialit\u00e9 avec la compagnie amie <em>&nbsp;A deux Pas<\/em>, de Cherbourg, et sa conteuse Eva De Amorin qui a pu nous raconter ainsi qu&rsquo;aux enfants <em>L&rsquo;Histoire du Petit Cochon T\u00eatu&nbsp;<\/em>ainsi que celle de <em>La Grenouille \u00e0 Grande Bouche. &nbsp;<a href=\"http:\/\/www.compagnieadeuxpas.com\">Site Internet de la Compagnie \u00e0 Deux Pas<\/a><\/em><\/p>\n<p>Sur l&rsquo;ensemble de la journ\u00e9e pass\u00e9e au sein du Moulin de Marie Ravenel, une centaine de spectateurs&#8230; Un joli d\u00e9but prometteur au sein de ce verdoyant Val de Saire&#8230;<\/p>\n<p><strong>Edition 2016<\/strong><\/p>\n<p>L&rsquo; \u00e9dition a eu lieu du vendredi 27&nbsp;mai au lundi 30&nbsp;mai 2016 !En plus de la journ\u00e9e tout public du samedi, plusieurs \u00e9coles et RAM sont venues d&rsquo;autres jours pour des repr\u00e9sentations qui leurs \u00e9taient&nbsp;sp\u00e9cifiquement d\u00e9di\u00e9es.<\/p>\n<p>Voici le programme de la journ\u00e9e tout public du samedi 28 mai :<\/p>\n<p><em>Le Petit Cochon T\u00eatu <\/em>par Eva de Amorin (<em>La Compagnie \u00e0 deux pas<\/em>), 4-7 ans<\/p>\n<p><em>Cric, Crac, Croque <\/em>par Genevi\u00e8ve Lipp et Catherine Fonder&nbsp;<em>( Cie La Puce \u00e0 l\u2019Oreille)<\/em>, 5-10 ans<\/p>\n<p><em>Contes en Lumi\u00e8re<\/em> par No\u00e9mie Sanson, accompagn\u00e9e en musique par Ivan Zec (au Serpent de mer et \u00e0 la Fl\u00fbte des Bois\u2026), 3-8 ans<\/p>\n<p><em>La soupe au Caillou,<\/em> par Eva de Amorin \u00e0 partir de 4 ans<\/p>\n<p>LA VEILLEE DES CONTEURS CONTENTS EN COTENTIN, tout public (\u00e0 partir de 7 ans) avec l\u2019association<em> Au Bonheur des Contes<\/em> du Val de Marne et la participation de Denise Leterrier, conteuse du Val de Saire.&nbsp;Une soir\u00e9e qui fut plac\u00e9e sous le signe de la convivialit\u00e9 et du partage autour des contes, contes de bouches, contes \u00e0 manger, contes \u00e0 d\u00e9guster&nbsp;!&nbsp;A vos assiettes&nbsp;! Euh\u2026 pardon \u00e0 vos oreilles&nbsp;!<\/p>\n<p>Un petit pot de l\u2019amiti\u00e9 a \u00e9t\u00e9 offert pour cl\u00f4turer la soir\u00e9e.<\/p>\n<p>A l&rsquo;\u00e9poque, il \u00e9tait important de dire ceci : \u00ab\u00a0A l\u2019heure o\u00f9 de tr\u00e8s nombreux festivals artistiques sont annul\u00e9s dans toute la France, \u00e0 l&rsquo;heure o\u00f9 les annexes 8 et 10 des intermittents du spectacle sont constamment remises en cause, j&rsquo;esp\u00e8re car j&rsquo;y crois dur comme fer que ce genre d\u2019\u00e9v\u00e9nements en milieu rural, r\u00e9union de synergies et d\u2019envies, montrera cette ann\u00e9e encore que le pari de la Culture est une \u00e9vidence car la culture porte ind\u00e9niablement avec elle &nbsp;ses fruits : convivialit\u00e9, cr\u00e9ativit\u00e9, complicit\u00e9, dynamisme\u2026 la vie quoi&#8230;&nbsp;Et je tiens \u00e0 dire aussi que ce festival sans le statut de l&rsquo;intermittence n&rsquo;aurait pas lieu\u00a0\u00bb&nbsp;No\u00e9mie SANSON mai 2016<\/p>\n<p>&nbsp;<\/p>\n<p>&nbsp;<\/p>\n<p><a href=\"https:\/\/www.noemie-sanson.fr\/?attachment_id=1389\" rel=\"attachment wp-att-1389\"><img loading=\"lazy\" decoding=\"async\" class=\"aligncenter size-large wp-image-1389\" src=\"https:\/\/www.noemie-sanson.fr\/wordpress\/wp-content\/uploads\/2016\/05\/affiche_conte-724x1024.jpg\" alt=\"affiche_conte\" width=\"640\" height=\"905\" srcset=\"https:\/\/www.noemie-sanson.fr\/wordpress\/wp-content\/uploads\/2016\/05\/affiche_conte-724x1024.jpg 724w, https:\/\/www.noemie-sanson.fr\/wordpress\/wp-content\/uploads\/2016\/05\/affiche_conte-212x300.jpg 212w, https:\/\/www.noemie-sanson.fr\/wordpress\/wp-content\/uploads\/2016\/05\/affiche_conte-768x1086.jpg 768w, https:\/\/www.noemie-sanson.fr\/wordpress\/wp-content\/uploads\/2016\/05\/affiche_conte.jpg 842w\" sizes=\"auto, (max-width: 640px) 100vw, 640px\" \/><\/a><\/p>\n","protected":false},"excerpt":{"rendered":"<p>Il y a quatre ans, j&rsquo;ai eu envie de partager avec les gens de ma terre d\u2019origine le Val de Saire, ma passion du conte et son esprit festif. Esprit festif que j&rsquo;ai pu vivre au sein de l&rsquo;association Au &hellip; <a href=\"https:\/\/www.noemie-sanson.fr\/?page_id=1388\">Continuer la lecture <span class=\"meta-nav\">&rarr;<\/span><\/a><\/p>\n","protected":false},"author":2,"featured_media":1930,"parent":169,"menu_order":4,"comment_status":"closed","ping_status":"closed","template":"","meta":{"footnotes":""},"class_list":["post-1388","page","type-page","status-publish","has-post-thumbnail","hentry"],"_links":{"self":[{"href":"https:\/\/www.noemie-sanson.fr\/index.php?rest_route=\/wp\/v2\/pages\/1388","targetHints":{"allow":["GET"]}}],"collection":[{"href":"https:\/\/www.noemie-sanson.fr\/index.php?rest_route=\/wp\/v2\/pages"}],"about":[{"href":"https:\/\/www.noemie-sanson.fr\/index.php?rest_route=\/wp\/v2\/types\/page"}],"author":[{"embeddable":true,"href":"https:\/\/www.noemie-sanson.fr\/index.php?rest_route=\/wp\/v2\/users\/2"}],"replies":[{"embeddable":true,"href":"https:\/\/www.noemie-sanson.fr\/index.php?rest_route=%2Fwp%2Fv2%2Fcomments&post=1388"}],"version-history":[{"count":16,"href":"https:\/\/www.noemie-sanson.fr\/index.php?rest_route=\/wp\/v2\/pages\/1388\/revisions"}],"predecessor-version":[{"id":2500,"href":"https:\/\/www.noemie-sanson.fr\/index.php?rest_route=\/wp\/v2\/pages\/1388\/revisions\/2500"}],"up":[{"embeddable":true,"href":"https:\/\/www.noemie-sanson.fr\/index.php?rest_route=\/wp\/v2\/pages\/169"}],"wp:featuredmedia":[{"embeddable":true,"href":"https:\/\/www.noemie-sanson.fr\/index.php?rest_route=\/wp\/v2\/media\/1930"}],"wp:attachment":[{"href":"https:\/\/www.noemie-sanson.fr\/index.php?rest_route=%2Fwp%2Fv2%2Fmedia&parent=1388"}],"curies":[{"name":"wp","href":"https:\/\/api.w.org\/{rel}","templated":true}]}}