{"id":1407,"date":"2016-05-02T11:58:13","date_gmt":"2016-05-02T09:58:13","guid":{"rendered":"https:\/\/www.noemie-sanson.fr\/?page_id=1407"},"modified":"2024-08-30T12:49:25","modified_gmt":"2024-08-30T10:49:25","slug":"atelier-creation-les-mille-et-une-nuits","status":"publish","type":"page","link":"https:\/\/www.noemie-sanson.fr\/?page_id=1407","title":{"rendered":"Atelier-cr\u00e9ation : Les Mille et une Nuits"},"content":{"rendered":"<p style=\"text-align: center;\"><strong>Atelier-cr\u00e9ation : Les Mille et une Nuits<\/strong><\/p>\n<p>No\u00e9mie a construit cet atelier pour le centre socio-culturel Mom&rsquo;didot dans le 14 e arrondissement de Paris.<\/p>\n<p style=\"text-align: left;\"><strong><em><u>Objectif&nbsp;:<\/u><\/em><\/strong><\/p>\n<p style=\"text-align: center;\"><em>L\u2019Atelier-Cr\u00e9ation Les Contes des Mille et une Nuits<\/em> est une invitation \u00e0 partir au royaume de Sh\u00e9h\u00e9razade, de ses paysages imaginaires peupl\u00e9s de g\u00e9nies et d\u2019h\u00e9ros en qu\u00eate d\u2019aventure.&nbsp;Sous l\u2019arbre des r\u00eaves, les enfants ont eu l\u2019occasion d\u2019entendre des contes de cette tradition orale ainsi que de s\u2019initier au fait de raconter.<\/p>\n<p>A travers le corps, les mots, l\u2019imaginaire\u2026<\/p>\n<p>Par la narration, le dessin, le th\u00e9\u00e2tre ou le mime\u2026<\/p>\n<p>Les enfants ont eu ainsi \u00e0 leur disposition des outils &nbsp;\u00e0 fin de &nbsp;go\u00fbter aux joies de la cr\u00e9ativit\u00e9, quel que soit leurs facilit\u00e9s ou difficult\u00e9s \u00e0 s\u2019exprimer.<\/p>\n<p>En fin de parcours, les enfants ont pu montrer sous la forme d\u2019une cr\u00e9ation collective, ce qu\u2019Aladin, Sinbad, le tapis volant et la lampe magique leurs avaient inspir\u00e9s !<\/p>\n","protected":false},"excerpt":{"rendered":"<p>Atelier-cr\u00e9ation : Les Mille et une Nuits No\u00e9mie a construit cet atelier pour le centre socio-culturel Mom&rsquo;didot dans le 14 e arrondissement de Paris. Objectif&nbsp;: L\u2019Atelier-Cr\u00e9ation Les Contes des Mille et une Nuits est une invitation \u00e0 partir au royaume &hellip; <a href=\"https:\/\/www.noemie-sanson.fr\/?page_id=1407\">Continuer la lecture <span class=\"meta-nav\">&rarr;<\/span><\/a><\/p>\n","protected":false},"author":2,"featured_media":1795,"parent":3996,"menu_order":2,"comment_status":"closed","ping_status":"closed","template":"","meta":{"footnotes":""},"class_list":["post-1407","page","type-page","status-publish","has-post-thumbnail","hentry"],"_links":{"self":[{"href":"https:\/\/www.noemie-sanson.fr\/index.php?rest_route=\/wp\/v2\/pages\/1407","targetHints":{"allow":["GET"]}}],"collection":[{"href":"https:\/\/www.noemie-sanson.fr\/index.php?rest_route=\/wp\/v2\/pages"}],"about":[{"href":"https:\/\/www.noemie-sanson.fr\/index.php?rest_route=\/wp\/v2\/types\/page"}],"author":[{"embeddable":true,"href":"https:\/\/www.noemie-sanson.fr\/index.php?rest_route=\/wp\/v2\/users\/2"}],"replies":[{"embeddable":true,"href":"https:\/\/www.noemie-sanson.fr\/index.php?rest_route=%2Fwp%2Fv2%2Fcomments&post=1407"}],"version-history":[{"count":10,"href":"https:\/\/www.noemie-sanson.fr\/index.php?rest_route=\/wp\/v2\/pages\/1407\/revisions"}],"predecessor-version":[{"id":2345,"href":"https:\/\/www.noemie-sanson.fr\/index.php?rest_route=\/wp\/v2\/pages\/1407\/revisions\/2345"}],"up":[{"embeddable":true,"href":"https:\/\/www.noemie-sanson.fr\/index.php?rest_route=\/wp\/v2\/pages\/3996"}],"wp:featuredmedia":[{"embeddable":true,"href":"https:\/\/www.noemie-sanson.fr\/index.php?rest_route=\/wp\/v2\/media\/1795"}],"wp:attachment":[{"href":"https:\/\/www.noemie-sanson.fr\/index.php?rest_route=%2Fwp%2Fv2%2Fmedia&parent=1407"}],"curies":[{"name":"wp","href":"https:\/\/api.w.org\/{rel}","templated":true}]}}