{"id":1409,"date":"2016-05-02T12:01:51","date_gmt":"2016-05-02T10:01:51","guid":{"rendered":"https:\/\/www.noemie-sanson.fr\/?page_id=1409"},"modified":"2024-03-11T11:53:54","modified_gmt":"2024-03-11T09:53:54","slug":"voyages-et-paysages","status":"publish","type":"page","link":"https:\/\/www.noemie-sanson.fr\/?page_id=1409","title":{"rendered":"Paysages sur les routes"},"content":{"rendered":"\n<figure class=\"wp-block-gallery columns-3 is-cropped wp-block-gallery-1 is-layout-flex wp-block-gallery-is-layout-flex\"><ul class=\"blocks-gallery-grid\"><li class=\"blocks-gallery-item\"><figure><img decoding=\"async\" src=\"https:\/\/www.noemie-sanson.fr\/wordpress\/wp-content\/uploads\/2018\/08\/thumbnail_IMG_2404-1024x767.jpg\" alt=\"\" data-id=\"1795\" data-full-url=\"https:\/\/www.noemie-sanson.fr\/wordpress\/wp-content\/uploads\/2018\/08\/thumbnail_IMG_2404.jpg\" data-link=\"https:\/\/www.noemie-sanson.fr\/?attachment_id=1795\" class=\"wp-image-1795\"\/><\/figure><\/li><li class=\"blocks-gallery-item\"><figure><img loading=\"lazy\" decoding=\"async\" width=\"1024\" height=\"683\" src=\"https:\/\/www.noemie-sanson.fr\/wordpress\/wp-content\/uploads\/2013\/07\/\u00e9t\u00e9-2015-tourn\u00e9e-normande-la-GM-1024x683.jpg\" alt=\"\" data-id=\"1297\" data-full-url=\"https:\/\/www.noemie-sanson.fr\/wordpress\/wp-content\/uploads\/2013\/07\/\u00e9t\u00e9-2015-tourn\u00e9e-normande-la-GM.jpg\" data-link=\"https:\/\/www.noemie-sanson.fr\/?attachment_id=1297\" class=\"wp-image-1297\" srcset=\"https:\/\/www.noemie-sanson.fr\/wordpress\/wp-content\/uploads\/2013\/07\/\u00e9t\u00e9-2015-tourn\u00e9e-normande-la-GM-1024x683.jpg 1024w, https:\/\/www.noemie-sanson.fr\/wordpress\/wp-content\/uploads\/2013\/07\/\u00e9t\u00e9-2015-tourn\u00e9e-normande-la-GM-300x200.jpg 300w\" sizes=\"auto, (max-width: 1024px) 100vw, 1024px\" \/><\/figure><\/li><li class=\"blocks-gallery-item\"><figure><img loading=\"lazy\" decoding=\"async\" width=\"1024\" height=\"683\" src=\"https:\/\/www.noemie-sanson.fr\/wordpress\/wp-content\/uploads\/2013\/07\/P1060740-1024x683.jpg\" alt=\"\" data-id=\"1296\" data-full-url=\"https:\/\/www.noemie-sanson.fr\/wordpress\/wp-content\/uploads\/2013\/07\/P1060740.jpg\" data-link=\"https:\/\/www.noemie-sanson.fr\/?attachment_id=1296\" class=\"wp-image-1296\" srcset=\"https:\/\/www.noemie-sanson.fr\/wordpress\/wp-content\/uploads\/2013\/07\/P1060740-1024x683.jpg 1024w, https:\/\/www.noemie-sanson.fr\/wordpress\/wp-content\/uploads\/2013\/07\/P1060740-300x200.jpg 300w\" sizes=\"auto, (max-width: 1024px) 100vw, 1024px\" \/><\/figure><\/li><li class=\"blocks-gallery-item\"><figure><img loading=\"lazy\" decoding=\"async\" width=\"1024\" height=\"683\" src=\"https:\/\/www.noemie-sanson.fr\/wordpress\/wp-content\/uploads\/2013\/07\/P1060745-1024x683.jpg\" alt=\"\" data-id=\"1299\" data-full-url=\"https:\/\/www.noemie-sanson.fr\/wordpress\/wp-content\/uploads\/2013\/07\/P1060745.jpg\" data-link=\"https:\/\/www.noemie-sanson.fr\/?attachment_id=1299\" class=\"wp-image-1299\" srcset=\"https:\/\/www.noemie-sanson.fr\/wordpress\/wp-content\/uploads\/2013\/07\/P1060745-1024x683.jpg 1024w, https:\/\/www.noemie-sanson.fr\/wordpress\/wp-content\/uploads\/2013\/07\/P1060745-300x200.jpg 300w\" sizes=\"auto, (max-width: 1024px) 100vw, 1024px\" \/><\/figure><\/li><li class=\"blocks-gallery-item\"><figure><img loading=\"lazy\" decoding=\"async\" width=\"1000\" height=\"667\" src=\"https:\/\/www.noemie-sanson.fr\/wordpress\/wp-content\/uploads\/2013\/07\/P1060835.jpg\" alt=\"\" data-id=\"1298\" data-full-url=\"https:\/\/www.noemie-sanson.fr\/wordpress\/wp-content\/uploads\/2013\/07\/P1060835.jpg\" data-link=\"https:\/\/www.noemie-sanson.fr\/?attachment_id=1298\" class=\"wp-image-1298\" srcset=\"https:\/\/www.noemie-sanson.fr\/wordpress\/wp-content\/uploads\/2013\/07\/P1060835.jpg 1000w, https:\/\/www.noemie-sanson.fr\/wordpress\/wp-content\/uploads\/2013\/07\/P1060835-300x200.jpg 300w\" sizes=\"auto, (max-width: 1000px) 100vw, 1000px\" \/><\/figure><\/li><li class=\"blocks-gallery-item\"><figure><img loading=\"lazy\" decoding=\"async\" width=\"683\" height=\"1024\" src=\"https:\/\/www.noemie-sanson.fr\/wordpress\/wp-content\/uploads\/2013\/07\/Les-cygnes-683x1024.jpg\" alt=\"\" data-id=\"1293\" data-full-url=\"https:\/\/www.noemie-sanson.fr\/wordpress\/wp-content\/uploads\/2013\/07\/Les-cygnes.jpg\" data-link=\"https:\/\/www.noemie-sanson.fr\/?attachment_id=1293\" class=\"wp-image-1293\" srcset=\"https:\/\/www.noemie-sanson.fr\/wordpress\/wp-content\/uploads\/2013\/07\/Les-cygnes-683x1024.jpg 683w, https:\/\/www.noemie-sanson.fr\/wordpress\/wp-content\/uploads\/2013\/07\/Les-cygnes-200x300.jpg 200w\" sizes=\"auto, (max-width: 683px) 100vw, 683px\" \/><\/figure><\/li><li class=\"blocks-gallery-item\"><figure><img loading=\"lazy\" decoding=\"async\" width=\"1024\" height=\"768\" src=\"https:\/\/www.noemie-sanson.fr\/wordpress\/wp-content\/uploads\/2014\/09\/P1010021-1024x768.jpg\" alt=\"\" data-id=\"1078\" data-full-url=\"https:\/\/www.noemie-sanson.fr\/wordpress\/wp-content\/uploads\/2014\/09\/P1010021.jpg\" data-link=\"https:\/\/www.noemie-sanson.fr\/?attachment_id=1078\" class=\"wp-image-1078\" srcset=\"https:\/\/www.noemie-sanson.fr\/wordpress\/wp-content\/uploads\/2014\/09\/P1010021-1024x768.jpg 1024w, https:\/\/www.noemie-sanson.fr\/wordpress\/wp-content\/uploads\/2014\/09\/P1010021-300x225.jpg 300w\" sizes=\"auto, (max-width: 1024px) 100vw, 1024px\" \/><\/figure><\/li><li class=\"blocks-gallery-item\"><figure><img loading=\"lazy\" decoding=\"async\" width=\"1024\" height=\"768\" src=\"https:\/\/www.noemie-sanson.fr\/wordpress\/wp-content\/uploads\/2015\/01\/P1010033-1024x768.jpg\" alt=\"\" data-id=\"1064\" data-full-url=\"https:\/\/www.noemie-sanson.fr\/wordpress\/wp-content\/uploads\/2015\/01\/P1010033-e1420301483825.jpg\" data-link=\"https:\/\/www.noemie-sanson.fr\/?attachment_id=1064\" class=\"wp-image-1064\"\/><\/figure><\/li><li class=\"blocks-gallery-item\"><figure><img loading=\"lazy\" decoding=\"async\" width=\"1024\" height=\"768\" src=\"https:\/\/www.noemie-sanson.fr\/wordpress\/wp-content\/uploads\/2011\/02\/P1010048-1024x768.jpg\" alt=\"\" data-id=\"1034\" data-full-url=\"https:\/\/www.noemie-sanson.fr\/wordpress\/wp-content\/uploads\/2011\/02\/P1010048.jpg\" data-link=\"https:\/\/www.noemie-sanson.fr\/?attachment_id=1034\" class=\"wp-image-1034\" srcset=\"https:\/\/www.noemie-sanson.fr\/wordpress\/wp-content\/uploads\/2011\/02\/P1010048-1024x768.jpg 1024w, https:\/\/www.noemie-sanson.fr\/wordpress\/wp-content\/uploads\/2011\/02\/P1010048-300x225.jpg 300w\" sizes=\"auto, (max-width: 1024px) 100vw, 1024px\" \/><\/figure><\/li><li class=\"blocks-gallery-item\"><figure><img loading=\"lazy\" decoding=\"async\" width=\"960\" height=\"720\" src=\"https:\/\/www.noemie-sanson.fr\/wordpress\/wp-content\/uploads\/2012\/11\/Brno-red-box.jpg\" alt=\"\" data-id=\"754\" data-full-url=\"https:\/\/www.noemie-sanson.fr\/wordpress\/wp-content\/uploads\/2012\/11\/Brno-red-box.jpg\" data-link=\"https:\/\/www.noemie-sanson.fr\/?attachment_id=754\" class=\"wp-image-754\" srcset=\"https:\/\/www.noemie-sanson.fr\/wordpress\/wp-content\/uploads\/2012\/11\/Brno-red-box.jpg 960w, https:\/\/www.noemie-sanson.fr\/wordpress\/wp-content\/uploads\/2012\/11\/Brno-red-box-300x225.jpg 300w\" sizes=\"auto, (max-width: 960px) 100vw, 960px\" \/><\/figure><\/li><li class=\"blocks-gallery-item\"><figure><img loading=\"lazy\" decoding=\"async\" width=\"1024\" height=\"766\" src=\"https:\/\/www.noemie-sanson.fr\/wordpress\/wp-content\/uploads\/2018\/08\/thumbnail_IMG_2430-1024x766.jpg\" alt=\"\" data-id=\"1801\" data-full-url=\"https:\/\/www.noemie-sanson.fr\/wordpress\/wp-content\/uploads\/2018\/08\/thumbnail_IMG_2430.jpg\" data-link=\"https:\/\/www.noemie-sanson.fr\/?attachment_id=1801\" class=\"wp-image-1801\" srcset=\"https:\/\/www.noemie-sanson.fr\/wordpress\/wp-content\/uploads\/2018\/08\/thumbnail_IMG_2430-1024x766.jpg 1024w, https:\/\/www.noemie-sanson.fr\/wordpress\/wp-content\/uploads\/2018\/08\/thumbnail_IMG_2430-300x225.jpg 300w, https:\/\/www.noemie-sanson.fr\/wordpress\/wp-content\/uploads\/2018\/08\/thumbnail_IMG_2430-768x575.jpg 768w, https:\/\/www.noemie-sanson.fr\/wordpress\/wp-content\/uploads\/2018\/08\/thumbnail_IMG_2430.jpg 1280w\" sizes=\"auto, (max-width: 1024px) 100vw, 1024px\" \/><\/figure><\/li><li class=\"blocks-gallery-item\"><figure><img loading=\"lazy\" decoding=\"async\" width=\"1024\" height=\"768\" src=\"https:\/\/www.noemie-sanson.fr\/wordpress\/wp-content\/uploads\/2013\/07\/Le-camion-dans-les-dunes-de-N\u00e9ville1-1024x768.jpg\" alt=\"\" data-id=\"1295\" data-full-url=\"https:\/\/www.noemie-sanson.fr\/wordpress\/wp-content\/uploads\/2013\/07\/Le-camion-dans-les-dunes-de-N\u00e9ville1.jpg\" data-link=\"https:\/\/www.noemie-sanson.fr\/?attachment_id=1295\" class=\"wp-image-1295\" srcset=\"https:\/\/www.noemie-sanson.fr\/wordpress\/wp-content\/uploads\/2013\/07\/Le-camion-dans-les-dunes-de-N\u00e9ville1-1024x768.jpg 1024w, https:\/\/www.noemie-sanson.fr\/wordpress\/wp-content\/uploads\/2013\/07\/Le-camion-dans-les-dunes-de-N\u00e9ville1-300x225.jpg 300w\" sizes=\"auto, (max-width: 1024px) 100vw, 1024px\" \/><\/figure><\/li><li class=\"blocks-gallery-item\"><figure><img loading=\"lazy\" decoding=\"async\" width=\"1024\" height=\"768\" src=\"https:\/\/www.noemie-sanson.fr\/wordpress\/wp-content\/uploads\/2014\/09\/IMG_3260-1024x768.jpg\" alt=\"\" data-id=\"1079\" data-full-url=\"https:\/\/www.noemie-sanson.fr\/wordpress\/wp-content\/uploads\/2014\/09\/IMG_3260.jpg\" data-link=\"https:\/\/www.noemie-sanson.fr\/?attachment_id=1079\" class=\"wp-image-1079\" srcset=\"https:\/\/www.noemie-sanson.fr\/wordpress\/wp-content\/uploads\/2014\/09\/IMG_3260-1024x768.jpg 1024w, https:\/\/www.noemie-sanson.fr\/wordpress\/wp-content\/uploads\/2014\/09\/IMG_3260-300x225.jpg 300w\" sizes=\"auto, (max-width: 1024px) 100vw, 1024px\" \/><\/figure><\/li><li class=\"blocks-gallery-item\"><figure><img loading=\"lazy\" decoding=\"async\" width=\"1024\" height=\"768\" src=\"https:\/\/www.noemie-sanson.fr\/wordpress\/wp-content\/uploads\/2014\/09\/P1010047-1024x768.jpg\" alt=\"\" data-id=\"1077\" data-full-url=\"https:\/\/www.noemie-sanson.fr\/wordpress\/wp-content\/uploads\/2014\/09\/P1010047.jpg\" data-link=\"https:\/\/www.noemie-sanson.fr\/?attachment_id=1077\" class=\"wp-image-1077\" srcset=\"https:\/\/www.noemie-sanson.fr\/wordpress\/wp-content\/uploads\/2014\/09\/P1010047-1024x768.jpg 1024w, https:\/\/www.noemie-sanson.fr\/wordpress\/wp-content\/uploads\/2014\/09\/P1010047-300x225.jpg 300w\" sizes=\"auto, (max-width: 1024px) 100vw, 1024px\" \/><\/figure><\/li><\/ul><\/figure>\n","protected":false},"excerpt":{"rendered":"","protected":false},"author":2,"featured_media":1297,"parent":3822,"menu_order":9,"comment_status":"closed","ping_status":"closed","template":"","meta":{"footnotes":""},"class_list":["post-1409","page","type-page","status-publish","has-post-thumbnail","hentry"],"_links":{"self":[{"href":"https:\/\/www.noemie-sanson.fr\/index.php?rest_route=\/wp\/v2\/pages\/1409","targetHints":{"allow":["GET"]}}],"collection":[{"href":"https:\/\/www.noemie-sanson.fr\/index.php?rest_route=\/wp\/v2\/pages"}],"about":[{"href":"https:\/\/www.noemie-sanson.fr\/index.php?rest_route=\/wp\/v2\/types\/page"}],"author":[{"embeddable":true,"href":"https:\/\/www.noemie-sanson.fr\/index.php?rest_route=\/wp\/v2\/users\/2"}],"replies":[{"embeddable":true,"href":"https:\/\/www.noemie-sanson.fr\/index.php?rest_route=%2Fwp%2Fv2%2Fcomments&post=1409"}],"version-history":[{"count":12,"href":"https:\/\/www.noemie-sanson.fr\/index.php?rest_route=\/wp\/v2\/pages\/1409\/revisions"}],"predecessor-version":[{"id":2499,"href":"https:\/\/www.noemie-sanson.fr\/index.php?rest_route=\/wp\/v2\/pages\/1409\/revisions\/2499"}],"up":[{"embeddable":true,"href":"https:\/\/www.noemie-sanson.fr\/index.php?rest_route=\/wp\/v2\/pages\/3822"}],"wp:featuredmedia":[{"embeddable":true,"href":"https:\/\/www.noemie-sanson.fr\/index.php?rest_route=\/wp\/v2\/media\/1297"}],"wp:attachment":[{"href":"https:\/\/www.noemie-sanson.fr\/index.php?rest_route=%2Fwp%2Fv2%2Fmedia&parent=1409"}],"curies":[{"name":"wp","href":"https:\/\/api.w.org\/{rel}","templated":true}]}}