{"id":1815,"date":"2018-08-05T16:17:55","date_gmt":"2018-08-05T14:17:55","guid":{"rendered":"https:\/\/www.noemie-sanson.fr\/?page_id=1815"},"modified":"2022-01-16T12:31:27","modified_gmt":"2022-01-16T10:31:27","slug":"le-gobelet-dor-2017-2019","status":"publish","type":"page","link":"https:\/\/www.noemie-sanson.fr\/?page_id=1815","title":{"rendered":"Versailles 2017\/2019"},"content":{"rendered":"<p><strong>Le Gobelet d&rsquo;or<\/strong> : une histoire-parcours cont\u00e9e par plusieurs conteuses et conteurs pour les enfants, par <em>Les Petits Chats vont au Mus\u00e9e<\/em>, au Ch\u00e2teau de Versailles en 2017, 2018 et 2019<\/p>\n<p><\/p>\n\n\n<figure class=\"wp-block-gallery columns-3 is-cropped wp-block-gallery-1 is-layout-flex wp-block-gallery-is-layout-flex\"><ul class=\"blocks-gallery-grid\"><li class=\"blocks-gallery-item\"><figure><img loading=\"lazy\" decoding=\"async\" width=\"1024\" height=\"768\" src=\"https:\/\/www.noemie-sanson.fr\/wordpress\/wp-content\/uploads\/2018\/08\/IMG_20180723_110931-1024x768.jpg\" alt=\"\" data-id=\"1816\" data-full-url=\"https:\/\/www.noemie-sanson.fr\/wordpress\/wp-content\/uploads\/2018\/08\/IMG_20180723_110931.jpg\" data-link=\"https:\/\/www.noemie-sanson.fr\/?attachment_id=1816\" class=\"wp-image-1816\" srcset=\"https:\/\/www.noemie-sanson.fr\/wordpress\/wp-content\/uploads\/2018\/08\/IMG_20180723_110931-1024x768.jpg 1024w, https:\/\/www.noemie-sanson.fr\/wordpress\/wp-content\/uploads\/2018\/08\/IMG_20180723_110931-300x225.jpg 300w, https:\/\/www.noemie-sanson.fr\/wordpress\/wp-content\/uploads\/2018\/08\/IMG_20180723_110931-768x576.jpg 768w\" sizes=\"auto, (max-width: 1024px) 100vw, 1024px\" \/><\/figure><\/li><li class=\"blocks-gallery-item\"><figure><img loading=\"lazy\" decoding=\"async\" width=\"768\" height=\"1024\" src=\"https:\/\/www.noemie-sanson.fr\/wordpress\/wp-content\/uploads\/2018\/08\/IMG_20180723_165220-768x1024.jpg\" alt=\"\" data-id=\"1818\" data-full-url=\"https:\/\/www.noemie-sanson.fr\/wordpress\/wp-content\/uploads\/2018\/08\/IMG_20180723_165220.jpg\" data-link=\"https:\/\/www.noemie-sanson.fr\/?attachment_id=1818\" class=\"wp-image-1818\" srcset=\"https:\/\/www.noemie-sanson.fr\/wordpress\/wp-content\/uploads\/2018\/08\/IMG_20180723_165220-768x1024.jpg 768w, https:\/\/www.noemie-sanson.fr\/wordpress\/wp-content\/uploads\/2018\/08\/IMG_20180723_165220-225x300.jpg 225w\" sizes=\"auto, (max-width: 768px) 100vw, 768px\" \/><\/figure><\/li><li class=\"blocks-gallery-item\"><figure><img loading=\"lazy\" decoding=\"async\" width=\"768\" height=\"1024\" src=\"https:\/\/www.noemie-sanson.fr\/wordpress\/wp-content\/uploads\/2018\/08\/IMG_20180723_145348-768x1024.jpg\" alt=\"\" data-id=\"1820\" data-full-url=\"https:\/\/www.noemie-sanson.fr\/wordpress\/wp-content\/uploads\/2018\/08\/IMG_20180723_145348.jpg\" data-link=\"https:\/\/www.noemie-sanson.fr\/?attachment_id=1820\" class=\"wp-image-1820\" srcset=\"https:\/\/www.noemie-sanson.fr\/wordpress\/wp-content\/uploads\/2018\/08\/IMG_20180723_145348-768x1024.jpg 768w, https:\/\/www.noemie-sanson.fr\/wordpress\/wp-content\/uploads\/2018\/08\/IMG_20180723_145348-225x300.jpg 225w\" sizes=\"auto, (max-width: 768px) 100vw, 768px\" \/><\/figure><\/li><li class=\"blocks-gallery-item\"><figure><img loading=\"lazy\" decoding=\"async\" width=\"1024\" height=\"768\" src=\"https:\/\/www.noemie-sanson.fr\/wordpress\/wp-content\/uploads\/2017\/08\/2017-07-17-11.15.37-1024x768.jpg\" alt=\"\" data-id=\"1558\" data-full-url=\"https:\/\/www.noemie-sanson.fr\/wordpress\/wp-content\/uploads\/2017\/08\/2017-07-17-11.15.37.jpg\" data-link=\"https:\/\/www.noemie-sanson.fr\/?attachment_id=1558\" class=\"wp-image-1558\" srcset=\"https:\/\/www.noemie-sanson.fr\/wordpress\/wp-content\/uploads\/2017\/08\/2017-07-17-11.15.37-1024x768.jpg 1024w, https:\/\/www.noemie-sanson.fr\/wordpress\/wp-content\/uploads\/2017\/08\/2017-07-17-11.15.37-300x225.jpg 300w, https:\/\/www.noemie-sanson.fr\/wordpress\/wp-content\/uploads\/2017\/08\/2017-07-17-11.15.37-768x576.jpg 768w\" sizes=\"auto, (max-width: 1024px) 100vw, 1024px\" \/><\/figure><\/li><li class=\"blocks-gallery-item\"><figure><img loading=\"lazy\" decoding=\"async\" width=\"768\" height=\"1024\" src=\"https:\/\/www.noemie-sanson.fr\/wordpress\/wp-content\/uploads\/2017\/08\/2017-07-24-10.33.22-e1501856718274-768x1024.jpg\" alt=\"\" data-id=\"1559\" data-full-url=\"https:\/\/www.noemie-sanson.fr\/wordpress\/wp-content\/uploads\/2017\/08\/2017-07-24-10.33.22-e1501856718274.jpg\" data-link=\"https:\/\/www.noemie-sanson.fr\/?attachment_id=1559\" class=\"wp-image-1559\" srcset=\"https:\/\/www.noemie-sanson.fr\/wordpress\/wp-content\/uploads\/2017\/08\/2017-07-24-10.33.22-e1501856718274-768x1024.jpg 768w, https:\/\/www.noemie-sanson.fr\/wordpress\/wp-content\/uploads\/2017\/08\/2017-07-24-10.33.22-e1501856718274-225x300.jpg 225w\" sizes=\"auto, (max-width: 768px) 100vw, 768px\" \/><\/figure><\/li><li class=\"blocks-gallery-item\"><figure><img loading=\"lazy\" decoding=\"async\" width=\"768\" height=\"1024\" src=\"https:\/\/www.noemie-sanson.fr\/wordpress\/wp-content\/uploads\/2017\/08\/2017-07-24-10.36.33-e1501856808546-768x1024.jpg\" alt=\"\" data-id=\"1560\" data-full-url=\"https:\/\/www.noemie-sanson.fr\/wordpress\/wp-content\/uploads\/2017\/08\/2017-07-24-10.36.33-e1501856808546.jpg\" data-link=\"https:\/\/www.noemie-sanson.fr\/?attachment_id=1560\" class=\"wp-image-1560\" srcset=\"https:\/\/www.noemie-sanson.fr\/wordpress\/wp-content\/uploads\/2017\/08\/2017-07-24-10.36.33-e1501856808546-768x1024.jpg 768w, https:\/\/www.noemie-sanson.fr\/wordpress\/wp-content\/uploads\/2017\/08\/2017-07-24-10.36.33-e1501856808546-225x300.jpg 225w\" sizes=\"auto, (max-width: 768px) 100vw, 768px\" \/><\/figure><\/li><li class=\"blocks-gallery-item\"><figure><img loading=\"lazy\" decoding=\"async\" width=\"768\" height=\"1024\" src=\"https:\/\/www.noemie-sanson.fr\/wordpress\/wp-content\/uploads\/2020\/04\/IMG_20190722_095545-768x1024.jpg\" alt=\"\" data-id=\"2369\" data-full-url=\"https:\/\/www.noemie-sanson.fr\/wordpress\/wp-content\/uploads\/2020\/04\/IMG_20190722_095545-scaled.jpg\" data-link=\"https:\/\/www.noemie-sanson.fr\/?attachment_id=2369\" class=\"wp-image-2369\" srcset=\"https:\/\/www.noemie-sanson.fr\/wordpress\/wp-content\/uploads\/2020\/04\/IMG_20190722_095545-768x1024.jpg 768w, https:\/\/www.noemie-sanson.fr\/wordpress\/wp-content\/uploads\/2020\/04\/IMG_20190722_095545-225x300.jpg 225w, https:\/\/www.noemie-sanson.fr\/wordpress\/wp-content\/uploads\/2020\/04\/IMG_20190722_095545-1152x1536.jpg 1152w, https:\/\/www.noemie-sanson.fr\/wordpress\/wp-content\/uploads\/2020\/04\/IMG_20190722_095545-1536x2048.jpg 1536w, https:\/\/www.noemie-sanson.fr\/wordpress\/wp-content\/uploads\/2020\/04\/IMG_20190722_095545-scaled.jpg 1920w\" sizes=\"auto, (max-width: 768px) 100vw, 768px\" \/><\/figure><\/li><li class=\"blocks-gallery-item\"><figure><img loading=\"lazy\" decoding=\"async\" width=\"768\" height=\"1024\" src=\"https:\/\/www.noemie-sanson.fr\/wordpress\/wp-content\/uploads\/2020\/04\/IMG_20190722_095655-768x1024.jpg\" alt=\"\" data-id=\"2368\" data-full-url=\"https:\/\/www.noemie-sanson.fr\/wordpress\/wp-content\/uploads\/2020\/04\/IMG_20190722_095655-scaled.jpg\" data-link=\"https:\/\/www.noemie-sanson.fr\/?attachment_id=2368\" class=\"wp-image-2368\" srcset=\"https:\/\/www.noemie-sanson.fr\/wordpress\/wp-content\/uploads\/2020\/04\/IMG_20190722_095655-768x1024.jpg 768w, https:\/\/www.noemie-sanson.fr\/wordpress\/wp-content\/uploads\/2020\/04\/IMG_20190722_095655-225x300.jpg 225w, https:\/\/www.noemie-sanson.fr\/wordpress\/wp-content\/uploads\/2020\/04\/IMG_20190722_095655-1152x1536.jpg 1152w, https:\/\/www.noemie-sanson.fr\/wordpress\/wp-content\/uploads\/2020\/04\/IMG_20190722_095655-1536x2048.jpg 1536w, https:\/\/www.noemie-sanson.fr\/wordpress\/wp-content\/uploads\/2020\/04\/IMG_20190722_095655-scaled.jpg 1920w\" sizes=\"auto, (max-width: 768px) 100vw, 768px\" \/><\/figure><\/li><li class=\"blocks-gallery-item\"><figure><img loading=\"lazy\" decoding=\"async\" width=\"1024\" height=\"768\" src=\"https:\/\/www.noemie-sanson.fr\/wordpress\/wp-content\/uploads\/2020\/04\/IMG_20190722_095832-1024x768.jpg\" alt=\"\" data-id=\"2367\" data-full-url=\"https:\/\/www.noemie-sanson.fr\/wordpress\/wp-content\/uploads\/2020\/04\/IMG_20190722_095832-scaled.jpg\" data-link=\"https:\/\/www.noemie-sanson.fr\/?attachment_id=2367\" class=\"wp-image-2367\" srcset=\"https:\/\/www.noemie-sanson.fr\/wordpress\/wp-content\/uploads\/2020\/04\/IMG_20190722_095832-1024x768.jpg 1024w, https:\/\/www.noemie-sanson.fr\/wordpress\/wp-content\/uploads\/2020\/04\/IMG_20190722_095832-300x225.jpg 300w, https:\/\/www.noemie-sanson.fr\/wordpress\/wp-content\/uploads\/2020\/04\/IMG_20190722_095832-768x576.jpg 768w, https:\/\/www.noemie-sanson.fr\/wordpress\/wp-content\/uploads\/2020\/04\/IMG_20190722_095832-1536x1152.jpg 1536w, https:\/\/www.noemie-sanson.fr\/wordpress\/wp-content\/uploads\/2020\/04\/IMG_20190722_095832-2048x1536.jpg 2048w\" sizes=\"auto, (max-width: 1024px) 100vw, 1024px\" \/><\/figure><\/li><li class=\"blocks-gallery-item\"><figure><img loading=\"lazy\" decoding=\"async\" width=\"1024\" height=\"768\" src=\"https:\/\/www.noemie-sanson.fr\/wordpress\/wp-content\/uploads\/2020\/04\/IMG_20190722_110040-1024x768.jpg\" alt=\"\" data-id=\"2366\" data-full-url=\"https:\/\/www.noemie-sanson.fr\/wordpress\/wp-content\/uploads\/2020\/04\/IMG_20190722_110040-scaled.jpg\" data-link=\"https:\/\/www.noemie-sanson.fr\/?attachment_id=2366\" class=\"wp-image-2366\" srcset=\"https:\/\/www.noemie-sanson.fr\/wordpress\/wp-content\/uploads\/2020\/04\/IMG_20190722_110040-1024x768.jpg 1024w, https:\/\/www.noemie-sanson.fr\/wordpress\/wp-content\/uploads\/2020\/04\/IMG_20190722_110040-300x225.jpg 300w, https:\/\/www.noemie-sanson.fr\/wordpress\/wp-content\/uploads\/2020\/04\/IMG_20190722_110040-768x576.jpg 768w, https:\/\/www.noemie-sanson.fr\/wordpress\/wp-content\/uploads\/2020\/04\/IMG_20190722_110040-1536x1152.jpg 1536w, https:\/\/www.noemie-sanson.fr\/wordpress\/wp-content\/uploads\/2020\/04\/IMG_20190722_110040-2048x1536.jpg 2048w\" sizes=\"auto, (max-width: 1024px) 100vw, 1024px\" \/><\/figure><\/li><li class=\"blocks-gallery-item\"><figure><img loading=\"lazy\" decoding=\"async\" width=\"768\" height=\"1024\" src=\"https:\/\/www.noemie-sanson.fr\/wordpress\/wp-content\/uploads\/2020\/04\/IMG_20180723_165507-768x1024.jpg\" alt=\"\" data-id=\"2364\" data-full-url=\"https:\/\/www.noemie-sanson.fr\/wordpress\/wp-content\/uploads\/2020\/04\/IMG_20180723_165507-scaled.jpg\" data-link=\"https:\/\/www.noemie-sanson.fr\/?attachment_id=2364\" class=\"wp-image-2364\" srcset=\"https:\/\/www.noemie-sanson.fr\/wordpress\/wp-content\/uploads\/2020\/04\/IMG_20180723_165507-768x1024.jpg 768w, https:\/\/www.noemie-sanson.fr\/wordpress\/wp-content\/uploads\/2020\/04\/IMG_20180723_165507-225x300.jpg 225w, https:\/\/www.noemie-sanson.fr\/wordpress\/wp-content\/uploads\/2020\/04\/IMG_20180723_165507-1152x1536.jpg 1152w, https:\/\/www.noemie-sanson.fr\/wordpress\/wp-content\/uploads\/2020\/04\/IMG_20180723_165507-1536x2048.jpg 1536w, https:\/\/www.noemie-sanson.fr\/wordpress\/wp-content\/uploads\/2020\/04\/IMG_20180723_165507-scaled.jpg 1920w\" sizes=\"auto, (max-width: 768px) 100vw, 768px\" \/><\/figure><\/li><li class=\"blocks-gallery-item\"><figure><img loading=\"lazy\" decoding=\"async\" width=\"1024\" height=\"768\" src=\"https:\/\/www.noemie-sanson.fr\/wordpress\/wp-content\/uploads\/2020\/04\/IMG_20180723_092354-1024x768.jpg\" alt=\"\" data-id=\"2365\" data-full-url=\"https:\/\/www.noemie-sanson.fr\/wordpress\/wp-content\/uploads\/2020\/04\/IMG_20180723_092354-scaled.jpg\" data-link=\"https:\/\/www.noemie-sanson.fr\/?attachment_id=2365\" class=\"wp-image-2365\" srcset=\"https:\/\/www.noemie-sanson.fr\/wordpress\/wp-content\/uploads\/2020\/04\/IMG_20180723_092354-1024x768.jpg 1024w, https:\/\/www.noemie-sanson.fr\/wordpress\/wp-content\/uploads\/2020\/04\/IMG_20180723_092354-300x225.jpg 300w, https:\/\/www.noemie-sanson.fr\/wordpress\/wp-content\/uploads\/2020\/04\/IMG_20180723_092354-768x576.jpg 768w, https:\/\/www.noemie-sanson.fr\/wordpress\/wp-content\/uploads\/2020\/04\/IMG_20180723_092354-1536x1152.jpg 1536w, https:\/\/www.noemie-sanson.fr\/wordpress\/wp-content\/uploads\/2020\/04\/IMG_20180723_092354-2048x1536.jpg 2048w\" sizes=\"auto, (max-width: 1024px) 100vw, 1024px\" \/><\/figure><\/li><\/ul><\/figure>\n","protected":false},"excerpt":{"rendered":"<p>Le Gobelet d&rsquo;or : une histoire-parcours cont\u00e9e par plusieurs conteuses et conteurs pour les enfants, par Les Petits Chats vont au Mus\u00e9e, au Ch\u00e2teau de Versailles en 2017, 2018 et 2019<\/p>\n","protected":false},"author":2,"featured_media":2364,"parent":169,"menu_order":1,"comment_status":"closed","ping_status":"closed","template":"","meta":{"footnotes":""},"class_list":["post-1815","page","type-page","status-publish","has-post-thumbnail","hentry"],"_links":{"self":[{"href":"https:\/\/www.noemie-sanson.fr\/index.php?rest_route=\/wp\/v2\/pages\/1815","targetHints":{"allow":["GET"]}}],"collection":[{"href":"https:\/\/www.noemie-sanson.fr\/index.php?rest_route=\/wp\/v2\/pages"}],"about":[{"href":"https:\/\/www.noemie-sanson.fr\/index.php?rest_route=\/wp\/v2\/types\/page"}],"author":[{"embeddable":true,"href":"https:\/\/www.noemie-sanson.fr\/index.php?rest_route=\/wp\/v2\/users\/2"}],"replies":[{"embeddable":true,"href":"https:\/\/www.noemie-sanson.fr\/index.php?rest_route=%2Fwp%2Fv2%2Fcomments&post=1815"}],"version-history":[{"count":9,"href":"https:\/\/www.noemie-sanson.fr\/index.php?rest_route=\/wp\/v2\/pages\/1815\/revisions"}],"predecessor-version":[{"id":2414,"href":"https:\/\/www.noemie-sanson.fr\/index.php?rest_route=\/wp\/v2\/pages\/1815\/revisions\/2414"}],"up":[{"embeddable":true,"href":"https:\/\/www.noemie-sanson.fr\/index.php?rest_route=\/wp\/v2\/pages\/169"}],"wp:featuredmedia":[{"embeddable":true,"href":"https:\/\/www.noemie-sanson.fr\/index.php?rest_route=\/wp\/v2\/media\/2364"}],"wp:attachment":[{"href":"https:\/\/www.noemie-sanson.fr\/index.php?rest_route=%2Fwp%2Fv2%2Fmedia&parent=1815"}],"curies":[{"name":"wp","href":"https:\/\/api.w.org\/{rel}","templated":true}]}}