{"id":1959,"date":"2019-03-15T15:19:35","date_gmt":"2019-03-15T13:19:35","guid":{"rendered":"https:\/\/www.noemie-sanson.fr\/?page_id=1959"},"modified":"2024-03-12T17:40:39","modified_gmt":"2024-03-12T15:40:39","slug":"la-danse-de-linvisible","status":"publish","type":"page","link":"https:\/\/www.noemie-sanson.fr\/?page_id=1959","title":{"rendered":"La Danse de l&rsquo;Invisible : historique Partie 1"},"content":{"rendered":"\n<div class=\"wp-block-file is-style-circle-mask\"><a href=\"https:\/\/www.noemie-sanson.fr\/wordpress\/wp-content\/uploads\/2020\/04\/IMG_20190711_135055-768x1024.jpg\" class=\"wp-block-file__button wp-element-button\" download>T\u00e9l\u00e9charger<\/a><\/div>\n\n\n\n<p><\/p>\n\n\n\n<figure class=\"wp-block-image size-full is-style-rounded\"><a href=\"https:\/\/www.noemie-sanson.fr\/wordpress\/wp-content\/uploads\/2024\/03\/IMG-20220621-WA0004-2.jpg\"><img loading=\"lazy\" decoding=\"async\" width=\"1200\" height=\"1600\" src=\"https:\/\/www.noemie-sanson.fr\/wordpress\/wp-content\/uploads\/2024\/03\/IMG-20220621-WA0004-2.jpg\" alt=\"\" class=\"wp-image-3908\" srcset=\"https:\/\/www.noemie-sanson.fr\/wordpress\/wp-content\/uploads\/2024\/03\/IMG-20220621-WA0004-2.jpg 1200w, https:\/\/www.noemie-sanson.fr\/wordpress\/wp-content\/uploads\/2024\/03\/IMG-20220621-WA0004-2-225x300.jpg 225w, https:\/\/www.noemie-sanson.fr\/wordpress\/wp-content\/uploads\/2024\/03\/IMG-20220621-WA0004-2-768x1024.jpg 768w, https:\/\/www.noemie-sanson.fr\/wordpress\/wp-content\/uploads\/2024\/03\/IMG-20220621-WA0004-2-1152x1536.jpg 1152w\" sizes=\"auto, (max-width: 1200px) 100vw, 1200px\" \/><\/a><\/figure>\n\n\n\n<p><\/p>\n\n\n\n<p><\/p>\n\n\n\n<p><strong><em>La danse de l\u2019Invisible, au tout d\u00e9but de l\u2019histoire<\/em><\/strong><\/p>\n\n\n\n<p><br>En 2018, l\u2019Office de Tourisme de La Haye du Puits, situ\u00e9e dans la Manche, m&rsquo;a sollicit\u00e9e pour intervenir le 31 octobre 2018.<br>L\u2019Office souhaitait en effet \u00e0 l\u2019occasion de la p\u00e9riode de la Toussaint, organiser un \u00e9v\u00e8nement autour de son histoire : dans cette petite ville s\u2019est d\u00e9roul\u00e9 l\u2019un des derniers proc\u00e8s en sorcellerie.<\/p>\n\n\n\n<p class=\"has-text-align-center has-background has-medium-font-size\" style=\"background-color:#c41c1c\">Magie Noire, Magie Blanche, la danse des sorci\u00e8res : un appel vers la terre de Normandie et vers les Femmes.<\/p>\n\n\n\n<p><br>A cette sollicitation provenant de sa terre natale, No\u00e9mie a r\u00e9pondu par une double proposition : l\u2019une \u00e0 l\u2019intention du jeune public, avec la cr\u00e9ation des Contes de la Grange Hant\u00e9e<br>(31 octobre 2018), spectacle qui continue de tourner sur les routes de France. L\u2019autre fut la cr\u00e9ation d<strong><em>e Magie noire, magie blanche, la danse des sorci\u00e8res<\/em><\/strong>, \u00e0 destination d\u2019un public adulte, dont la cr\u00e9ation eut lieu le m\u00eame jour.<\/p>\n\n\n\n<p>Un des derniers proc\u00e8s pour sorcellerie a eu lieu en Normandie dans les ann\u00e9es1670, \u00e0 La Haye du Puits.<br>On y a reproch\u00e9 \u00e0 des femmes et des hommes de pratiquer des sabbats, des rassemblements nocturnes entre \u00eatres mal\u00e9fiques autour du bouc noir, sur une petite colline bois\u00e9e nomm\u00e9e Mont Etenclin.<br>Ce proc\u00e8s a \u00e9t\u00e9 relat\u00e9 dans un livre \u00e9crit par un pr\u00eate exorciste de la Manche, Louis Costel (<br>Car ils croyaient br\u00fbler le diable en Normandie , \u00e9d.Sodirel, 1978).<\/p>\n\n\n\n<figure class=\"wp-block-gallery has-nested-images columns-default is-cropped wp-block-gallery-1 is-layout-flex wp-block-gallery-is-layout-flex\">\n<figure class=\"wp-block-image size-large is-style-rounded\"><a href=\"https:\/\/www.noemie-sanson.fr\/wordpress\/wp-content\/uploads\/2024\/03\/Thierry-Houyel-doville-5.jpg\"><img loading=\"lazy\" decoding=\"async\" width=\"800\" height=\"533\" data-id=\"3915\" src=\"https:\/\/www.noemie-sanson.fr\/wordpress\/wp-content\/uploads\/2024\/03\/Thierry-Houyel-doville-5.jpg\" alt=\"\" class=\"wp-image-3915\" srcset=\"https:\/\/www.noemie-sanson.fr\/wordpress\/wp-content\/uploads\/2024\/03\/Thierry-Houyel-doville-5.jpg 800w, https:\/\/www.noemie-sanson.fr\/wordpress\/wp-content\/uploads\/2024\/03\/Thierry-Houyel-doville-5-300x200.jpg 300w, https:\/\/www.noemie-sanson.fr\/wordpress\/wp-content\/uploads\/2024\/03\/Thierry-Houyel-doville-5-768x512.jpg 768w\" sizes=\"auto, (max-width: 800px) 100vw, 800px\" \/><\/a><figcaption class=\"wp-element-caption\">copyright Thierry Houyvel<\/figcaption><\/figure>\n<\/figure>\n\n\n\n<p>Dans ce processus de cr\u00e9ation, No\u00e9mie s\u2019est laiss\u00e9e bercer et inspirer par l\u2019espace sensoriel de ce territoire verdoyant.<br>Marchant parmi les ruines du Mont Castre, parmi la bruy\u00e8re au pied du moulin du Mont de Doville &#8211; les petites montagnes du Clos du Cotentin \u2013 ainsi qu\u2019\u00e0 l\u2019int\u00e9rieur du ch\u00e2teau de Pirou, elle s\u2019est impr\u00e9gn\u00e9e du parfum et de la nature profonde de ce coin de terre aux senteurs myst\u00e9rieuses.<br>Tout en plongeant dans le livre de Louis Costel, No\u00e9mie a cherch\u00e9 dans la terre des contes traditionnels des histoires qui pouvaient entrer en r\u00e9sonance avec cet \u00e9v\u00e8nement tragique si particulier.<\/p>\n\n\n\n<p class=\"has-text-align-center has-white-color has-text-color has-background has-link-color has-medium-font-size wp-elements-6f4dfdd167e22bb7a6b9f3f5c9130701\" style=\"background-color:#c41c1c\">Des histoires fortes o\u00f9 la Parole, sous diff\u00e9rentes formes, joue un r\u00f4le centrale.Des histoires fortes o\u00f9 la Parole, sous diff\u00e9rentes formes, joue un r\u00f4le centrale.<\/p>\n\n\n\n<p>Elle a retenu pour sa racont\u00e9e :<\/p>\n\n\n\n<p><strong><em>Macha la d\u00e9esse aux cheveux rouges<\/em><\/strong>, femme d\u00e9esse de la mythologie celtique irlandaise, dont la pr\u00e9sence fut trahie par son homme Grunnchu, trop bavard, et qui pour se venger de la l\u00e2chet\u00e9 des hommes, lan\u00e7a une mal\u00e9diction sur tous les hommes d\u2019Ulster.<\/p>\n\n\n\n<p><strong><em>Les six cygnes<\/em><\/strong>, , d\u2019apr\u00e8s une version des Fr\u00e8res Grimm, conte dans  lequel une petite fille, pour d\u00e9livrer ses fr\u00e8res ensorcel\u00e9s, devra garder le silence pendant sept ans.<\/p>\n\n\n\n<p><strong><em>Liline la Berg\u00e8re qui savait parler aux plante<\/em><\/strong>, cr\u00e9ation inspir\u00e9e parses escapades sur le territoire.<\/p>\n\n\n\n<p><strong><em>Les oies et le renard<\/em><\/strong>, conte collect\u00e9 par les fr\u00e8res Grimm et dans lequella ruse des oies via leur parole saura surpasser celle du renard.<\/p>\n\n\n\n<p class=\"has-white-color has-text-color has-background has-link-color has-medium-font-size wp-elements-9ecf22fd96ccebe8489b2906642f7ed7\" style=\"background-color:#c41c1c\">Pour cette premi\u00e8re aventure, No\u00e9mie \u00e9tait en compagnie d\u2019Emmanuelle Parrenin, musicienne et artiste de la voix, une femme extra-ordinaire, en lien avec la puissance de la Nature et de la Vie. Emmanuelle l\u2019accompagna \u00e0 la voix et \u00e0 l\u2019\u00e9pinette.<\/p>\n\n\n\n<figure class=\"wp-block-image size-full is-resized is-style-rounded\"><a href=\"https:\/\/www.noemie-sanson.fr\/wordpress\/wp-content\/uploads\/2024\/03\/2000005336562.webp\"><img loading=\"lazy\" decoding=\"async\" width=\"657\" height=\"438\" src=\"https:\/\/www.noemie-sanson.fr\/wordpress\/wp-content\/uploads\/2024\/03\/2000005336562.webp\" alt=\"\" class=\"wp-image-3916\" style=\"width:657px;height:auto\" srcset=\"https:\/\/www.noemie-sanson.fr\/wordpress\/wp-content\/uploads\/2024\/03\/2000005336562.webp 657w, https:\/\/www.noemie-sanson.fr\/wordpress\/wp-content\/uploads\/2024\/03\/2000005336562-300x200.webp 300w\" sizes=\"auto, (max-width: 657px) 100vw, 657px\" \/><\/a><figcaption class=\"wp-element-caption\">En compagnie d&rsquo;Emmanuelle Parrenin <\/figcaption><\/figure>\n","protected":false},"excerpt":{"rendered":"<p>La danse de l\u2019Invisible, au tout d\u00e9but de l\u2019histoire En 2018, l\u2019Office de Tourisme de La Haye du Puits, situ\u00e9e dans la Manche, m&rsquo;a sollicit\u00e9e pour intervenir le 31 octobre 2018.L\u2019Office souhaitait en effet \u00e0 l\u2019occasion de la p\u00e9riode de &hellip; <a href=\"https:\/\/www.noemie-sanson.fr\/?page_id=1959\">Continuer la lecture <span class=\"meta-nav\">&rarr;<\/span><\/a><\/p>\n","protected":false},"author":2,"featured_media":2439,"parent":3910,"menu_order":1,"comment_status":"closed","ping_status":"closed","template":"onecolumn-page.php","meta":{"footnotes":""},"class_list":["post-1959","page","type-page","status-publish","has-post-thumbnail","hentry"],"_links":{"self":[{"href":"https:\/\/www.noemie-sanson.fr\/index.php?rest_route=\/wp\/v2\/pages\/1959","targetHints":{"allow":["GET"]}}],"collection":[{"href":"https:\/\/www.noemie-sanson.fr\/index.php?rest_route=\/wp\/v2\/pages"}],"about":[{"href":"https:\/\/www.noemie-sanson.fr\/index.php?rest_route=\/wp\/v2\/types\/page"}],"author":[{"embeddable":true,"href":"https:\/\/www.noemie-sanson.fr\/index.php?rest_route=\/wp\/v2\/users\/2"}],"replies":[{"embeddable":true,"href":"https:\/\/www.noemie-sanson.fr\/index.php?rest_route=%2Fwp%2Fv2%2Fcomments&post=1959"}],"version-history":[{"count":19,"href":"https:\/\/www.noemie-sanson.fr\/index.php?rest_route=\/wp\/v2\/pages\/1959\/revisions"}],"predecessor-version":[{"id":3917,"href":"https:\/\/www.noemie-sanson.fr\/index.php?rest_route=\/wp\/v2\/pages\/1959\/revisions\/3917"}],"up":[{"embeddable":true,"href":"https:\/\/www.noemie-sanson.fr\/index.php?rest_route=\/wp\/v2\/pages\/3910"}],"wp:featuredmedia":[{"embeddable":true,"href":"https:\/\/www.noemie-sanson.fr\/index.php?rest_route=\/wp\/v2\/media\/2439"}],"wp:attachment":[{"href":"https:\/\/www.noemie-sanson.fr\/index.php?rest_route=%2Fwp%2Fv2%2Fmedia&parent=1959"}],"curies":[{"name":"wp","href":"https:\/\/api.w.org\/{rel}","templated":true}]}}