{"id":2761,"date":"2020-11-23T12:17:06","date_gmt":"2020-11-23T10:17:06","guid":{"rendered":"https:\/\/www.noemie-sanson.fr\/?page_id=2761"},"modified":"2024-03-14T10:51:16","modified_gmt":"2024-03-14T08:51:16","slug":"formation-a-loralite","status":"publish","type":"page","link":"https:\/\/www.noemie-sanson.fr\/?page_id=2761","title":{"rendered":"Stage Contes \u00e0 la source"},"content":{"rendered":"\n<p><\/p>\n\n\n\n<p><\/p>\n\n\n\n<h2 class=\"wp-block-heading\"><strong>Contes \u00e0 la source, \u00e0 la source des contes<\/strong><\/h2>\n\n\n\n<p><\/p>\n\n\n\n<p><strong><em>La<\/em><\/strong> troisi\u00e8me<strong><em> \u00e9dition a eu lieu  du vendredi 5 mai (19h) au dimanche 7 mai 202<\/em><\/strong>3<\/p>\n\n\n\n<p><\/p>\n\n\n\n<figure class=\"wp-block-image size-large\"><a href=\"https:\/\/www.noemie-sanson.fr\/wordpress\/wp-content\/uploads\/2023\/02\/1.jpg\"><img loading=\"lazy\" decoding=\"async\" width=\"724\" height=\"1024\" src=\"https:\/\/www.noemie-sanson.fr\/wordpress\/wp-content\/uploads\/2023\/02\/1-724x1024.jpg\" alt=\"\" class=\"wp-image-3505\" srcset=\"https:\/\/www.noemie-sanson.fr\/wordpress\/wp-content\/uploads\/2023\/02\/1-724x1024.jpg 724w, https:\/\/www.noemie-sanson.fr\/wordpress\/wp-content\/uploads\/2023\/02\/1-212x300.jpg 212w, https:\/\/www.noemie-sanson.fr\/wordpress\/wp-content\/uploads\/2023\/02\/1-768x1086.jpg 768w, https:\/\/www.noemie-sanson.fr\/wordpress\/wp-content\/uploads\/2023\/02\/1-1086x1536.jpg 1086w, https:\/\/www.noemie-sanson.fr\/wordpress\/wp-content\/uploads\/2023\/02\/1-1448x2048.jpg 1448w, https:\/\/www.noemie-sanson.fr\/wordpress\/wp-content\/uploads\/2023\/02\/1.jpg 1587w\" sizes=\"auto, (max-width: 724px) 100vw, 724px\" \/><\/a><\/figure>\n\n\n\n<figure class=\"wp-block-image size-large is-style-default\"><a href=\"https:\/\/www.noemie-sanson.fr\/wordpress\/wp-content\/uploads\/2023\/02\/3.jpg\"><img loading=\"lazy\" decoding=\"async\" width=\"724\" height=\"1024\" src=\"https:\/\/www.noemie-sanson.fr\/wordpress\/wp-content\/uploads\/2023\/02\/3-724x1024.jpg\" alt=\"\" class=\"wp-image-3507\" srcset=\"https:\/\/www.noemie-sanson.fr\/wordpress\/wp-content\/uploads\/2023\/02\/3-724x1024.jpg 724w, https:\/\/www.noemie-sanson.fr\/wordpress\/wp-content\/uploads\/2023\/02\/3-212x300.jpg 212w, https:\/\/www.noemie-sanson.fr\/wordpress\/wp-content\/uploads\/2023\/02\/3-768x1086.jpg 768w, https:\/\/www.noemie-sanson.fr\/wordpress\/wp-content\/uploads\/2023\/02\/3-1086x1536.jpg 1086w, https:\/\/www.noemie-sanson.fr\/wordpress\/wp-content\/uploads\/2023\/02\/3-1448x2048.jpg 1448w, https:\/\/www.noemie-sanson.fr\/wordpress\/wp-content\/uploads\/2023\/02\/3.jpg 1587w\" sizes=\"auto, (max-width: 724px) 100vw, 724px\" \/><\/a><\/figure>\n\n\n\n<figure class=\"wp-block-image size-large is-style-default\"><a href=\"https:\/\/www.noemie-sanson.fr\/wordpress\/wp-content\/uploads\/2023\/02\/2.jpg\"><img loading=\"lazy\" decoding=\"async\" width=\"724\" height=\"1024\" src=\"https:\/\/www.noemie-sanson.fr\/wordpress\/wp-content\/uploads\/2023\/02\/2-724x1024.jpg\" alt=\"\" class=\"wp-image-3506\" srcset=\"https:\/\/www.noemie-sanson.fr\/wordpress\/wp-content\/uploads\/2023\/02\/2-724x1024.jpg 724w, https:\/\/www.noemie-sanson.fr\/wordpress\/wp-content\/uploads\/2023\/02\/2-212x300.jpg 212w, https:\/\/www.noemie-sanson.fr\/wordpress\/wp-content\/uploads\/2023\/02\/2-768x1086.jpg 768w, https:\/\/www.noemie-sanson.fr\/wordpress\/wp-content\/uploads\/2023\/02\/2-1086x1536.jpg 1086w, https:\/\/www.noemie-sanson.fr\/wordpress\/wp-content\/uploads\/2023\/02\/2-1448x2048.jpg 1448w, https:\/\/www.noemie-sanson.fr\/wordpress\/wp-content\/uploads\/2023\/02\/2.jpg 1587w\" sizes=\"auto, (max-width: 724px) 100vw, 724px\" \/><\/a><\/figure>\n\n\n\n<figure class=\"wp-block-image size-large is-style-default\"><a href=\"https:\/\/www.noemie-sanson.fr\/wordpress\/wp-content\/uploads\/2022\/02\/Affiche2022.webp\"><img loading=\"lazy\" decoding=\"async\" width=\"724\" height=\"1024\" src=\"https:\/\/www.noemie-sanson.fr\/wordpress\/wp-content\/uploads\/2022\/02\/Affiche2022-724x1024.webp\" alt=\"\" class=\"wp-image-3348\" srcset=\"https:\/\/www.noemie-sanson.fr\/wordpress\/wp-content\/uploads\/2022\/02\/Affiche2022-724x1024.webp 724w, https:\/\/www.noemie-sanson.fr\/wordpress\/wp-content\/uploads\/2022\/02\/Affiche2022-212x300.webp 212w, https:\/\/www.noemie-sanson.fr\/wordpress\/wp-content\/uploads\/2022\/02\/Affiche2022-768x1086.webp 768w, https:\/\/www.noemie-sanson.fr\/wordpress\/wp-content\/uploads\/2022\/02\/Affiche2022-1086x1536.webp 1086w, https:\/\/www.noemie-sanson.fr\/wordpress\/wp-content\/uploads\/2022\/02\/Affiche2022-1448x2048.webp 1448w, https:\/\/www.noemie-sanson.fr\/wordpress\/wp-content\/uploads\/2022\/02\/Affiche2022.webp 1587w\" sizes=\"auto, (max-width: 724px) 100vw, 724px\" \/><\/a><\/figure>\n\n\n\n<p><\/p>\n\n\n\n<figure class=\"wp-block-image size-full is-resized is-style-rounded\"><a href=\"https:\/\/www.noemie-sanson.fr\/wordpress\/wp-content\/uploads\/2022\/02\/240993972_356387159503651_9027924909657351993_n.jpg\"><img loading=\"lazy\" decoding=\"async\" width=\"651\" height=\"867\" src=\"https:\/\/www.noemie-sanson.fr\/wordpress\/wp-content\/uploads\/2022\/02\/240993972_356387159503651_9027924909657351993_n.jpg\" alt=\"\" class=\"wp-image-3350\" style=\"width:651px;height:867px\" srcset=\"https:\/\/www.noemie-sanson.fr\/wordpress\/wp-content\/uploads\/2022\/02\/240993972_356387159503651_9027924909657351993_n.jpg 651w, https:\/\/www.noemie-sanson.fr\/wordpress\/wp-content\/uploads\/2022\/02\/240993972_356387159503651_9027924909657351993_n-225x300.jpg 225w\" sizes=\"auto, (max-width: 651px) 100vw, 651px\" \/><\/a><figcaption class=\"wp-element-caption\"><strong><em>Premi\u00e8re \u00e9dition  vendredi 4 juin -dimanche 6 juin 2021<\/em><\/strong><\/figcaption><\/figure>\n","protected":false},"excerpt":{"rendered":"<p>Contes \u00e0 la source, \u00e0 la source des contes La troisi\u00e8me \u00e9dition a eu lieu du vendredi 5 mai (19h) au dimanche 7 mai 2023<\/p>\n","protected":false},"author":2,"featured_media":3348,"parent":3076,"menu_order":2,"comment_status":"closed","ping_status":"closed","template":"","meta":{"footnotes":""},"class_list":["post-2761","page","type-page","status-publish","has-post-thumbnail","hentry"],"_links":{"self":[{"href":"https:\/\/www.noemie-sanson.fr\/index.php?rest_route=\/wp\/v2\/pages\/2761","targetHints":{"allow":["GET"]}}],"collection":[{"href":"https:\/\/www.noemie-sanson.fr\/index.php?rest_route=\/wp\/v2\/pages"}],"about":[{"href":"https:\/\/www.noemie-sanson.fr\/index.php?rest_route=\/wp\/v2\/types\/page"}],"author":[{"embeddable":true,"href":"https:\/\/www.noemie-sanson.fr\/index.php?rest_route=\/wp\/v2\/users\/2"}],"replies":[{"embeddable":true,"href":"https:\/\/www.noemie-sanson.fr\/index.php?rest_route=%2Fwp%2Fv2%2Fcomments&post=2761"}],"version-history":[{"count":19,"href":"https:\/\/www.noemie-sanson.fr\/index.php?rest_route=\/wp\/v2\/pages\/2761\/revisions"}],"predecessor-version":[{"id":3993,"href":"https:\/\/www.noemie-sanson.fr\/index.php?rest_route=\/wp\/v2\/pages\/2761\/revisions\/3993"}],"up":[{"embeddable":true,"href":"https:\/\/www.noemie-sanson.fr\/index.php?rest_route=\/wp\/v2\/pages\/3076"}],"wp:featuredmedia":[{"embeddable":true,"href":"https:\/\/www.noemie-sanson.fr\/index.php?rest_route=\/wp\/v2\/media\/3348"}],"wp:attachment":[{"href":"https:\/\/www.noemie-sanson.fr\/index.php?rest_route=%2Fwp%2Fv2%2Fmedia&parent=2761"}],"curies":[{"name":"wp","href":"https:\/\/api.w.org\/{rel}","templated":true}]}}