{"id":2780,"date":"2020-11-29T13:14:41","date_gmt":"2020-11-29T11:14:41","guid":{"rendered":"https:\/\/www.noemie-sanson.fr\/?page_id=2780"},"modified":"2024-03-08T12:26:32","modified_gmt":"2024-03-08T10:26:32","slug":"ma-chaine-you-tube","status":"publish","type":"page","link":"https:\/\/www.noemie-sanson.fr\/?page_id=2780","title":{"rendered":"Ma cha\u00eene You Tube"},"content":{"rendered":"\n<p>Sur ma cha\u00eene Youtube, vous pourrez retrouvez mes petits contes du dimanche, ainsi que des extraits de certains spectacles.<\/p>\n\n\n\n<figure class=\"wp-block-embed is-type-video is-provider-youtube wp-block-embed-youtube wp-embed-aspect-16-9 wp-has-aspect-ratio\"><div class=\"wp-block-embed__wrapper\">\n<iframe loading=\"lazy\" title=\"Comptine confin\u00e9e N\u00b03 : Iro Y\u00e9\" width=\"640\" height=\"360\" src=\"https:\/\/www.youtube.com\/embed\/pBKRjESLVmY?feature=oembed\" frameborder=\"0\" allow=\"accelerometer; autoplay; clipboard-write; encrypted-media; gyroscope; picture-in-picture; web-share\" referrerpolicy=\"strict-origin-when-cross-origin\" allowfullscreen><\/iframe>\n<\/div><figcaption>Les rendez-vous du dimanche et autres extraits (spectacles, histoires&#8230;)<\/figcaption><\/figure>\n\n\n\n<figure class=\"wp-block-embed is-type-video is-provider-youtube wp-block-embed-youtube wp-embed-aspect-16-9 wp-has-aspect-ratio\"><div class=\"wp-block-embed__wrapper\">\n<iframe loading=\"lazy\" title=\"Conte N\u00b05 pour adultes : Corps, C\u0153ur, \u00c2me\" width=\"640\" height=\"360\" src=\"https:\/\/www.youtube.com\/embed\/YcSKjJSeXPU?feature=oembed\" frameborder=\"0\" allow=\"accelerometer; autoplay; clipboard-write; encrypted-media; gyroscope; picture-in-picture; web-share\" referrerpolicy=\"strict-origin-when-cross-origin\" allowfullscreen><\/iframe>\n<\/div><\/figure>\n\n\n\n<figure class=\"wp-block-embed is-type-video is-provider-youtube wp-block-embed-youtube wp-embed-aspect-16-9 wp-has-aspect-ratio\"><div class=\"wp-block-embed__wrapper\">\n<iframe loading=\"lazy\" title=\"Intercambio de Historias comemora o 10o encontro com Noemie Sanson\" width=\"640\" height=\"360\" src=\"https:\/\/www.youtube.com\/embed\/LqA-Lf1y_CI?feature=oembed\" frameborder=\"0\" allow=\"accelerometer; autoplay; clipboard-write; encrypted-media; gyroscope; picture-in-picture; web-share\" referrerpolicy=\"strict-origin-when-cross-origin\" allowfullscreen><\/iframe>\n<\/div><figcaption>Sandra Maurami Lidanay\u00ea et Ma\u00efco Santas Silveira, conteuse et conteur br\u00e9silien ont organis\u00e9 des rencontres d&rsquo;histoires entre conteurs.<br>J&rsquo;ai particip\u00e9 \u00e0 leur premi\u00e8re vid\u00e9o, avec le conte inuit La Femme Squelette.<\/figcaption><\/figure>\n\n\n\n<figure class=\"wp-block-embed is-type-video is-provider-youtube wp-block-embed-youtube wp-embed-aspect-16-9 wp-has-aspect-ratio\"><div class=\"wp-block-embed__wrapper\">\n<iframe loading=\"lazy\" title=\"Conte N\u00b0 3 : P&#039;tit Cochon, Rocky, Feu qui br\u00fble et Compagnie !\" width=\"640\" height=\"360\" src=\"https:\/\/www.youtube.com\/embed\/5lr5BEnhUJc?feature=oembed\" frameborder=\"0\" allow=\"accelerometer; autoplay; clipboard-write; encrypted-media; gyroscope; picture-in-picture; web-share\" referrerpolicy=\"strict-origin-when-cross-origin\" allowfullscreen><\/iframe>\n<\/div><\/figure>\n\n\n\n<figure class=\"wp-block-embed is-type-video is-provider-youtube wp-block-embed-youtube wp-embed-aspect-16-9 wp-has-aspect-ratio\"><div class=\"wp-block-embed__wrapper\">\n<iframe loading=\"lazy\" title=\"Comptine confin\u00e9e N\u00b0 2 Les papillons\" width=\"640\" height=\"360\" src=\"https:\/\/www.youtube.com\/embed\/5T3kc5a3bJU?feature=oembed\" frameborder=\"0\" allow=\"accelerometer; autoplay; clipboard-write; encrypted-media; gyroscope; picture-in-picture; web-share\" referrerpolicy=\"strict-origin-when-cross-origin\" allowfullscreen><\/iframe>\n<\/div><\/figure>\n\n\n\n<p><\/p>\n\n\n\n<figure class=\"wp-block-embed is-type-video is-provider-youtube wp-block-embed-youtube wp-embed-aspect-16-9 wp-has-aspect-ratio\"><div class=\"wp-block-embed__wrapper\">\n<iframe loading=\"lazy\" title=\"Petit conte du dimanche N\u00b0 1 : Quoi faire ?\" width=\"640\" height=\"360\" src=\"https:\/\/www.youtube.com\/embed\/2Mqp_YKYeRY?feature=oembed\" frameborder=\"0\" allow=\"accelerometer; autoplay; clipboard-write; encrypted-media; gyroscope; picture-in-picture; web-share\" referrerpolicy=\"strict-origin-when-cross-origin\" allowfullscreen><\/iframe>\n<\/div><\/figure>\n\n\n\n<p>Extrait spectacle : Contes en Lumi\u00e8re (et en musique) avec Joao Gonzalez Gracio : <a href=\"https:\/\/www.youtube.com\/watch?v=lS6F4nAe2P0&#038;ab_channel=no%C3%A9mieSansonconteusesurlesroutes\" data-type=\"URL\" data-id=\"https:\/\/www.youtube.com\/watch?v=lS6F4nAe2P0&#038;ab_channel=no%C3%A9mieSansonconteusesurlesroutes\">https:\/\/www.youtube.com\/watch?v=lS6F4nAe2P0&#038;ab_channel=no%C3%A9mieSansonconteusesurlesroutes<\/a><\/p>\n","protected":false},"excerpt":{"rendered":"<p>Sur ma cha\u00eene Youtube, vous pourrez retrouvez mes petits contes du dimanche, ainsi que des extraits de certains spectacles. Extrait spectacle : Contes en Lumi\u00e8re (et en musique) avec Joao Gonzalez Gracio : https:\/\/www.youtube.com\/watch?v=lS6F4nAe2P0&#038;ab_channel=no%C3%A9mieSansonconteusesurlesroutes<\/p>\n","protected":false},"author":2,"featured_media":0,"parent":3822,"menu_order":2,"comment_status":"closed","ping_status":"closed","template":"","meta":{"footnotes":""},"class_list":["post-2780","page","type-page","status-publish","hentry"],"_links":{"self":[{"href":"https:\/\/www.noemie-sanson.fr\/index.php?rest_route=\/wp\/v2\/pages\/2780","targetHints":{"allow":["GET"]}}],"collection":[{"href":"https:\/\/www.noemie-sanson.fr\/index.php?rest_route=\/wp\/v2\/pages"}],"about":[{"href":"https:\/\/www.noemie-sanson.fr\/index.php?rest_route=\/wp\/v2\/types\/page"}],"author":[{"embeddable":true,"href":"https:\/\/www.noemie-sanson.fr\/index.php?rest_route=\/wp\/v2\/users\/2"}],"replies":[{"embeddable":true,"href":"https:\/\/www.noemie-sanson.fr\/index.php?rest_route=%2Fwp%2Fv2%2Fcomments&post=2780"}],"version-history":[{"count":6,"href":"https:\/\/www.noemie-sanson.fr\/index.php?rest_route=\/wp\/v2\/pages\/2780\/revisions"}],"predecessor-version":[{"id":3275,"href":"https:\/\/www.noemie-sanson.fr\/index.php?rest_route=\/wp\/v2\/pages\/2780\/revisions\/3275"}],"up":[{"embeddable":true,"href":"https:\/\/www.noemie-sanson.fr\/index.php?rest_route=\/wp\/v2\/pages\/3822"}],"wp:attachment":[{"href":"https:\/\/www.noemie-sanson.fr\/index.php?rest_route=%2Fwp%2Fv2%2Fmedia&parent=2780"}],"curies":[{"name":"wp","href":"https:\/\/api.w.org\/{rel}","templated":true}]}}