{"id":2862,"date":"2021-09-24T12:11:28","date_gmt":"2021-09-24T10:11:28","guid":{"rendered":"https:\/\/www.noemie-sanson.fr\/?page_id=2862"},"modified":"2024-03-08T12:32:42","modified_gmt":"2024-03-08T10:32:42","slug":"la-farandole-des-contes","status":"publish","type":"page","link":"https:\/\/www.noemie-sanson.fr\/?page_id=2862","title":{"rendered":"La Farandole des contes ( enfants de 3 \u00e0 6 ans)"},"content":{"rendered":"\n<figure class=\"wp-block-image size-large\"><a href=\"https:\/\/www.noemie-sanson.fr\/wordpress\/wp-content\/uploads\/2023\/02\/La-farandole-des-contes.png\"><img loading=\"lazy\" decoding=\"async\" width=\"724\" height=\"1024\" src=\"https:\/\/www.noemie-sanson.fr\/wordpress\/wp-content\/uploads\/2023\/02\/La-farandole-des-contes-724x1024.png\" alt=\"\" class=\"wp-image-3520\" srcset=\"https:\/\/www.noemie-sanson.fr\/wordpress\/wp-content\/uploads\/2023\/02\/La-farandole-des-contes-724x1024.png 724w, https:\/\/www.noemie-sanson.fr\/wordpress\/wp-content\/uploads\/2023\/02\/La-farandole-des-contes-212x300.png 212w, https:\/\/www.noemie-sanson.fr\/wordpress\/wp-content\/uploads\/2023\/02\/La-farandole-des-contes-768x1086.png 768w, https:\/\/www.noemie-sanson.fr\/wordpress\/wp-content\/uploads\/2023\/02\/La-farandole-des-contes-1086x1536.png 1086w, https:\/\/www.noemie-sanson.fr\/wordpress\/wp-content\/uploads\/2023\/02\/La-farandole-des-contes-1448x2048.png 1448w, https:\/\/www.noemie-sanson.fr\/wordpress\/wp-content\/uploads\/2023\/02\/La-farandole-des-contes.png 1587w\" sizes=\"auto, (max-width: 724px) 100vw, 724px\" \/><\/a><\/figure>\n\n\n\n<p class=\"has-text-align-center\"><strong>Sept<\/strong> <strong>petits f\u00e9es sont cach\u00e9es<\/strong> <\/p>\n\n\n\n<p class=\"has-text-align-center\"><strong>Dans un grand grenier.<\/strong><\/p>\n\n\n\n<p class=\"has-text-align-center\"><strong>Personne le les voit<\/strong><\/p>\n\n\n\n<p class=\"has-text-align-center\"><strong>Mais elles sont bien l\u00e0.<\/strong><\/p>\n\n\n\n<p class=\"has-text-align-center\"><strong>Quand la nuit tombe<\/strong><\/p>\n\n\n\n<p class=\"has-text-align-center\"><strong>Que tout est sombre<\/strong><\/p>\n\n\n\n<p class=\"has-text-align-center\"><strong>Elles se laissent glisser<\/strong><\/p>\n\n\n\n<p class=\"has-text-align-center\"><strong>Sur la rampe de l&rsquo;escalier<\/strong><\/p>\n\n\n\n<p class=\"has-text-align-center\"><strong>Pour aller s&rsquo;amuser<\/strong><\/p>\n\n\n\n<p class=\"has-text-align-center\"><strong>Tout pr\u00e8s de la chemin\u00e9e.<\/strong><\/p>\n\n\n\n<p class=\"has-text-align-center\"><strong>Une poudr\u00e9e de merveilles<\/strong><\/p>\n\n\n\n<p class=\"has-text-align-center\"><strong>Un zest d&rsquo;animaux rigolos<\/strong><\/p>\n\n\n\n<p class=\"has-text-align-center\"><strong>Une poign\u00e9e de ritournelles<\/strong><\/p>\n\n\n\n<p class=\"has-text-align-center\"><strong>Voil\u00e0 la recette des f\u00e9es dans ce monde enchant\u00e9.<\/strong><\/p>\n\n\n<div class=\"wp-block-image is-style-default\">\n<figure class=\"aligncenter size-large\"><a href=\"https:\/\/www.noemie-sanson.fr\/wordpress\/wp-content\/uploads\/2023\/02\/1664892350046.jpg\"><img loading=\"lazy\" decoding=\"async\" width=\"1024\" height=\"768\" src=\"https:\/\/www.noemie-sanson.fr\/wordpress\/wp-content\/uploads\/2023\/02\/1664892350046-1024x768.jpg\" alt=\"\" class=\"wp-image-3522\" srcset=\"https:\/\/www.noemie-sanson.fr\/wordpress\/wp-content\/uploads\/2023\/02\/1664892350046-1024x768.jpg 1024w, https:\/\/www.noemie-sanson.fr\/wordpress\/wp-content\/uploads\/2023\/02\/1664892350046-300x225.jpg 300w, https:\/\/www.noemie-sanson.fr\/wordpress\/wp-content\/uploads\/2023\/02\/1664892350046-768x576.jpg 768w, https:\/\/www.noemie-sanson.fr\/wordpress\/wp-content\/uploads\/2023\/02\/1664892350046-1536x1152.jpg 1536w, https:\/\/www.noemie-sanson.fr\/wordpress\/wp-content\/uploads\/2023\/02\/1664892350046.jpg 1600w\" sizes=\"auto, (max-width: 1024px) 100vw, 1024px\" \/><\/a><figcaption class=\"wp-element-caption\">La Farandole des contes, m\u00e9diath\u00e8que d&rsquo;Illiers Combray octobre 2021<\/figcaption><\/figure>\n<\/div>\n\n\n<p class=\"has-text-align-center\"><strong><br><em>No\u00e9mie s&rsquo;amuse \u00e0 raconter des histoires en faisant participer petits et grands.<\/em><\/strong><\/p>\n\n\n\n<p class=\"has-text-align-center\"><strong><em>Venez vous amuser avec elle, elle vous attend !<\/em><\/strong><\/p>\n\n\n\n<p class=\"has-text-align-center\"><strong><em>Un spectacle pour les enfants de 3 \u00e0 6 ans.<\/em><\/strong><\/p>\n\n\n\n<p><\/p>\n\n\n\n<p class=\"has-blue-color has-light-gray-background-color has-text-color has-background has-medium-font-size\"><strong>Voici le dossier de pr\u00e9sentation : <\/strong><\/p>\n\n\n\n<div data-wp-interactive=\"core\/file\" class=\"wp-block-file\"><object data-wp-bind--hidden=\"!state.hasPdfPreview\" hidden class=\"wp-block-file__embed\" data=\"https:\/\/www.noemie-sanson.fr\/wordpress\/wp-content\/uploads\/2023\/09\/La-Farandole-des-contes.pdf\" type=\"application\/pdf\" style=\"width:100%;height:600px\" aria-label=\"Contenu embarqu\u00e9 La-Farandole-des-contes.\"><\/object><a id=\"wp-block-file--media-c2e29a77-1691-464f-8b0e-5de9ef501251\" href=\"https:\/\/www.noemie-sanson.fr\/wordpress\/wp-content\/uploads\/2023\/09\/La-Farandole-des-contes.pdf\">La-Farandole-des-contes<\/a><a href=\"https:\/\/www.noemie-sanson.fr\/wordpress\/wp-content\/uploads\/2023\/09\/La-Farandole-des-contes.pdf\" class=\"wp-block-file__button wp-element-button\" download aria-describedby=\"wp-block-file--media-c2e29a77-1691-464f-8b0e-5de9ef501251\">T\u00e9l\u00e9charger<\/a><\/div>\n\n\n<div class=\"wp-block-image\">\n<figure class=\"aligncenter size-large\"><a href=\"https:\/\/www.noemie-sanson.fr\/wordpress\/wp-content\/uploads\/2023\/02\/IMG_20220717_114817_787-scaled.jpg\"><img loading=\"lazy\" decoding=\"async\" width=\"1024\" height=\"768\" src=\"https:\/\/www.noemie-sanson.fr\/wordpress\/wp-content\/uploads\/2023\/02\/IMG_20220717_114817_787-1024x768.jpg\" alt=\"\" class=\"wp-image-3524\" srcset=\"https:\/\/www.noemie-sanson.fr\/wordpress\/wp-content\/uploads\/2023\/02\/IMG_20220717_114817_787-1024x768.jpg 1024w, https:\/\/www.noemie-sanson.fr\/wordpress\/wp-content\/uploads\/2023\/02\/IMG_20220717_114817_787-300x225.jpg 300w, https:\/\/www.noemie-sanson.fr\/wordpress\/wp-content\/uploads\/2023\/02\/IMG_20220717_114817_787-768x576.jpg 768w, https:\/\/www.noemie-sanson.fr\/wordpress\/wp-content\/uploads\/2023\/02\/IMG_20220717_114817_787-1536x1152.jpg 1536w, https:\/\/www.noemie-sanson.fr\/wordpress\/wp-content\/uploads\/2023\/02\/IMG_20220717_114817_787-2048x1536.jpg 2048w\" sizes=\"auto, (max-width: 1024px) 100vw, 1024px\" \/><\/a><\/figure>\n<\/div>\n\n<div class=\"wp-block-image is-style-default\">\n<figure class=\"aligncenter size-full\"><a href=\"https:\/\/www.noemie-sanson.fr\/wordpress\/wp-content\/uploads\/2022\/01\/Lafarandole-1.jpg\"><img loading=\"lazy\" decoding=\"async\" width=\"666\" height=\"822\" src=\"https:\/\/www.noemie-sanson.fr\/wordpress\/wp-content\/uploads\/2022\/01\/Lafarandole-1.jpg\" alt=\"\" class=\"wp-image-3054\" srcset=\"https:\/\/www.noemie-sanson.fr\/wordpress\/wp-content\/uploads\/2022\/01\/Lafarandole-1.jpg 666w, https:\/\/www.noemie-sanson.fr\/wordpress\/wp-content\/uploads\/2022\/01\/Lafarandole-1-243x300.jpg 243w\" sizes=\"auto, (max-width: 666px) 100vw, 666px\" \/><\/a><\/figure>\n<\/div>\n\n\n<figure class=\"wp-block-gallery has-nested-images columns-default is-cropped wp-block-gallery-1 is-layout-flex wp-block-gallery-is-layout-flex\">\n<figure class=\"wp-block-image size-large\"><a href=\"https:\/\/www.noemie-sanson.fr\/wordpress\/wp-content\/uploads\/2023\/02\/1672996110858.jpg\"><img decoding=\"async\" data-id=\"3525\" src=\"https:\/\/www.noemie-sanson.fr\/wordpress\/wp-content\/uploads\/2023\/02\/1672996110858-1024x576.jpg\" alt=\"\" class=\"wp-image-3525\"\/><\/a><\/figure>\n<\/figure>\n","protected":false},"excerpt":{"rendered":"<p>Sept petits f\u00e9es sont cach\u00e9es Dans un grand grenier. Personne le les voit Mais elles sont bien l\u00e0. Quand la nuit tombe Que tout est sombre Elles se laissent glisser Sur la rampe de l&rsquo;escalier Pour aller s&rsquo;amuser Tout pr\u00e8s &hellip; <a href=\"https:\/\/www.noemie-sanson.fr\/?page_id=2862\">Continuer la lecture <span class=\"meta-nav\">&rarr;<\/span><\/a><\/p>\n","protected":false},"author":2,"featured_media":3525,"parent":3829,"menu_order":1,"comment_status":"closed","ping_status":"closed","template":"","meta":{"footnotes":""},"class_list":["post-2862","page","type-page","status-publish","has-post-thumbnail","hentry"],"_links":{"self":[{"href":"https:\/\/www.noemie-sanson.fr\/index.php?rest_route=\/wp\/v2\/pages\/2862","targetHints":{"allow":["GET"]}}],"collection":[{"href":"https:\/\/www.noemie-sanson.fr\/index.php?rest_route=\/wp\/v2\/pages"}],"about":[{"href":"https:\/\/www.noemie-sanson.fr\/index.php?rest_route=\/wp\/v2\/types\/page"}],"author":[{"embeddable":true,"href":"https:\/\/www.noemie-sanson.fr\/index.php?rest_route=\/wp\/v2\/users\/2"}],"replies":[{"embeddable":true,"href":"https:\/\/www.noemie-sanson.fr\/index.php?rest_route=%2Fwp%2Fv2%2Fcomments&post=2862"}],"version-history":[{"count":15,"href":"https:\/\/www.noemie-sanson.fr\/index.php?rest_route=\/wp\/v2\/pages\/2862\/revisions"}],"predecessor-version":[{"id":3739,"href":"https:\/\/www.noemie-sanson.fr\/index.php?rest_route=\/wp\/v2\/pages\/2862\/revisions\/3739"}],"up":[{"embeddable":true,"href":"https:\/\/www.noemie-sanson.fr\/index.php?rest_route=\/wp\/v2\/pages\/3829"}],"wp:featuredmedia":[{"embeddable":true,"href":"https:\/\/www.noemie-sanson.fr\/index.php?rest_route=\/wp\/v2\/media\/3525"}],"wp:attachment":[{"href":"https:\/\/www.noemie-sanson.fr\/index.php?rest_route=%2Fwp%2Fv2%2Fmedia&parent=2862"}],"curies":[{"name":"wp","href":"https:\/\/api.w.org\/{rel}","templated":true}]}}