{"id":2957,"date":"2022-01-11T19:19:59","date_gmt":"2022-01-11T17:19:59","guid":{"rendered":"https:\/\/www.noemie-sanson.fr\/?page_id=2957"},"modified":"2024-03-08T12:22:29","modified_gmt":"2024-03-08T10:22:29","slug":"recits-argentiques-d-a-catherine-et-remy-fonder","status":"publish","type":"page","link":"https:\/\/www.noemie-sanson.fr\/?page_id=2957","title":{"rendered":"R\u00e9cits Argentiques, une galerie-spectacle \u00e9ph\u00e9m\u00e8re"},"content":{"rendered":"\n<p><\/p>\n\n\n\n<p class=\"has-text-align-center has-text-color\" style=\"color:#787098\"><em><span style=\"color:#0700a3\" class=\"has-inline-color\">Photographier c&rsquo;est prendre le temps de contempler, d&rsquo;\u00eatre curieux du monde, de se laisser surprendre, \u00e9mouvoir, amuser&#8230;<\/span><\/em><\/p>\n\n\n\n<p><\/p>\n\n\n\n<figure class=\"wp-block-gallery columns-1 wp-block-gallery-1 is-layout-flex wp-block-gallery-is-layout-flex\"><ul class=\"blocks-gallery-grid\"><li class=\"blocks-gallery-item\"><figure><a href=\"https:\/\/www.noemie-sanson.fr\/wordpress\/wp-content\/uploads\/2022\/01\/Recits-argentiquestrio.jpg\"><img loading=\"lazy\" decoding=\"async\" width=\"902\" height=\"902\" src=\"https:\/\/www.noemie-sanson.fr\/wordpress\/wp-content\/uploads\/2022\/01\/Recits-argentiquestrio.jpg\" alt=\"\" data-id=\"2947\" data-full-url=\"https:\/\/www.noemie-sanson.fr\/wordpress\/wp-content\/uploads\/2022\/01\/Recits-argentiquestrio.jpg\" data-link=\"https:\/\/www.noemie-sanson.fr\/?attachment_id=2947\" class=\"wp-image-2947\" srcset=\"https:\/\/www.noemie-sanson.fr\/wordpress\/wp-content\/uploads\/2022\/01\/Recits-argentiquestrio.jpg 902w, https:\/\/www.noemie-sanson.fr\/wordpress\/wp-content\/uploads\/2022\/01\/Recits-argentiquestrio-300x300.jpg 300w, https:\/\/www.noemie-sanson.fr\/wordpress\/wp-content\/uploads\/2022\/01\/Recits-argentiquestrio-150x150.jpg 150w, https:\/\/www.noemie-sanson.fr\/wordpress\/wp-content\/uploads\/2022\/01\/Recits-argentiquestrio-768x768.jpg 768w\" sizes=\"auto, (max-width: 902px) 100vw, 902px\" \/><\/a><\/figure><\/li><\/ul><figcaption class=\"blocks-gallery-caption\"><strong>Catherine et R\u00e9my Fonder, direction artistique<\/strong><br><strong> No\u00e9mie Sanson, co-mise en voix<\/strong><\/figcaption><\/figure>\n\n\n\n<p><\/p>\n\n\n\n<p class=\"has-text-align-center\"> <strong>R\u00e9my Fonder<\/strong>, passionn\u00e9 de photographie argentique, saisit sur pellicules paysages et portraits, parfois superpos\u00e9s. Il les d\u00e9veloppe et choisit ceux qui seront tir\u00e9s sur papier. <\/p>\n\n\n\n<p class=\"has-text-align-center\">Si l\u2019acte photographique est souvent solitaire, une fois d\u00e9velopp\u00e9s R\u00e9my ne pense qu\u2019\u00e0 partager ses clich\u00e9s, les offrir \u00e0 d\u2019autres yeux curieux, surpris, \u00e9mus, amus\u00e9s, songeurs\u2026<\/p>\n\n\n\n<p class=\"has-text-align-center\"><br>Depuis 2011, R\u00e9my Fonder est membre du Forum photo d\u00e9di\u00e9 \u00e0 l\u2019argentique : 3 5mmcompact.com. Au sein de ce forum, il participe \u00e0 des \u00e9changes, rencontres, entraides \u00e0 la r\u00e9paration d\u2019appareils anciens ou de collection, projets collectifs divers :<\/p>\n\n\n\n<p class=\"has-text-align-center\"><br>\uf02d \u00ab <em>S\u00e9rendipit\u00e9 <\/em>\u00bb : accompagnement du projet de fin d\u2019\u00e9tudes d\u2019une \u00e9tudiante en arts<br>graphiques \u00e0 l&rsquo;E.S.A.G. Penninghen \u00e0 Paris (\u00c9cole de direction artistique et d&rsquo;architecture int\u00e9rieure).<\/p>\n\n\n\n<p class=\"has-text-align-center\"><br>\uf02d \u00ab <em>La Cha\u00eene<\/em> \u00bb : cadavre exquis d\u2019images imbriqu\u00e9es, r\u00e9alis\u00e9 sur plusieurs ann\u00e9es.<br>Exposition d\u2019une trentaine d\u2019images en Belgique, Canada, France.<\/p>\n\n\n\n<p class=\"has-text-align-center\"><br>\uf02d \u00ab <em>World Wilde Tour<\/em> \u00bb : Jeu de circulation d\u2019un appareil photo contenant un film de<br>36 poses. 36 photographes pour 36 portraits. L\u2019appareil a circul\u00e9 en Belgique, au<br>Canada, aux \u00c9tats-Unis, en France, en Islande, au Japon, en Suisse. S\u2019en est suivi<br>une exposition virtuelle sur le forum.<\/p>\n\n\n\n<p class=\"has-text-align-center\"><strong><em>R\u00e9cits Argentiques <\/em><\/strong>int\u00e8gre, avec leur accord, des photographies de certains membres du forum.<\/p>\n\n\n\n<div class=\"wp-block-image\"><figure class=\"aligncenter size-large\"><a href=\"https:\/\/www.noemie-sanson.fr\/wordpress\/wp-content\/uploads\/2022\/01\/Recits-argentiques1-Bourdeaux-20210805-1.jpg\"><img loading=\"lazy\" decoding=\"async\" width=\"1024\" height=\"1024\" src=\"https:\/\/www.noemie-sanson.fr\/wordpress\/wp-content\/uploads\/2022\/01\/Recits-argentiques1-Bourdeaux-20210805-1-1024x1024.jpg\" alt=\"\" class=\"wp-image-3003\" srcset=\"https:\/\/www.noemie-sanson.fr\/wordpress\/wp-content\/uploads\/2022\/01\/Recits-argentiques1-Bourdeaux-20210805-1-1024x1024.jpg 1024w, https:\/\/www.noemie-sanson.fr\/wordpress\/wp-content\/uploads\/2022\/01\/Recits-argentiques1-Bourdeaux-20210805-1-300x300.jpg 300w, https:\/\/www.noemie-sanson.fr\/wordpress\/wp-content\/uploads\/2022\/01\/Recits-argentiques1-Bourdeaux-20210805-1-150x150.jpg 150w, https:\/\/www.noemie-sanson.fr\/wordpress\/wp-content\/uploads\/2022\/01\/Recits-argentiques1-Bourdeaux-20210805-1-768x768.jpg 768w, https:\/\/www.noemie-sanson.fr\/wordpress\/wp-content\/uploads\/2022\/01\/Recits-argentiques1-Bourdeaux-20210805-1.jpg 1200w\" sizes=\"auto, (max-width: 1024px) 100vw, 1024px\" \/><\/a><\/figure><\/div>\n\n\n\n<p><\/p>\n\n\n\n<p class=\"has-text-align-center has-text-color\" style=\"color:#716da9\">\u00ab <em><strong>C\u2019est la photo qui nous prend<\/strong><\/em> \u00bb<br>disait le photographe Henri Cartier Bresson<br>(1908-2004)<\/p>\n\n\n\n<p class=\"has-text-align-center\"><br>Nous proposons aux spectateurs de prendre le temps, ce temps o\u00f9 l&rsquo;on se laisse happer<br>par l\u2019image.<br>Une image ne laisse jamais indiff\u00e9rent. Elle aura, \u00e0 l\u2019un ou \u00e0 l\u2019autre, quelque chose \u00e0 raconter. Chacun peut y trouver une histoire en \u00e9cho \u00e0 la sienne.<\/p>\n\n\n\n<p class=\"has-text-align-center\"><br><strong>Pour une conteuse ou un conteur, une image est tel un coffre \u00e0 tr\u00e9sors<\/strong>. <\/p>\n\n\n\n<p class=\"has-text-align-center\">Lorsqu&rsquo;il plonge \u00e0 l&rsquo;int\u00e9rieur, l&rsquo;imaginaire l&rsquo;envahit, nourri de souvenirs et d&rsquo;histoires, qui ne cherchent qu&rsquo;\u00e0 ressurgir. Qu&rsquo;il l&rsquo;invente ou qu&rsquo;il la puise dans le r\u00e9pertoire universel, l&rsquo;une de ces histoires pointe son nez \u00e0 la surface.<\/p>\n\n\n\n<p class=\"has-text-align-center\"><br>Certains disent m\u00eame : Ce n\u2019est pas le conteur qui choisit l\u2019histoire, c\u2019est l\u2019histoire qui le choisit.<\/p>\n\n\n\n<p class=\"has-text-align-center\"><br>Afin d&rsquo;ouvrir les portes de l&rsquo;imaginaire, <strong>R\u00e9my Fonder s&rsquo;est associ\u00e9 \u00e0 deux<br>conteuses, Catherine Fonder et No\u00e9mie Sanson.<\/strong><\/p>\n\n\n\n<p class=\"has-text-align-center\"><br>Chacune avec son univers, ses r\u00eaves, s\u2019est plong\u00e9e dans les images propos\u00e9es pour emmener le public en voyage, le temps d&rsquo;une balade au sein de cette galerie d&rsquo;art \u00e9ph\u00e9m\u00e8re<br>et hors du commun.<\/p>\n\n\n\n<p class=\"has-text-align-center has-text-color\" style=\"color:#945fc9\">Il est fort probable que les spectateurs repartiront le regard enrichi d\u2019une multitude d\u2019interpr\u00e9tations nourrissant leur chemin.<\/p>\n\n\n\n<figure class=\"wp-block-gallery columns-2 is-cropped wp-block-gallery-2 is-layout-flex wp-block-gallery-is-layout-flex\"><ul class=\"blocks-gallery-grid\"><li class=\"blocks-gallery-item\"><figure><a href=\"https:\/\/www.noemie-sanson.fr\/wordpress\/wp-content\/uploads\/2022\/01\/20210706_172848-1024x1024.jpg\"><img loading=\"lazy\" decoding=\"async\" width=\"1024\" height=\"1024\" src=\"https:\/\/www.noemie-sanson.fr\/wordpress\/wp-content\/uploads\/2022\/01\/20210706_172848-1024x1024.jpg\" alt=\"\" data-id=\"3013\" data-link=\"https:\/\/www.noemie-sanson.fr\/?attachment_id=3013\" class=\"wp-image-3013\" srcset=\"https:\/\/www.noemie-sanson.fr\/wordpress\/wp-content\/uploads\/2022\/01\/20210706_172848-1024x1024.jpg 1024w, https:\/\/www.noemie-sanson.fr\/wordpress\/wp-content\/uploads\/2022\/01\/20210706_172848-300x300.jpg 300w, https:\/\/www.noemie-sanson.fr\/wordpress\/wp-content\/uploads\/2022\/01\/20210706_172848-150x150.jpg 150w, https:\/\/www.noemie-sanson.fr\/wordpress\/wp-content\/uploads\/2022\/01\/20210706_172848-768x768.jpg 768w, https:\/\/www.noemie-sanson.fr\/wordpress\/wp-content\/uploads\/2022\/01\/20210706_172848-1536x1536.jpg 1536w, https:\/\/www.noemie-sanson.fr\/wordpress\/wp-content\/uploads\/2022\/01\/20210706_172848-2048x2048.jpg 2048w\" sizes=\"auto, (max-width: 1024px) 100vw, 1024px\" \/><\/a><\/figure><\/li><li class=\"blocks-gallery-item\"><figure><a href=\"https:\/\/www.noemie-sanson.fr\/wordpress\/wp-content\/uploads\/2022\/01\/20210706_173023.jpg\"><img decoding=\"async\" src=\"https:\/\/www.noemie-sanson.fr\/wordpress\/wp-content\/uploads\/2022\/01\/20210706_173023.jpg\" alt=\"\" data-id=\"3088\" data-full-url=\"https:\/\/www.noemie-sanson.fr\/wordpress\/wp-content\/uploads\/2022\/01\/20210706_173023.jpg\" data-link=\"https:\/\/www.noemie-sanson.fr\/?attachment_id=3088\" class=\"wp-image-3088\"\/><\/a><\/figure><\/li><\/ul><\/figure>\n\n\n\n<figure class=\"wp-block-image size-large\"><a href=\"https:\/\/www.noemie-sanson.fr\/wordpress\/wp-content\/uploads\/2022\/01\/Recits-argentiques4-Bourdeaux-20210805-1.jpg\"><img loading=\"lazy\" decoding=\"async\" width=\"1024\" height=\"768\" src=\"https:\/\/www.noemie-sanson.fr\/wordpress\/wp-content\/uploads\/2022\/01\/Recits-argentiques4-Bourdeaux-20210805-1-1024x768.jpg\" alt=\"\" class=\"wp-image-3007\" srcset=\"https:\/\/www.noemie-sanson.fr\/wordpress\/wp-content\/uploads\/2022\/01\/Recits-argentiques4-Bourdeaux-20210805-1-1024x768.jpg 1024w, https:\/\/www.noemie-sanson.fr\/wordpress\/wp-content\/uploads\/2022\/01\/Recits-argentiques4-Bourdeaux-20210805-1-300x225.jpg 300w, https:\/\/www.noemie-sanson.fr\/wordpress\/wp-content\/uploads\/2022\/01\/Recits-argentiques4-Bourdeaux-20210805-1-768x576.jpg 768w, https:\/\/www.noemie-sanson.fr\/wordpress\/wp-content\/uploads\/2022\/01\/Recits-argentiques4-Bourdeaux-20210805-1.jpg 1200w\" sizes=\"auto, (max-width: 1024px) 100vw, 1024px\" \/><\/a><\/figure>\n\n\n\n<p><\/p>\n\n\n\n<p class=\"has-text-align-left\"><strong>LA GALERIE-SPECTACLE EST PASS\u00c9E PAR\u2026<br>Festival des Nouvelles du conte, Ferme des Magnats, Bourdeaux (Dr\u00f4me), 05 ao\u00fbt 2021.<\/strong><\/p>\n\n\n\n<div class=\"wp-block-image is-style-default\"><figure class=\"aligncenter size-large\"><a href=\"https:\/\/www.noemie-sanson.fr\/wordpress\/wp-content\/uploads\/2022\/01\/affiche-1.jpg\"><img loading=\"lazy\" decoding=\"async\" width=\"512\" height=\"1024\" src=\"https:\/\/www.noemie-sanson.fr\/wordpress\/wp-content\/uploads\/2022\/01\/affiche-1-512x1024.jpg\" alt=\"\" class=\"wp-image-2972\" srcset=\"https:\/\/www.noemie-sanson.fr\/wordpress\/wp-content\/uploads\/2022\/01\/affiche-1-512x1024.jpg 512w, https:\/\/www.noemie-sanson.fr\/wordpress\/wp-content\/uploads\/2022\/01\/affiche-1-150x300.jpg 150w, https:\/\/www.noemie-sanson.fr\/wordpress\/wp-content\/uploads\/2022\/01\/affiche-1.jpg 640w\" sizes=\"auto, (max-width: 512px) 100vw, 512px\" \/><\/a><\/figure><\/div>\n\n\n\n<figure class=\"wp-block-image size-full\"><a href=\"https:\/\/www.noemie-sanson.fr\/wordpress\/wp-content\/uploads\/2022\/01\/Recits-argentiques2-Bourdeaux-20210805-1.png\"><img loading=\"lazy\" decoding=\"async\" width=\"680\" height=\"468\" src=\"https:\/\/www.noemie-sanson.fr\/wordpress\/wp-content\/uploads\/2022\/01\/Recits-argentiques2-Bourdeaux-20210805-1.png\" alt=\"\" class=\"wp-image-3005\" srcset=\"https:\/\/www.noemie-sanson.fr\/wordpress\/wp-content\/uploads\/2022\/01\/Recits-argentiques2-Bourdeaux-20210805-1.png 680w, https:\/\/www.noemie-sanson.fr\/wordpress\/wp-content\/uploads\/2022\/01\/Recits-argentiques2-Bourdeaux-20210805-1-300x206.png 300w\" sizes=\"auto, (max-width: 680px) 100vw, 680px\" \/><\/a><\/figure>\n\n\n\n<p><\/p>\n\n\n\n<h2 class=\"wp-block-heading\"><strong>F\u2019estival, bois communal, Roche-Saint-Secret-B\u00e9conne (Dr\u00f4me), 08 ao\u00fbt 2021.<\/strong><\/h2>\n\n\n\n<figure class=\"wp-block-image size-large\"><a href=\"https:\/\/www.noemie-sanson.fr\/wordpress\/wp-content\/uploads\/2022\/01\/Recits-argentiques5-RocheStSecret-20210808-1.jpg\"><img loading=\"lazy\" decoding=\"async\" width=\"1024\" height=\"1024\" src=\"https:\/\/www.noemie-sanson.fr\/wordpress\/wp-content\/uploads\/2022\/01\/Recits-argentiques5-RocheStSecret-20210808-1-1024x1024.jpg\" alt=\"\" class=\"wp-image-3008\" srcset=\"https:\/\/www.noemie-sanson.fr\/wordpress\/wp-content\/uploads\/2022\/01\/Recits-argentiques5-RocheStSecret-20210808-1-1024x1024.jpg 1024w, https:\/\/www.noemie-sanson.fr\/wordpress\/wp-content\/uploads\/2022\/01\/Recits-argentiques5-RocheStSecret-20210808-1-300x300.jpg 300w, https:\/\/www.noemie-sanson.fr\/wordpress\/wp-content\/uploads\/2022\/01\/Recits-argentiques5-RocheStSecret-20210808-1-150x150.jpg 150w, https:\/\/www.noemie-sanson.fr\/wordpress\/wp-content\/uploads\/2022\/01\/Recits-argentiques5-RocheStSecret-20210808-1-768x768.jpg 768w, https:\/\/www.noemie-sanson.fr\/wordpress\/wp-content\/uploads\/2022\/01\/Recits-argentiques5-RocheStSecret-20210808-1.jpg 1200w\" sizes=\"auto, (max-width: 1024px) 100vw, 1024px\" \/><\/a><\/figure>\n\n\n\n<p><\/p>\n\n\n\n<p><\/p>\n\n\n\n<h2 class=\"wp-block-heading\"><strong>La Presse en parle !<\/strong><\/h2>\n\n\n\n<figure class=\"wp-block-image size-full\"><a href=\"https:\/\/www.noemie-sanson.fr\/wordpress\/wp-content\/uploads\/2022\/01\/Recits-argentiques-La-Roche26-Article-Tribune-20210812-1-1.jpg\"><img loading=\"lazy\" decoding=\"async\" width=\"800\" height=\"796\" src=\"https:\/\/www.noemie-sanson.fr\/wordpress\/wp-content\/uploads\/2022\/01\/Recits-argentiques-La-Roche26-Article-Tribune-20210812-1-1.jpg\" alt=\"\" class=\"wp-image-3009\" srcset=\"https:\/\/www.noemie-sanson.fr\/wordpress\/wp-content\/uploads\/2022\/01\/Recits-argentiques-La-Roche26-Article-Tribune-20210812-1-1.jpg 800w, https:\/\/www.noemie-sanson.fr\/wordpress\/wp-content\/uploads\/2022\/01\/Recits-argentiques-La-Roche26-Article-Tribune-20210812-1-1-300x300.jpg 300w, https:\/\/www.noemie-sanson.fr\/wordpress\/wp-content\/uploads\/2022\/01\/Recits-argentiques-La-Roche26-Article-Tribune-20210812-1-1-150x150.jpg 150w, https:\/\/www.noemie-sanson.fr\/wordpress\/wp-content\/uploads\/2022\/01\/Recits-argentiques-La-Roche26-Article-Tribune-20210812-1-1-768x764.jpg 768w\" sizes=\"auto, (max-width: 800px) 100vw, 800px\" \/><\/a><\/figure>\n","protected":false},"excerpt":{"rendered":"<p>Photographier c&rsquo;est prendre le temps de contempler, d&rsquo;\u00eatre curieux du monde, de se laisser surprendre, \u00e9mouvoir, amuser&#8230; R\u00e9my Fonder, passionn\u00e9 de photographie argentique, saisit sur pellicules paysages et portraits, parfois superpos\u00e9s. Il les d\u00e9veloppe et choisit ceux qui seront tir\u00e9s &hellip; <a href=\"https:\/\/www.noemie-sanson.fr\/?page_id=2957\">Continuer la lecture <span class=\"meta-nav\">&rarr;<\/span><\/a><\/p>\n","protected":false},"author":2,"featured_media":2985,"parent":169,"menu_order":1,"comment_status":"closed","ping_status":"closed","template":"","meta":{"footnotes":""},"class_list":["post-2957","page","type-page","status-publish","has-post-thumbnail","hentry"],"_links":{"self":[{"href":"https:\/\/www.noemie-sanson.fr\/index.php?rest_route=\/wp\/v2\/pages\/2957","targetHints":{"allow":["GET"]}}],"collection":[{"href":"https:\/\/www.noemie-sanson.fr\/index.php?rest_route=\/wp\/v2\/pages"}],"about":[{"href":"https:\/\/www.noemie-sanson.fr\/index.php?rest_route=\/wp\/v2\/types\/page"}],"author":[{"embeddable":true,"href":"https:\/\/www.noemie-sanson.fr\/index.php?rest_route=\/wp\/v2\/users\/2"}],"replies":[{"embeddable":true,"href":"https:\/\/www.noemie-sanson.fr\/index.php?rest_route=%2Fwp%2Fv2%2Fcomments&post=2957"}],"version-history":[{"count":22,"href":"https:\/\/www.noemie-sanson.fr\/index.php?rest_route=\/wp\/v2\/pages\/2957\/revisions"}],"predecessor-version":[{"id":3222,"href":"https:\/\/www.noemie-sanson.fr\/index.php?rest_route=\/wp\/v2\/pages\/2957\/revisions\/3222"}],"up":[{"embeddable":true,"href":"https:\/\/www.noemie-sanson.fr\/index.php?rest_route=\/wp\/v2\/pages\/169"}],"wp:featuredmedia":[{"embeddable":true,"href":"https:\/\/www.noemie-sanson.fr\/index.php?rest_route=\/wp\/v2\/media\/2985"}],"wp:attachment":[{"href":"https:\/\/www.noemie-sanson.fr\/index.php?rest_route=%2Fwp%2Fv2%2Fmedia&parent=2957"}],"curies":[{"name":"wp","href":"https:\/\/api.w.org\/{rel}","templated":true}]}}