{"id":3091,"date":"2022-01-13T18:12:32","date_gmt":"2022-01-13T16:12:32","guid":{"rendered":"https:\/\/www.noemie-sanson.fr\/?page_id=3091"},"modified":"2024-03-14T10:49:16","modified_gmt":"2024-03-14T08:49:16","slug":"photographies-artistiques","status":"publish","type":"page","link":"https:\/\/www.noemie-sanson.fr\/?page_id=3091","title":{"rendered":"Photographies artistiques"},"content":{"rendered":"\n<p>Ces photos ont \u00e9t\u00e9 prises par S\u00e9verine Amy, \u00e0 l&rsquo;occasion de la cr\u00e9ation de la pochette du CD <strong><em>Contes en voyage, empreintes d&rsquo;ici et d&rsquo;ailleurs<\/em><\/strong><\/p>\n\n\n\n<p>Son oeil et sa sensibilit\u00e9 nous ont emmen\u00e9es sur divers chemins que voici !<\/p>\n\n\n\n<figure class=\"wp-block-gallery aligncenter has-nested-images columns-default is-cropped wp-block-gallery-1 is-layout-flex wp-block-gallery-is-layout-flex\">\n<figure class=\"wp-block-image size-large\"><a href=\"https:\/\/www.noemie-sanson.fr\/wordpress\/wp-content\/uploads\/2022\/01\/MG_5652-Modifier.jpg\"><img loading=\"lazy\" decoding=\"async\" width=\"683\" height=\"1024\" data-id=\"3096\" src=\"https:\/\/www.noemie-sanson.fr\/wordpress\/wp-content\/uploads\/2022\/01\/MG_5652-Modifier.jpg\" alt=\"\" class=\"wp-image-3096\" srcset=\"https:\/\/www.noemie-sanson.fr\/wordpress\/wp-content\/uploads\/2022\/01\/MG_5652-Modifier.jpg 683w, https:\/\/www.noemie-sanson.fr\/wordpress\/wp-content\/uploads\/2022\/01\/MG_5652-Modifier-200x300.jpg 200w\" sizes=\"auto, (max-width: 683px) 100vw, 683px\" \/><\/a><\/figure>\n\n\n\n<figure class=\"wp-block-image size-large\"><a href=\"https:\/\/www.noemie-sanson.fr\/wordpress\/wp-content\/uploads\/2022\/01\/MG_5658-Modifier.jpg\"><img loading=\"lazy\" decoding=\"async\" width=\"683\" height=\"1024\" data-id=\"3098\" src=\"https:\/\/www.noemie-sanson.fr\/wordpress\/wp-content\/uploads\/2022\/01\/MG_5658-Modifier.jpg\" alt=\"\" class=\"wp-image-3098\" srcset=\"https:\/\/www.noemie-sanson.fr\/wordpress\/wp-content\/uploads\/2022\/01\/MG_5658-Modifier.jpg 683w, https:\/\/www.noemie-sanson.fr\/wordpress\/wp-content\/uploads\/2022\/01\/MG_5658-Modifier-200x300.jpg 200w\" sizes=\"auto, (max-width: 683px) 100vw, 683px\" \/><\/a><\/figure>\n\n\n\n<figure class=\"wp-block-image size-large\"><a href=\"https:\/\/www.noemie-sanson.fr\/wordpress\/wp-content\/uploads\/2022\/01\/MG_5680-Modifier-1-e1642155924560.jpg\"><img loading=\"lazy\" decoding=\"async\" width=\"599\" height=\"299\" data-id=\"3099\" src=\"https:\/\/www.noemie-sanson.fr\/wordpress\/wp-content\/uploads\/2022\/01\/MG_5680-Modifier-1-e1642155924560.jpg\" alt=\"\" class=\"wp-image-3099\" srcset=\"https:\/\/www.noemie-sanson.fr\/wordpress\/wp-content\/uploads\/2022\/01\/MG_5680-Modifier-1-e1642155924560.jpg 599w, https:\/\/www.noemie-sanson.fr\/wordpress\/wp-content\/uploads\/2022\/01\/MG_5680-Modifier-1-e1642155924560-300x150.jpg 300w\" sizes=\"auto, (max-width: 599px) 100vw, 599px\" \/><\/a><\/figure>\n<\/figure>\n\n\n\n<figure class=\"wp-block-gallery aligncenter has-nested-images columns-default is-cropped wp-block-gallery-2 is-layout-flex wp-block-gallery-is-layout-flex\">\n<figure class=\"wp-block-image size-large\"><a href=\"https:\/\/www.noemie-sanson.fr\/wordpress\/wp-content\/uploads\/2022\/01\/MG_5732-Modifier.jpg\"><img loading=\"lazy\" decoding=\"async\" width=\"683\" height=\"1024\" data-id=\"3102\" src=\"https:\/\/www.noemie-sanson.fr\/wordpress\/wp-content\/uploads\/2022\/01\/MG_5732-Modifier.jpg\" alt=\"\" class=\"wp-image-3102\" srcset=\"https:\/\/www.noemie-sanson.fr\/wordpress\/wp-content\/uploads\/2022\/01\/MG_5732-Modifier.jpg 683w, https:\/\/www.noemie-sanson.fr\/wordpress\/wp-content\/uploads\/2022\/01\/MG_5732-Modifier-200x300.jpg 200w\" sizes=\"auto, (max-width: 683px) 100vw, 683px\" \/><\/a><\/figure>\n\n\n\n<figure class=\"wp-block-image size-large\"><a href=\"https:\/\/www.noemie-sanson.fr\/wordpress\/wp-content\/uploads\/2022\/01\/MG_5746-1.jpg\"><img loading=\"lazy\" decoding=\"async\" width=\"683\" height=\"1024\" data-id=\"3103\" src=\"https:\/\/www.noemie-sanson.fr\/wordpress\/wp-content\/uploads\/2022\/01\/MG_5746-1.jpg\" alt=\"\" class=\"wp-image-3103\" srcset=\"https:\/\/www.noemie-sanson.fr\/wordpress\/wp-content\/uploads\/2022\/01\/MG_5746-1.jpg 683w, https:\/\/www.noemie-sanson.fr\/wordpress\/wp-content\/uploads\/2022\/01\/MG_5746-1-200x300.jpg 200w\" sizes=\"auto, (max-width: 683px) 100vw, 683px\" \/><\/a><\/figure>\n\n\n\n<figure class=\"wp-block-image size-large\"><a href=\"https:\/\/www.noemie-sanson.fr\/wordpress\/wp-content\/uploads\/2022\/01\/MG_5737-Modifier.jpg\"><img loading=\"lazy\" decoding=\"async\" width=\"683\" height=\"1024\" data-id=\"3100\" src=\"https:\/\/www.noemie-sanson.fr\/wordpress\/wp-content\/uploads\/2022\/01\/MG_5737-Modifier.jpg\" alt=\"\" class=\"wp-image-3100\" srcset=\"https:\/\/www.noemie-sanson.fr\/wordpress\/wp-content\/uploads\/2022\/01\/MG_5737-Modifier.jpg 683w, https:\/\/www.noemie-sanson.fr\/wordpress\/wp-content\/uploads\/2022\/01\/MG_5737-Modifier-200x300.jpg 200w\" sizes=\"auto, (max-width: 683px) 100vw, 683px\" \/><\/a><\/figure>\n<\/figure>\n\n\n\n<figure class=\"wp-block-gallery aligncenter has-nested-images columns-default is-cropped wp-block-gallery-3 is-layout-flex wp-block-gallery-is-layout-flex\">\n<figure class=\"wp-block-image size-large\"><a href=\"https:\/\/www.noemie-sanson.fr\/wordpress\/wp-content\/uploads\/2022\/01\/MG_5630.jpg\"><img loading=\"lazy\" decoding=\"async\" width=\"683\" height=\"1024\" data-id=\"3104\" src=\"https:\/\/www.noemie-sanson.fr\/wordpress\/wp-content\/uploads\/2022\/01\/MG_5630.jpg\" alt=\"\" class=\"wp-image-3104\" srcset=\"https:\/\/www.noemie-sanson.fr\/wordpress\/wp-content\/uploads\/2022\/01\/MG_5630.jpg 683w, https:\/\/www.noemie-sanson.fr\/wordpress\/wp-content\/uploads\/2022\/01\/MG_5630-200x300.jpg 200w\" sizes=\"auto, (max-width: 683px) 100vw, 683px\" \/><\/a><\/figure>\n\n\n\n<figure class=\"wp-block-image size-large\"><a href=\"https:\/\/www.noemie-sanson.fr\/wordpress\/wp-content\/uploads\/2022\/01\/MG_5819-Modifier.jpg\"><img loading=\"lazy\" decoding=\"async\" width=\"1024\" height=\"1024\" data-id=\"3107\" src=\"https:\/\/www.noemie-sanson.fr\/wordpress\/wp-content\/uploads\/2022\/01\/MG_5819-Modifier-1024x1024.jpg\" alt=\"\" class=\"wp-image-3107\" srcset=\"https:\/\/www.noemie-sanson.fr\/wordpress\/wp-content\/uploads\/2022\/01\/MG_5819-Modifier.jpg 1024w, https:\/\/www.noemie-sanson.fr\/wordpress\/wp-content\/uploads\/2022\/01\/MG_5819-Modifier-300x300.jpg 300w, https:\/\/www.noemie-sanson.fr\/wordpress\/wp-content\/uploads\/2022\/01\/MG_5819-Modifier-150x150.jpg 150w, https:\/\/www.noemie-sanson.fr\/wordpress\/wp-content\/uploads\/2022\/01\/MG_5819-Modifier-768x768.jpg 768w\" sizes=\"auto, (max-width: 1024px) 100vw, 1024px\" \/><\/a><\/figure>\n\n\n\n<figure class=\"wp-block-image size-large\"><a href=\"https:\/\/www.noemie-sanson.fr\/wordpress\/wp-content\/uploads\/2022\/01\/MG_5651-Modifier.jpg\"><img loading=\"lazy\" decoding=\"async\" width=\"683\" height=\"1024\" data-id=\"3105\" src=\"https:\/\/www.noemie-sanson.fr\/wordpress\/wp-content\/uploads\/2022\/01\/MG_5651-Modifier.jpg\" alt=\"\" class=\"wp-image-3105\" srcset=\"https:\/\/www.noemie-sanson.fr\/wordpress\/wp-content\/uploads\/2022\/01\/MG_5651-Modifier.jpg 683w, https:\/\/www.noemie-sanson.fr\/wordpress\/wp-content\/uploads\/2022\/01\/MG_5651-Modifier-200x300.jpg 200w\" sizes=\"auto, (max-width: 683px) 100vw, 683px\" \/><\/a><\/figure>\n<\/figure>\n\n\n\n<figure class=\"wp-block-gallery has-nested-images columns-default is-cropped wp-block-gallery-4 is-layout-flex wp-block-gallery-is-layout-flex\">\n<figure class=\"wp-block-image size-large\"><a href=\"https:\/\/www.noemie-sanson.fr\/wordpress\/wp-content\/uploads\/2022\/01\/MG_9583.jpg\"><img loading=\"lazy\" decoding=\"async\" width=\"800\" height=\"800\" data-id=\"3263\" src=\"https:\/\/www.noemie-sanson.fr\/wordpress\/wp-content\/uploads\/2022\/01\/MG_9583.jpg\" alt=\"\" class=\"wp-image-3263\" srcset=\"https:\/\/www.noemie-sanson.fr\/wordpress\/wp-content\/uploads\/2022\/01\/MG_9583.jpg 800w, https:\/\/www.noemie-sanson.fr\/wordpress\/wp-content\/uploads\/2022\/01\/MG_9583-300x300.jpg 300w, https:\/\/www.noemie-sanson.fr\/wordpress\/wp-content\/uploads\/2022\/01\/MG_9583-150x150.jpg 150w, https:\/\/www.noemie-sanson.fr\/wordpress\/wp-content\/uploads\/2022\/01\/MG_9583-768x768.jpg 768w\" sizes=\"auto, (max-width: 800px) 100vw, 800px\" \/><\/a><\/figure>\n\n\n\n<figure class=\"wp-block-image size-large\"><a href=\"https:\/\/www.noemie-sanson.fr\/wordpress\/wp-content\/uploads\/2022\/01\/MG_9574.jpg\"><img loading=\"lazy\" decoding=\"async\" width=\"800\" height=\"800\" data-id=\"3260\" src=\"https:\/\/www.noemie-sanson.fr\/wordpress\/wp-content\/uploads\/2022\/01\/MG_9574.jpg\" alt=\"\" class=\"wp-image-3260\" srcset=\"https:\/\/www.noemie-sanson.fr\/wordpress\/wp-content\/uploads\/2022\/01\/MG_9574.jpg 800w, https:\/\/www.noemie-sanson.fr\/wordpress\/wp-content\/uploads\/2022\/01\/MG_9574-300x300.jpg 300w, https:\/\/www.noemie-sanson.fr\/wordpress\/wp-content\/uploads\/2022\/01\/MG_9574-150x150.jpg 150w, https:\/\/www.noemie-sanson.fr\/wordpress\/wp-content\/uploads\/2022\/01\/MG_9574-768x768.jpg 768w\" sizes=\"auto, (max-width: 800px) 100vw, 800px\" \/><\/a><\/figure>\n\n\n\n<figure class=\"wp-block-image size-large\"><a href=\"https:\/\/www.noemie-sanson.fr\/wordpress\/wp-content\/uploads\/2022\/01\/MG_9746.jpg\"><img loading=\"lazy\" decoding=\"async\" width=\"800\" height=\"800\" data-id=\"3270\" src=\"https:\/\/www.noemie-sanson.fr\/wordpress\/wp-content\/uploads\/2022\/01\/MG_9746.jpg\" alt=\"\" class=\"wp-image-3270\" srcset=\"https:\/\/www.noemie-sanson.fr\/wordpress\/wp-content\/uploads\/2022\/01\/MG_9746.jpg 800w, https:\/\/www.noemie-sanson.fr\/wordpress\/wp-content\/uploads\/2022\/01\/MG_9746-300x300.jpg 300w, https:\/\/www.noemie-sanson.fr\/wordpress\/wp-content\/uploads\/2022\/01\/MG_9746-150x150.jpg 150w, https:\/\/www.noemie-sanson.fr\/wordpress\/wp-content\/uploads\/2022\/01\/MG_9746-768x768.jpg 768w\" sizes=\"auto, (max-width: 800px) 100vw, 800px\" \/><\/a><\/figure>\n\n\n\n<figure class=\"wp-block-image size-large\"><a href=\"https:\/\/www.noemie-sanson.fr\/wordpress\/wp-content\/uploads\/2022\/01\/MG_9716.jpg\"><img loading=\"lazy\" decoding=\"async\" width=\"800\" height=\"800\" data-id=\"3265\" src=\"https:\/\/www.noemie-sanson.fr\/wordpress\/wp-content\/uploads\/2022\/01\/MG_9716.jpg\" alt=\"\" class=\"wp-image-3265\" srcset=\"https:\/\/www.noemie-sanson.fr\/wordpress\/wp-content\/uploads\/2022\/01\/MG_9716.jpg 800w, https:\/\/www.noemie-sanson.fr\/wordpress\/wp-content\/uploads\/2022\/01\/MG_9716-300x300.jpg 300w, https:\/\/www.noemie-sanson.fr\/wordpress\/wp-content\/uploads\/2022\/01\/MG_9716-150x150.jpg 150w, https:\/\/www.noemie-sanson.fr\/wordpress\/wp-content\/uploads\/2022\/01\/MG_9716-768x768.jpg 768w\" sizes=\"auto, (max-width: 800px) 100vw, 800px\" \/><\/a><\/figure>\n\n\n\n<figure class=\"wp-block-image size-large\"><a href=\"https:\/\/www.noemie-sanson.fr\/wordpress\/wp-content\/uploads\/2022\/01\/MG_9738.jpg\"><img loading=\"lazy\" decoding=\"async\" width=\"800\" height=\"800\" data-id=\"3267\" src=\"https:\/\/www.noemie-sanson.fr\/wordpress\/wp-content\/uploads\/2022\/01\/MG_9738.jpg\" alt=\"\" class=\"wp-image-3267\" srcset=\"https:\/\/www.noemie-sanson.fr\/wordpress\/wp-content\/uploads\/2022\/01\/MG_9738.jpg 800w, https:\/\/www.noemie-sanson.fr\/wordpress\/wp-content\/uploads\/2022\/01\/MG_9738-300x300.jpg 300w, https:\/\/www.noemie-sanson.fr\/wordpress\/wp-content\/uploads\/2022\/01\/MG_9738-150x150.jpg 150w, https:\/\/www.noemie-sanson.fr\/wordpress\/wp-content\/uploads\/2022\/01\/MG_9738-768x768.jpg 768w\" sizes=\"auto, (max-width: 800px) 100vw, 800px\" \/><\/a><\/figure>\n<\/figure>\n","protected":false},"excerpt":{"rendered":"<p>Ces photos ont \u00e9t\u00e9 prises par S\u00e9verine Amy, \u00e0 l&rsquo;occasion de la cr\u00e9ation de la pochette du CD Contes en voyage, empreintes d&rsquo;ici et d&rsquo;ailleurs Son oeil et sa sensibilit\u00e9 nous ont emmen\u00e9es sur divers chemins que voici !<\/p>\n","protected":false},"author":2,"featured_media":3096,"parent":3822,"menu_order":3,"comment_status":"closed","ping_status":"closed","template":"","meta":{"footnotes":""},"class_list":["post-3091","page","type-page","status-publish","has-post-thumbnail","hentry"],"_links":{"self":[{"href":"https:\/\/www.noemie-sanson.fr\/index.php?rest_route=\/wp\/v2\/pages\/3091","targetHints":{"allow":["GET"]}}],"collection":[{"href":"https:\/\/www.noemie-sanson.fr\/index.php?rest_route=\/wp\/v2\/pages"}],"about":[{"href":"https:\/\/www.noemie-sanson.fr\/index.php?rest_route=\/wp\/v2\/types\/page"}],"author":[{"embeddable":true,"href":"https:\/\/www.noemie-sanson.fr\/index.php?rest_route=\/wp\/v2\/users\/2"}],"replies":[{"embeddable":true,"href":"https:\/\/www.noemie-sanson.fr\/index.php?rest_route=%2Fwp%2Fv2%2Fcomments&post=3091"}],"version-history":[{"count":7,"href":"https:\/\/www.noemie-sanson.fr\/index.php?rest_route=\/wp\/v2\/pages\/3091\/revisions"}],"predecessor-version":[{"id":3853,"href":"https:\/\/www.noemie-sanson.fr\/index.php?rest_route=\/wp\/v2\/pages\/3091\/revisions\/3853"}],"up":[{"embeddable":true,"href":"https:\/\/www.noemie-sanson.fr\/index.php?rest_route=\/wp\/v2\/pages\/3822"}],"wp:featuredmedia":[{"embeddable":true,"href":"https:\/\/www.noemie-sanson.fr\/index.php?rest_route=\/wp\/v2\/media\/3096"}],"wp:attachment":[{"href":"https:\/\/www.noemie-sanson.fr\/index.php?rest_route=%2Fwp%2Fv2%2Fmedia&parent=3091"}],"curies":[{"name":"wp","href":"https:\/\/api.w.org\/{rel}","templated":true}]}}