{"id":3291,"date":"2022-01-26T11:31:23","date_gmt":"2022-01-26T09:31:23","guid":{"rendered":"https:\/\/www.noemie-sanson.fr\/?page_id=3291"},"modified":"2024-03-08T13:17:57","modified_gmt":"2024-03-08T11:17:57","slug":"contes-en-voyage-cd","status":"publish","type":"page","link":"https:\/\/www.noemie-sanson.fr\/?page_id=3291","title":{"rendered":"Contes en voyage, CD"},"content":{"rendered":"\n<figure class=\"wp-block-gallery aligncenter has-nested-images columns-default is-cropped wp-block-gallery-1 is-layout-flex wp-block-gallery-is-layout-flex\">\n<figure class=\"wp-block-image size-large\"><a href=\"https:\/\/www.noemie-sanson.fr\/wordpress\/wp-content\/uploads\/2022\/11\/rond-1.jpg\"><img loading=\"lazy\" decoding=\"async\" width=\"2008\" height=\"2008\" data-id=\"3455\" src=\"https:\/\/www.noemie-sanson.fr\/wordpress\/wp-content\/uploads\/2022\/11\/rond-1.jpg\" alt=\"\" class=\"wp-image-3455\" srcset=\"https:\/\/www.noemie-sanson.fr\/wordpress\/wp-content\/uploads\/2022\/11\/rond-1.jpg 2008w, https:\/\/www.noemie-sanson.fr\/wordpress\/wp-content\/uploads\/2022\/11\/rond-1-300x300.jpg 300w, https:\/\/www.noemie-sanson.fr\/wordpress\/wp-content\/uploads\/2022\/11\/rond-1-1024x1024.jpg 1024w, https:\/\/www.noemie-sanson.fr\/wordpress\/wp-content\/uploads\/2022\/11\/rond-1-150x150.jpg 150w, https:\/\/www.noemie-sanson.fr\/wordpress\/wp-content\/uploads\/2022\/11\/rond-1-768x768.jpg 768w, https:\/\/www.noemie-sanson.fr\/wordpress\/wp-content\/uploads\/2022\/11\/rond-1-1536x1536.jpg 1536w\" sizes=\"auto, (max-width: 2008px) 100vw, 2008px\" \/><\/a><\/figure>\n<\/figure>\n\n\n\n<p><\/p>\n\n\n\n<h2 class=\"has-text-align-center wp-block-heading\"><strong>Sur les routes de 2022 avec le CD Contes en voyage !<\/strong><\/h2>\n\n\n\n<p>&nbsp;<\/p>\n\n\n\n<p>Cette ann\u00e9e&nbsp;dans ma valise&nbsp;il y aura  : <\/p>\n\n\n\n<h2 class=\"wp-block-heading\"><strong><em><span style=\"color:#643bac\" class=\"has-inline-color\">Contes en voyage, empreintes d&rsquo;ici et d&rsquo;ailleurs<\/span><\/em><\/strong><\/h2>\n\n\n\n<p><\/p>\n\n\n\n<p>R\u00eav\u00e9 en 2019, il aura fallu \u00e0 ce CD plus d&rsquo;une ann\u00e9e pour devenir r\u00e9alit\u00e9.<\/p>\n\n\n\n<blockquote class=\"wp-block-quote is-layout-flow wp-block-quote-is-layout-flow\"><p>Gr\u00e2ce \u00e0 la complicit\u00e9 de mes partenaires musicien(ne)s :<br>Emmanuelle Parrenin,&nbsp;&nbsp;Louise et Patrick Marty&nbsp;&nbsp;ainsi que&nbsp;&nbsp;Jean-Claude Roche.<\/p><p>Gr\u00e2ce au professionnalisme et \u00e0 la bienveillance de&nbsp;&nbsp;<strong>Fred Mateu<\/strong>&nbsp;&nbsp;du&nbsp;&nbsp;<strong>studio r\u00e9sidentiel La Bo\u00eete \u00e0 Meuh<\/strong><\/p><p>Gr\u00e2ce \u00e0 la sensible&nbsp;&nbsp;<strong>S\u00e9verine Amy<\/strong>&nbsp;, la graphiste et photographe du projet, toujours \u00e0 l&rsquo;\u00e9coute<\/p><p>Gr\u00e2ce \u00e0 toutes les&nbsp;&nbsp;<strong>personnes (et structure telle Tohu Bohu)<\/strong>&nbsp;qui l &lsquo;ont financ\u00e9 via Ulule ou par d&rsquo;autres voies&nbsp;<\/p><p>Gr\u00e2ce \u00e0&nbsp;&nbsp;<strong>mes cher(e)s proches&nbsp;<\/strong>&nbsp;qui m&rsquo;ont soutenue dans cette voie alors inconnue.<\/p><p><strong>Gr\u00e2ce aux uns, gr\u00e2ce aux autres qui m&rsquo;ont encourag\u00e9e d&rsquo;un mot, d&rsquo;une voix, d&rsquo;un sourire.<\/strong><\/p><\/blockquote>\n\n\n\n<figure class=\"wp-block-gallery has-nested-images columns-default is-cropped wp-block-gallery-2 is-layout-flex wp-block-gallery-is-layout-flex\">\n<figure class=\"wp-block-image size-large\"><a href=\"https:\/\/www.noemie-sanson.fr\/wordpress\/wp-content\/uploads\/2022\/11\/dos.jpg\"><img loading=\"lazy\" decoding=\"async\" width=\"1772\" height=\"1772\" data-id=\"3459\" src=\"https:\/\/www.noemie-sanson.fr\/wordpress\/wp-content\/uploads\/2022\/11\/dos.jpg\" alt=\"\" class=\"wp-image-3459\" srcset=\"https:\/\/www.noemie-sanson.fr\/wordpress\/wp-content\/uploads\/2022\/11\/dos.jpg 1772w, https:\/\/www.noemie-sanson.fr\/wordpress\/wp-content\/uploads\/2022\/11\/dos-300x300.jpg 300w, https:\/\/www.noemie-sanson.fr\/wordpress\/wp-content\/uploads\/2022\/11\/dos-1024x1024.jpg 1024w, https:\/\/www.noemie-sanson.fr\/wordpress\/wp-content\/uploads\/2022\/11\/dos-150x150.jpg 150w, https:\/\/www.noemie-sanson.fr\/wordpress\/wp-content\/uploads\/2022\/11\/dos-768x768.jpg 768w, https:\/\/www.noemie-sanson.fr\/wordpress\/wp-content\/uploads\/2022\/11\/dos-1536x1536.jpg 1536w\" sizes=\"auto, (max-width: 1772px) 100vw, 1772px\" \/><\/a><\/figure>\n\n\n\n<figure class=\"wp-block-image size-large\"><a href=\"https:\/\/www.noemie-sanson.fr\/wordpress\/wp-content\/uploads\/2022\/11\/devant.jpg\"><img loading=\"lazy\" decoding=\"async\" width=\"1772\" height=\"1784\" data-id=\"3460\" src=\"https:\/\/www.noemie-sanson.fr\/wordpress\/wp-content\/uploads\/2022\/11\/devant.jpg\" alt=\"\" class=\"wp-image-3460\" srcset=\"https:\/\/www.noemie-sanson.fr\/wordpress\/wp-content\/uploads\/2022\/11\/devant.jpg 1772w, https:\/\/www.noemie-sanson.fr\/wordpress\/wp-content\/uploads\/2022\/11\/devant-298x300.jpg 298w, https:\/\/www.noemie-sanson.fr\/wordpress\/wp-content\/uploads\/2022\/11\/devant-1017x1024.jpg 1017w, https:\/\/www.noemie-sanson.fr\/wordpress\/wp-content\/uploads\/2022\/11\/devant-150x150.jpg 150w, https:\/\/www.noemie-sanson.fr\/wordpress\/wp-content\/uploads\/2022\/11\/devant-768x773.jpg 768w, https:\/\/www.noemie-sanson.fr\/wordpress\/wp-content\/uploads\/2022\/11\/devant-1526x1536.jpg 1526w\" sizes=\"auto, (max-width: 1772px) 100vw, 1772px\" \/><\/a><\/figure>\n<\/figure>\n","protected":false},"excerpt":{"rendered":"<p>Sur les routes de 2022 avec le CD Contes en voyage ! &nbsp; Cette ann\u00e9e&nbsp;dans ma valise&nbsp;il y aura : Contes en voyage, empreintes d&rsquo;ici et d&rsquo;ailleurs R\u00eav\u00e9 en 2019, il aura fallu \u00e0 ce CD plus d&rsquo;une ann\u00e9e pour &hellip; <a href=\"https:\/\/www.noemie-sanson.fr\/?page_id=3291\">Continuer la lecture <span class=\"meta-nav\">&rarr;<\/span><\/a><\/p>\n","protected":false},"author":2,"featured_media":3439,"parent":3822,"menu_order":4,"comment_status":"closed","ping_status":"closed","template":"","meta":{"footnotes":""},"class_list":["post-3291","page","type-page","status-publish","has-post-thumbnail","hentry"],"_links":{"self":[{"href":"https:\/\/www.noemie-sanson.fr\/index.php?rest_route=\/wp\/v2\/pages\/3291","targetHints":{"allow":["GET"]}}],"collection":[{"href":"https:\/\/www.noemie-sanson.fr\/index.php?rest_route=\/wp\/v2\/pages"}],"about":[{"href":"https:\/\/www.noemie-sanson.fr\/index.php?rest_route=\/wp\/v2\/types\/page"}],"author":[{"embeddable":true,"href":"https:\/\/www.noemie-sanson.fr\/index.php?rest_route=\/wp\/v2\/users\/2"}],"replies":[{"embeddable":true,"href":"https:\/\/www.noemie-sanson.fr\/index.php?rest_route=%2Fwp%2Fv2%2Fcomments&post=3291"}],"version-history":[{"count":13,"href":"https:\/\/www.noemie-sanson.fr\/index.php?rest_route=\/wp\/v2\/pages\/3291\/revisions"}],"predecessor-version":[{"id":3461,"href":"https:\/\/www.noemie-sanson.fr\/index.php?rest_route=\/wp\/v2\/pages\/3291\/revisions\/3461"}],"up":[{"embeddable":true,"href":"https:\/\/www.noemie-sanson.fr\/index.php?rest_route=\/wp\/v2\/pages\/3822"}],"wp:featuredmedia":[{"embeddable":true,"href":"https:\/\/www.noemie-sanson.fr\/index.php?rest_route=\/wp\/v2\/media\/3439"}],"wp:attachment":[{"href":"https:\/\/www.noemie-sanson.fr\/index.php?rest_route=%2Fwp%2Fv2%2Fmedia&parent=3291"}],"curies":[{"name":"wp","href":"https:\/\/api.w.org\/{rel}","templated":true}]}}