{"id":3618,"date":"2023-09-03T12:41:03","date_gmt":"2023-09-03T10:41:03","guid":{"rendered":"https:\/\/www.noemie-sanson.fr\/?page_id=3618"},"modified":"2026-03-06T10:12:42","modified_gmt":"2026-03-06T08:12:42","slug":"jardin-secret-aux-parfums-des-fleurs","status":"publish","type":"page","link":"https:\/\/www.noemie-sanson.fr\/?page_id=3618","title":{"rendered":"Au parfum des fleurs ( tout public \u00e0 partir de 6 ans)"},"content":{"rendered":"\n<p>Compos\u00e9 de contes traditionnels, de comptines et de chants autour des fleurs, du printemps et de l&rsquo;amour de la nature.<\/p>\n\n\n\n<p><\/p>\n\n\n\n<p>Dur\u00e9e : 45 min<\/p>\n\n\n\n<figure class=\"wp-block-gallery has-nested-images columns-default is-cropped wp-block-gallery-1 is-layout-flex wp-block-gallery-is-layout-flex\">\n<figure class=\"wp-block-image size-large is-style-rounded\"><a href=\"https:\/\/www.noemie-sanson.fr\/wordpress\/wp-content\/uploads\/2024\/03\/Jardin-2.png\"><img loading=\"lazy\" decoding=\"async\" width=\"1024\" height=\"750\" data-id=\"3867\" src=\"https:\/\/www.noemie-sanson.fr\/wordpress\/wp-content\/uploads\/2024\/03\/Jardin-2-1024x750.png\" alt=\"\" class=\"wp-image-3867\" srcset=\"https:\/\/www.noemie-sanson.fr\/wordpress\/wp-content\/uploads\/2024\/03\/Jardin-2-1024x750.png 1024w, https:\/\/www.noemie-sanson.fr\/wordpress\/wp-content\/uploads\/2024\/03\/Jardin-2-300x220.png 300w, https:\/\/www.noemie-sanson.fr\/wordpress\/wp-content\/uploads\/2024\/03\/Jardin-2-768x562.png 768w, https:\/\/www.noemie-sanson.fr\/wordpress\/wp-content\/uploads\/2024\/03\/Jardin-2.png 1086w\" sizes=\"auto, (max-width: 1024px) 100vw, 1024px\" \/><\/a><figcaption class=\"wp-element-caption\">Salle des F\u00eates  Nogent le Roi, Festival Mon Village en F\u00eate 2023<\/figcaption><\/figure>\n\n\n\n<figure class=\"wp-block-image size-large is-style-rounded\"><a href=\"https:\/\/www.noemie-sanson.fr\/wordpress\/wp-content\/uploads\/2024\/03\/1710143383527.jpg\"><img loading=\"lazy\" decoding=\"async\" width=\"768\" height=\"1024\" data-id=\"3866\" src=\"https:\/\/www.noemie-sanson.fr\/wordpress\/wp-content\/uploads\/2024\/03\/1710143383527-768x1024.jpg\" alt=\"\" class=\"wp-image-3866\" srcset=\"https:\/\/www.noemie-sanson.fr\/wordpress\/wp-content\/uploads\/2024\/03\/1710143383527-768x1024.jpg 768w, https:\/\/www.noemie-sanson.fr\/wordpress\/wp-content\/uploads\/2024\/03\/1710143383527-225x300.jpg 225w, https:\/\/www.noemie-sanson.fr\/wordpress\/wp-content\/uploads\/2024\/03\/1710143383527-1152x1536.jpg 1152w, https:\/\/www.noemie-sanson.fr\/wordpress\/wp-content\/uploads\/2024\/03\/1710143383527.jpg 1200w\" sizes=\"auto, (max-width: 768px) 100vw, 768px\" \/><\/a><figcaption class=\"wp-element-caption\">M\u00e9diath\u00e8que d&rsquo;Auneau, Festival Mon Village een F\u00eate 2023<\/figcaption><\/figure>\n<\/figure>\n\n\n\n<p class=\"has-text-color has-link-color has-medium-font-size wp-elements-1facc90f2d028e57d081f2627cf0bcab\" style=\"color:#9711b8\">Pourquoi ?<\/p>\n\n\n\n<p class=\"has-text-color has-link-color has-medium-font-size wp-elements-5c1179bc0f3320495c537176527c3e48\" style=\"color:#9711b8\">Pourquoi Coquelicot est-il rouge comme le sang ?&nbsp;<\/p>\n\n\n\n<p class=\"has-text-color has-link-color has-medium-font-size wp-elements-e3bac678c71a0080e1656f8f154b5101\" style=\"color:#9711b8\">Pourquoi Petite Tulipe ne veut pas sortir ?&nbsp;<\/p>\n\n\n\n<p class=\"has-text-color has-link-color has-medium-font-size wp-elements-c2b908d6e552fcee14aff624eab4b3ed\" style=\"color:#9711b8\">No\u00e9mie Sanson, conteuse, sort de sa besace contes \u00e9tiologiques ou contes initiatiques du monde pour semer quelques graines enchant\u00e9es de v\u00e9rit\u00e9.&nbsp;<\/p>\n\n\n\n<p class=\"has-text-color has-link-color has-medium-font-size wp-elements-77b4600ee486f78b63ec15d21f78aef5\" style=\"color:#9711b8\">Papillons, Coccinelles et fourmis seront eux aussi de sortie. Quant \u00e0 la Reine des Abeilles, elle veillera autant que le&nbsp;jardinier veille sur la rose bien-aim\u00e9e, \u00e0 polliniser la terre d\u2019un doux parfum de justice bien m\u00e9rit\u00e9. Que le parfum de ces histoires embaument vos oreilles !<\/p>\n\n\n\n<p class=\"has-text-color has-link-color has-medium-font-size wp-elements-c9949b8820bf0fac90cd15aff2898861\" style=\"color:#bd3fb7\">Cette racont\u00e9e vous plongera au c\u0153ur de la nature et de ses merveilles.<\/p>\n\n\n\n<p class=\"has-text-color has-link-color has-medium-font-size wp-elements-88f83758ec5517b1ab6c4218216f5716\" style=\"color:#bd3fb7\">La Reine des Abeilles, qui est notamment un conte r\u00e9colt\u00e9 par les Fr\u00e8res Grimm dans les ann\u00e9es 1850, n&rsquo;a pas perdu une ride, bien au contraire !<\/p>\n\n\n\n<figure class=\"wp-block-image size-large is-style-rounded\"><a href=\"https:\/\/www.noemie-sanson.fr\/wordpress\/wp-content\/uploads\/2023\/09\/Jard-1.png\"><img loading=\"lazy\" decoding=\"async\" width=\"724\" height=\"1024\" src=\"https:\/\/www.noemie-sanson.fr\/wordpress\/wp-content\/uploads\/2023\/09\/Jard-1-724x1024.png\" alt=\"\" class=\"wp-image-3620\" srcset=\"https:\/\/www.noemie-sanson.fr\/wordpress\/wp-content\/uploads\/2023\/09\/Jard-1-724x1024.png 724w, https:\/\/www.noemie-sanson.fr\/wordpress\/wp-content\/uploads\/2023\/09\/Jard-1-212x300.png 212w, https:\/\/www.noemie-sanson.fr\/wordpress\/wp-content\/uploads\/2023\/09\/Jard-1-768x1086.png 768w, https:\/\/www.noemie-sanson.fr\/wordpress\/wp-content\/uploads\/2023\/09\/Jard-1-1086x1536.png 1086w, https:\/\/www.noemie-sanson.fr\/wordpress\/wp-content\/uploads\/2023\/09\/Jard-1-1448x2048.png 1448w, https:\/\/www.noemie-sanson.fr\/wordpress\/wp-content\/uploads\/2023\/09\/Jard-1.png 1587w\" sizes=\"auto, (max-width: 724px) 100vw, 724px\" \/><\/a><\/figure>\n\n\n\n<figure class=\"wp-block-gallery has-nested-images columns-default is-cropped wp-block-gallery-2 is-layout-flex wp-block-gallery-is-layout-flex\">\n<figure class=\"wp-block-image size-full is-style-rounded\"><a href=\"https:\/\/www.noemie-sanson.fr\/wordpress\/wp-content\/uploads\/2024\/04\/public-1.jpg\"><img loading=\"lazy\" decoding=\"async\" width=\"300\" height=\"225\" data-id=\"4015\" src=\"https:\/\/www.noemie-sanson.fr\/wordpress\/wp-content\/uploads\/2024\/04\/public-1.jpg\" alt=\"\" class=\"wp-image-4015\"\/><\/a><figcaption class=\"wp-element-caption\">copyright D. Chapon<\/figcaption><\/figure>\n\n\n\n<figure class=\"wp-block-image size-large is-style-rounded\"><a href=\"https:\/\/www.noemie-sanson.fr\/wordpress\/wp-content\/uploads\/2024\/04\/P1070852.jpg\"><img loading=\"lazy\" decoding=\"async\" width=\"300\" height=\"225\" data-id=\"4016\" src=\"https:\/\/www.noemie-sanson.fr\/wordpress\/wp-content\/uploads\/2024\/04\/P1070852.jpg\" alt=\"\" class=\"wp-image-4016\"\/><\/a><figcaption class=\"wp-element-caption\">copyright D. Chapon<\/figcaption><\/figure>\n<\/figure>\n","protected":false},"excerpt":{"rendered":"<p>Compos\u00e9 de contes traditionnels, de comptines et de chants autour des fleurs, du printemps et de l&rsquo;amour de la nature. Dur\u00e9e : 45 min Pourquoi ? Pourquoi Coquelicot est-il rouge comme le sang ?&nbsp; Pourquoi Petite Tulipe ne veut pas &hellip; <a href=\"https:\/\/www.noemie-sanson.fr\/?page_id=3618\">Continuer la lecture <span class=\"meta-nav\">&rarr;<\/span><\/a><\/p>\n","protected":false},"author":2,"featured_media":3616,"parent":3829,"menu_order":6,"comment_status":"closed","ping_status":"closed","template":"","meta":{"footnotes":""},"class_list":["post-3618","page","type-page","status-publish","has-post-thumbnail","hentry"],"_links":{"self":[{"href":"https:\/\/www.noemie-sanson.fr\/index.php?rest_route=\/wp\/v2\/pages\/3618","targetHints":{"allow":["GET"]}}],"collection":[{"href":"https:\/\/www.noemie-sanson.fr\/index.php?rest_route=\/wp\/v2\/pages"}],"about":[{"href":"https:\/\/www.noemie-sanson.fr\/index.php?rest_route=\/wp\/v2\/types\/page"}],"author":[{"embeddable":true,"href":"https:\/\/www.noemie-sanson.fr\/index.php?rest_route=\/wp\/v2\/users\/2"}],"replies":[{"embeddable":true,"href":"https:\/\/www.noemie-sanson.fr\/index.php?rest_route=%2Fwp%2Fv2%2Fcomments&post=3618"}],"version-history":[{"count":11,"href":"https:\/\/www.noemie-sanson.fr\/index.php?rest_route=\/wp\/v2\/pages\/3618\/revisions"}],"predecessor-version":[{"id":4302,"href":"https:\/\/www.noemie-sanson.fr\/index.php?rest_route=\/wp\/v2\/pages\/3618\/revisions\/4302"}],"up":[{"embeddable":true,"href":"https:\/\/www.noemie-sanson.fr\/index.php?rest_route=\/wp\/v2\/pages\/3829"}],"wp:featuredmedia":[{"embeddable":true,"href":"https:\/\/www.noemie-sanson.fr\/index.php?rest_route=\/wp\/v2\/media\/3616"}],"wp:attachment":[{"href":"https:\/\/www.noemie-sanson.fr\/index.php?rest_route=%2Fwp%2Fv2%2Fmedia&parent=3618"}],"curies":[{"name":"wp","href":"https:\/\/api.w.org\/{rel}","templated":true}]}}