{"id":3725,"date":"2024-02-22T17:08:25","date_gmt":"2024-02-22T15:08:25","guid":{"rendered":"https:\/\/www.noemie-sanson.fr\/?page_id=3725"},"modified":"2024-03-14T10:24:55","modified_gmt":"2024-03-14T08:24:55","slug":"a-si-javais-des-ailes","status":"publish","type":"page","link":"https:\/\/www.noemie-sanson.fr\/?page_id=3725","title":{"rendered":"A si j&rsquo;avais des ailes ( pour les tout-petits de 0 \u00e0 4 ans)"},"content":{"rendered":"\n<figure class=\"wp-block-gallery has-nested-images columns-default is-cropped wp-block-gallery-1 is-layout-flex wp-block-gallery-is-layout-flex\">\n<figure class=\"wp-block-image size-large\"><a href=\"https:\/\/www.noemie-sanson.fr\/wordpress\/wp-content\/uploads\/2024\/02\/petite2-1.jpg\"><img loading=\"lazy\" decoding=\"async\" width=\"400\" height=\"300\" data-id=\"3728\" src=\"https:\/\/www.noemie-sanson.fr\/wordpress\/wp-content\/uploads\/2024\/02\/petite2-1.jpg\" alt=\"\" class=\"wp-image-3728\" srcset=\"https:\/\/www.noemie-sanson.fr\/wordpress\/wp-content\/uploads\/2024\/02\/petite2-1.jpg 400w, https:\/\/www.noemie-sanson.fr\/wordpress\/wp-content\/uploads\/2024\/02\/petite2-1-300x225.jpg 300w\" sizes=\"auto, (max-width: 400px) 100vw, 400px\" \/><\/a><\/figure>\n\n\n\n<figure class=\"wp-block-image size-large\"><a href=\"https:\/\/www.noemie-sanson.fr\/wordpress\/wp-content\/uploads\/2024\/02\/petite4.jpg\"><img loading=\"lazy\" decoding=\"async\" width=\"400\" height=\"300\" data-id=\"3729\" src=\"https:\/\/www.noemie-sanson.fr\/wordpress\/wp-content\/uploads\/2024\/02\/petite4.jpg\" alt=\"\" class=\"wp-image-3729\" srcset=\"https:\/\/www.noemie-sanson.fr\/wordpress\/wp-content\/uploads\/2024\/02\/petite4.jpg 400w, https:\/\/www.noemie-sanson.fr\/wordpress\/wp-content\/uploads\/2024\/02\/petite4-300x225.jpg 300w\" sizes=\"auto, (max-width: 400px) 100vw, 400px\" \/><\/a><\/figure>\n\n\n\n<figure class=\"wp-block-image size-large\"><a href=\"https:\/\/www.noemie-sanson.fr\/wordpress\/wp-content\/uploads\/2024\/02\/pettie3.jpg\"><img loading=\"lazy\" decoding=\"async\" width=\"400\" height=\"300\" data-id=\"3730\" src=\"https:\/\/www.noemie-sanson.fr\/wordpress\/wp-content\/uploads\/2024\/02\/pettie3.jpg\" alt=\"\" class=\"wp-image-3730\" srcset=\"https:\/\/www.noemie-sanson.fr\/wordpress\/wp-content\/uploads\/2024\/02\/pettie3.jpg 400w, https:\/\/www.noemie-sanson.fr\/wordpress\/wp-content\/uploads\/2024\/02\/pettie3-300x225.jpg 300w\" sizes=\"auto, (max-width: 400px) 100vw, 400px\" \/><\/a><\/figure>\n<\/figure>\n\n\n\n<p><\/p>\n\n\n\n<p class=\"has-text-align-center has-black-color has-light-green-cyan-to-vivid-green-cyan-gradient-background has-text-color has-background has-link-color has-medium-font-size wp-elements-9815e57497ea9bbb00dc4d58bcebf9f3\">Spectacle pour les tout-petits (0-4 ans ) et leurs familles<\/p>\n\n\n\n<p class=\"has-text-align-center has-black-color has-light-green-cyan-to-vivid-green-cyan-gradient-background has-text-color has-background has-link-color has-medium-font-size wp-elements-18d1f472d05f369b5bb8b0d622d87af8\">Dur\u00e9e du spectacle : 25 min + temps d&rsquo;\u00e9change sous l&rsquo;Arbre \u00e0 R\u00eaves<\/p>\n\n\n<div class=\"wp-block-image is-style-rounded\">\n<figure class=\"aligncenter size-full\"><a href=\"https:\/\/www.noemie-sanson.fr\/wordpress\/wp-content\/uploads\/2024\/02\/petite-1.jpg\"><img loading=\"lazy\" decoding=\"async\" width=\"300\" height=\"399\" src=\"https:\/\/www.noemie-sanson.fr\/wordpress\/wp-content\/uploads\/2024\/02\/petite-1.jpg\" alt=\"\" class=\"wp-image-3726\" srcset=\"https:\/\/www.noemie-sanson.fr\/wordpress\/wp-content\/uploads\/2024\/02\/petite-1.jpg 300w, https:\/\/www.noemie-sanson.fr\/wordpress\/wp-content\/uploads\/2024\/02\/petite-1-226x300.jpg 226w\" sizes=\"auto, (max-width: 300px) 100vw, 300px\" \/><\/a><\/figure>\n<\/div>\n\n\n<p class=\"has-text-align-center has-medium-gray-color has-text-color has-background has-link-color has-medium-font-size wp-elements-fc17c077b70af94f1fcdd80307ff11a4\" style=\"background:linear-gradient(296deg,rgb(252,185,0) 100%,rgb(255,105,0) 100%)\">Ah&nbsp;si&nbsp;j\u2019avais&nbsp;des ailes&nbsp;? se dit Monsieur Escargot, J\u2019irais voler tr\u00e8s haut&nbsp;!<\/p>\n\n\n\n<p class=\"has-text-align-center has-medium-gray-color has-text-color has-background has-link-color has-medium-font-size wp-elements-468489fe520f2986e30937cd2a35e61c\" style=\"background:linear-gradient(296deg,rgb(252,185,0) 100%,rgb(255,105,0) 100%)\">Au pays des oiseaux&nbsp;: Plumes bleues, plumes vertes, plumes jaunes<\/p>\n\n\n\n<p class=\"has-text-align-center has-medium-gray-color has-text-color has-background has-link-color has-medium-font-size wp-elements-36faf9b34bb0cb85fdf365fe7d285af2\" style=\"background:linear-gradient(296deg,rgb(252,185,0) 100%,rgb(255,105,0) 100%)\">Au pays des oiseaux&nbsp;: l\u00e0 on s\u2019amuse et vole tout en haut, libre, libre de voler l\u00e0 o\u00f9 il nous pla\u00eet<\/p>\n\n\n\n<p class=\"has-text-align-center has-medium-gray-color has-text-color has-background has-link-color has-medium-font-size wp-elements-097f1ff866eb78132e24154ec001fd2c\" style=\"background:linear-gradient(296deg,rgb(252,185,0) 100%,rgb(255,105,0) 100%)\">Ah&nbsp;si&nbsp;j\u2019avais&nbsp;des ailes, se dit Monsieur Escargot, je serais le plus heureux des oiseaux&nbsp;!<\/p>\n\n\n\n<p class=\"has-text-align-center has-medium-gray-color has-text-color has-background has-link-color has-medium-font-size wp-elements-d60d6601fbd61ea116112dcba18fdaa7\" style=\"background:linear-gradient(296deg,rgb(252,185,0) 100%,rgb(255,105,0) 100%)\">Un arc-en-ciel de douceurs, un floril\u00e8ge de chanteurs<\/p>\n\n\n\n<div class=\"wp-block-group\"><div class=\"wp-block-group__inner-container is-layout-constrained wp-block-group-is-layout-constrained\">\n<figure class=\"wp-block-gallery has-nested-images columns-default is-cropped wp-block-gallery-2 is-layout-flex wp-block-gallery-is-layout-flex\">\n<figure class=\"wp-block-image size-full is-style-rounded\"><a href=\"https:\/\/www.noemie-sanson.fr\/wordpress\/wp-content\/uploads\/2024\/02\/petite4-1.jpg\"><img loading=\"lazy\" decoding=\"async\" width=\"400\" height=\"300\" data-id=\"3732\" src=\"https:\/\/www.noemie-sanson.fr\/wordpress\/wp-content\/uploads\/2024\/02\/petite4-1.jpg\" alt=\"\" class=\"wp-image-3732\" srcset=\"https:\/\/www.noemie-sanson.fr\/wordpress\/wp-content\/uploads\/2024\/02\/petite4-1.jpg 400w, https:\/\/www.noemie-sanson.fr\/wordpress\/wp-content\/uploads\/2024\/02\/petite4-1-300x225.jpg 300w\" sizes=\"auto, (max-width: 400px) 100vw, 400px\" \/><\/a><\/figure>\n<\/figure>\n<\/div><\/div>\n\n\n\n<p class=\"has-text-align-center has-white-color has-light-green-cyan-to-vivid-green-cyan-gradient-background has-text-color has-background has-link-color has-medium-font-size wp-elements-289aa0c19d8c15a165dba860cb762b36\"><strong><em>Comptines, chansons et petit conte pour r\u00eaver tous ensemble<\/em><\/strong><\/p>\n\n\n<div class=\"wp-block-image is-style-rounded\">\n<figure class=\"aligncenter size-full\"><a href=\"https:\/\/www.noemie-sanson.fr\/wordpress\/wp-content\/uploads\/2024\/02\/petite6.jpg\"><img loading=\"lazy\" decoding=\"async\" width=\"299\" height=\"269\" src=\"https:\/\/www.noemie-sanson.fr\/wordpress\/wp-content\/uploads\/2024\/02\/petite6.jpg\" alt=\"\" class=\"wp-image-3734\"\/><\/a><\/figure>\n<\/div>","protected":false},"excerpt":{"rendered":"<p>Spectacle pour les tout-petits (0-4 ans ) et leurs familles Dur\u00e9e du spectacle : 25 min + temps d&rsquo;\u00e9change sous l&rsquo;Arbre \u00e0 R\u00eaves Ah&nbsp;si&nbsp;j\u2019avais&nbsp;des ailes&nbsp;? se dit Monsieur Escargot, J\u2019irais voler tr\u00e8s haut&nbsp;! Au pays des oiseaux&nbsp;: Plumes bleues, plumes &hellip; <a href=\"https:\/\/www.noemie-sanson.fr\/?page_id=3725\">Continuer la lecture <span class=\"meta-nav\">&rarr;<\/span><\/a><\/p>\n","protected":false},"author":2,"featured_media":3732,"parent":3827,"menu_order":0,"comment_status":"closed","ping_status":"closed","template":"","meta":{"footnotes":""},"class_list":["post-3725","page","type-page","status-publish","has-post-thumbnail","hentry"],"_links":{"self":[{"href":"https:\/\/www.noemie-sanson.fr\/index.php?rest_route=\/wp\/v2\/pages\/3725","targetHints":{"allow":["GET"]}}],"collection":[{"href":"https:\/\/www.noemie-sanson.fr\/index.php?rest_route=\/wp\/v2\/pages"}],"about":[{"href":"https:\/\/www.noemie-sanson.fr\/index.php?rest_route=\/wp\/v2\/types\/page"}],"author":[{"embeddable":true,"href":"https:\/\/www.noemie-sanson.fr\/index.php?rest_route=\/wp\/v2\/users\/2"}],"replies":[{"embeddable":true,"href":"https:\/\/www.noemie-sanson.fr\/index.php?rest_route=%2Fwp%2Fv2%2Fcomments&post=3725"}],"version-history":[{"count":3,"href":"https:\/\/www.noemie-sanson.fr\/index.php?rest_route=\/wp\/v2\/pages\/3725\/revisions"}],"predecessor-version":[{"id":3743,"href":"https:\/\/www.noemie-sanson.fr\/index.php?rest_route=\/wp\/v2\/pages\/3725\/revisions\/3743"}],"up":[{"embeddable":true,"href":"https:\/\/www.noemie-sanson.fr\/index.php?rest_route=\/wp\/v2\/pages\/3827"}],"wp:featuredmedia":[{"embeddable":true,"href":"https:\/\/www.noemie-sanson.fr\/index.php?rest_route=\/wp\/v2\/media\/3732"}],"wp:attachment":[{"href":"https:\/\/www.noemie-sanson.fr\/index.php?rest_route=%2Fwp%2Fv2%2Fmedia&parent=3725"}],"curies":[{"name":"wp","href":"https:\/\/api.w.org\/{rel}","templated":true}]}}