{"id":3749,"date":"2024-02-23T09:57:57","date_gmt":"2024-02-23T07:57:57","guid":{"rendered":"https:\/\/www.noemie-sanson.fr\/?page_id=3749"},"modified":"2024-03-14T10:28:52","modified_gmt":"2024-03-14T08:28:52","slug":"racontees-sur-mesure","status":"publish","type":"page","link":"https:\/\/www.noemie-sanson.fr\/?page_id=3749","title":{"rendered":"Racont\u00e9es sur-mesure"},"content":{"rendered":"\n<p>Racont\u00e9e concoct\u00e9e sur -mesure en fonction de l&rsquo;\u00e9v\u00e8nement, du public, et de l&rsquo;envie du moment !<\/p>\n\n\n\n<p><\/p>\n\n\n\n<figure class=\"wp-block-gallery has-nested-images columns-default is-cropped wp-block-gallery-1 is-layout-flex wp-block-gallery-is-layout-flex\">\n<figure class=\"wp-block-image size-large\"><a href=\"https:\/\/www.noemie-sanson.fr\/wordpress\/wp-content\/uploads\/2024\/03\/IMG_20231114_214957.jpg\"><img loading=\"lazy\" decoding=\"async\" width=\"768\" height=\"1024\" data-id=\"3844\" src=\"https:\/\/www.noemie-sanson.fr\/wordpress\/wp-content\/uploads\/2024\/03\/IMG_20231114_214957-768x1024.jpg\" alt=\"\" class=\"wp-image-3844\" srcset=\"https:\/\/www.noemie-sanson.fr\/wordpress\/wp-content\/uploads\/2024\/03\/IMG_20231114_214957-768x1024.jpg 768w, https:\/\/www.noemie-sanson.fr\/wordpress\/wp-content\/uploads\/2024\/03\/IMG_20231114_214957-225x300.jpg 225w, https:\/\/www.noemie-sanson.fr\/wordpress\/wp-content\/uploads\/2024\/03\/IMG_20231114_214957-1152x1536.jpg 1152w, https:\/\/www.noemie-sanson.fr\/wordpress\/wp-content\/uploads\/2024\/03\/IMG_20231114_214957.jpg 1500w\" sizes=\"auto, (max-width: 768px) 100vw, 768px\" \/><\/a><figcaption class=\"wp-element-caption\">Festival du Conte Saint Maur des Foss\u00e9s ( nov 2023)<\/figcaption><\/figure>\n\n\n\n<figure class=\"wp-block-image size-large\"><a href=\"https:\/\/www.noemie-sanson.fr\/wordpress\/wp-content\/uploads\/2024\/03\/Sans-titre-1.jpg\"><img loading=\"lazy\" decoding=\"async\" width=\"473\" height=\"606\" data-id=\"3845\" src=\"https:\/\/www.noemie-sanson.fr\/wordpress\/wp-content\/uploads\/2024\/03\/Sans-titre-1.jpg\" alt=\"\" class=\"wp-image-3845\" srcset=\"https:\/\/www.noemie-sanson.fr\/wordpress\/wp-content\/uploads\/2024\/03\/Sans-titre-1.jpg 473w, https:\/\/www.noemie-sanson.fr\/wordpress\/wp-content\/uploads\/2024\/03\/Sans-titre-1-234x300.jpg 234w\" sizes=\"auto, (max-width: 473px) 100vw, 473px\" \/><\/a><figcaption class=\"wp-element-caption\">association en Faim de COntes nov 2023 \u00e0 la MJC de Frenes (94)<\/figcaption><\/figure>\n\n\n\n<figure class=\"wp-block-image size-large\"><a href=\"https:\/\/www.noemie-sanson.fr\/wordpress\/wp-content\/uploads\/2024\/03\/367699292_604799171808103_8492972207826362184_n.jpg\"><img loading=\"lazy\" decoding=\"async\" width=\"1024\" height=\"576\" data-id=\"3846\" src=\"https:\/\/www.noemie-sanson.fr\/wordpress\/wp-content\/uploads\/2024\/03\/367699292_604799171808103_8492972207826362184_n-1024x576.jpg\" alt=\"\" class=\"wp-image-3846\" srcset=\"https:\/\/www.noemie-sanson.fr\/wordpress\/wp-content\/uploads\/2024\/03\/367699292_604799171808103_8492972207826362184_n-1024x576.jpg 1024w, https:\/\/www.noemie-sanson.fr\/wordpress\/wp-content\/uploads\/2024\/03\/367699292_604799171808103_8492972207826362184_n-300x169.jpg 300w, https:\/\/www.noemie-sanson.fr\/wordpress\/wp-content\/uploads\/2024\/03\/367699292_604799171808103_8492972207826362184_n-768x432.jpg 768w, https:\/\/www.noemie-sanson.fr\/wordpress\/wp-content\/uploads\/2024\/03\/367699292_604799171808103_8492972207826362184_n.jpg 1280w\" sizes=\"auto, (max-width: 1024px) 100vw, 1024px\" \/><\/a><figcaption class=\"wp-element-caption\">Festival Bio au Cochon Z\u00e9br\u00e9, juin 2023 (72)<\/figcaption><\/figure>\n\n\n\n<figure class=\"wp-block-image size-large\"><a href=\"https:\/\/www.noemie-sanson.fr\/wordpress\/wp-content\/uploads\/2024\/03\/347237591_103311306144236_893595138641363037_n.jpg\"><img loading=\"lazy\" decoding=\"async\" width=\"1024\" height=\"682\" data-id=\"3847\" src=\"https:\/\/www.noemie-sanson.fr\/wordpress\/wp-content\/uploads\/2024\/03\/347237591_103311306144236_893595138641363037_n-1024x682.jpg\" alt=\"\" class=\"wp-image-3847\" srcset=\"https:\/\/www.noemie-sanson.fr\/wordpress\/wp-content\/uploads\/2024\/03\/347237591_103311306144236_893595138641363037_n-1024x682.jpg 1024w, https:\/\/www.noemie-sanson.fr\/wordpress\/wp-content\/uploads\/2024\/03\/347237591_103311306144236_893595138641363037_n-300x200.jpg 300w, https:\/\/www.noemie-sanson.fr\/wordpress\/wp-content\/uploads\/2024\/03\/347237591_103311306144236_893595138641363037_n-768x511.jpg 768w, https:\/\/www.noemie-sanson.fr\/wordpress\/wp-content\/uploads\/2024\/03\/347237591_103311306144236_893595138641363037_n-1536x1022.jpg 1536w, https:\/\/www.noemie-sanson.fr\/wordpress\/wp-content\/uploads\/2024\/03\/347237591_103311306144236_893595138641363037_n.jpg 2048w\" sizes=\"auto, (max-width: 1024px) 100vw, 1024px\" \/><\/a><figcaption class=\"wp-element-caption\">Festival Zik&rsquo;Bouf , association Arterres \u00e0 La Pernelle <\/figcaption><\/figure>\n\n\n\n<figure class=\"wp-block-image size-large\"><a href=\"https:\/\/www.noemie-sanson.fr\/wordpress\/wp-content\/uploads\/2024\/03\/354934280_103311956144171_9075450057428809953_n.jpg\"><img loading=\"lazy\" decoding=\"async\" width=\"1024\" height=\"682\" data-id=\"3849\" src=\"https:\/\/www.noemie-sanson.fr\/wordpress\/wp-content\/uploads\/2024\/03\/354934280_103311956144171_9075450057428809953_n-1024x682.jpg\" alt=\"\" class=\"wp-image-3849\" srcset=\"https:\/\/www.noemie-sanson.fr\/wordpress\/wp-content\/uploads\/2024\/03\/354934280_103311956144171_9075450057428809953_n-1024x682.jpg 1024w, https:\/\/www.noemie-sanson.fr\/wordpress\/wp-content\/uploads\/2024\/03\/354934280_103311956144171_9075450057428809953_n-300x200.jpg 300w, https:\/\/www.noemie-sanson.fr\/wordpress\/wp-content\/uploads\/2024\/03\/354934280_103311956144171_9075450057428809953_n-768x511.jpg 768w, https:\/\/www.noemie-sanson.fr\/wordpress\/wp-content\/uploads\/2024\/03\/354934280_103311956144171_9075450057428809953_n-1536x1022.jpg 1536w, https:\/\/www.noemie-sanson.fr\/wordpress\/wp-content\/uploads\/2024\/03\/354934280_103311956144171_9075450057428809953_n.jpg 2048w\" sizes=\"auto, (max-width: 1024px) 100vw, 1024px\" \/><\/a><\/figure>\n\n\n\n<figure class=\"wp-block-image size-large\"><a href=\"https:\/\/www.noemie-sanson.fr\/wordpress\/wp-content\/uploads\/2024\/03\/367782467_338680235168878_264874783586790710_n-scaled.jpg\"><img loading=\"lazy\" decoding=\"async\" width=\"1024\" height=\"768\" data-id=\"3851\" src=\"https:\/\/www.noemie-sanson.fr\/wordpress\/wp-content\/uploads\/2024\/03\/367782467_338680235168878_264874783586790710_n-1024x768.jpg\" alt=\"\" class=\"wp-image-3851\" srcset=\"https:\/\/www.noemie-sanson.fr\/wordpress\/wp-content\/uploads\/2024\/03\/367782467_338680235168878_264874783586790710_n-1024x768.jpg 1024w, https:\/\/www.noemie-sanson.fr\/wordpress\/wp-content\/uploads\/2024\/03\/367782467_338680235168878_264874783586790710_n-300x225.jpg 300w, https:\/\/www.noemie-sanson.fr\/wordpress\/wp-content\/uploads\/2024\/03\/367782467_338680235168878_264874783586790710_n-768x576.jpg 768w, https:\/\/www.noemie-sanson.fr\/wordpress\/wp-content\/uploads\/2024\/03\/367782467_338680235168878_264874783586790710_n-1536x1152.jpg 1536w, https:\/\/www.noemie-sanson.fr\/wordpress\/wp-content\/uploads\/2024\/03\/367782467_338680235168878_264874783586790710_n-2048x1536.jpg 2048w\" sizes=\"auto, (max-width: 1024px) 100vw, 1024px\" \/><\/a><\/figure>\n\n\n\n<figure class=\"wp-block-image size-large\"><a href=\"https:\/\/www.noemie-sanson.fr\/wordpress\/wp-content\/uploads\/2024\/03\/1709896199409.jpg\"><img loading=\"lazy\" decoding=\"async\" width=\"1024\" height=\"771\" data-id=\"3855\" src=\"https:\/\/www.noemie-sanson.fr\/wordpress\/wp-content\/uploads\/2024\/03\/1709896199409-1024x771.jpg\" alt=\"\" class=\"wp-image-3855\" srcset=\"https:\/\/www.noemie-sanson.fr\/wordpress\/wp-content\/uploads\/2024\/03\/1709896199409-1024x771.jpg 1024w, https:\/\/www.noemie-sanson.fr\/wordpress\/wp-content\/uploads\/2024\/03\/1709896199409-300x226.jpg 300w, https:\/\/www.noemie-sanson.fr\/wordpress\/wp-content\/uploads\/2024\/03\/1709896199409-768x578.jpg 768w, https:\/\/www.noemie-sanson.fr\/wordpress\/wp-content\/uploads\/2024\/03\/1709896199409-1536x1156.jpg 1536w, https:\/\/www.noemie-sanson.fr\/wordpress\/wp-content\/uploads\/2024\/03\/1709896199409.jpg 1600w\" sizes=\"auto, (max-width: 1024px) 100vw, 1024px\" \/><\/a><figcaption class=\"wp-element-caption\">Racont\u00e9e \u00e0 l&rsquo;H\u00eatel Les Fuchsias \u00e0 Saint Vaast La Hougue (50)<\/figcaption><\/figure>\n\n\n\n<figure class=\"wp-block-image size-full\"><a href=\"https:\/\/www.noemie-sanson.fr\/wordpress\/wp-content\/uploads\/2024\/03\/Sans-titre4.jpg\"><img loading=\"lazy\" decoding=\"async\" width=\"720\" height=\"960\" data-id=\"3858\" src=\"https:\/\/www.noemie-sanson.fr\/wordpress\/wp-content\/uploads\/2024\/03\/Sans-titre4.jpg\" alt=\"\" class=\"wp-image-3858\" srcset=\"https:\/\/www.noemie-sanson.fr\/wordpress\/wp-content\/uploads\/2024\/03\/Sans-titre4.jpg 720w, https:\/\/www.noemie-sanson.fr\/wordpress\/wp-content\/uploads\/2024\/03\/Sans-titre4-225x300.jpg 225w\" sizes=\"auto, (max-width: 720px) 100vw, 720px\" \/><\/a><figcaption class=\"wp-element-caption\">Racont\u00e9e \u00e0 la Biblioth\u00e8que de Mar\u00e7on (72)<\/figcaption><\/figure>\n<\/figure>\n\n\n\n<figure class=\"wp-block-gallery has-nested-images columns-default is-cropped wp-block-gallery-2 is-layout-flex wp-block-gallery-is-layout-flex\">\n<figure class=\"wp-block-image size-full\"><a href=\"https:\/\/www.noemie-sanson.fr\/wordpress\/wp-content\/uploads\/2024\/03\/CHR0028.jpg\"><img loading=\"lazy\" decoding=\"async\" width=\"300\" height=\"450\" data-id=\"3895\" src=\"https:\/\/www.noemie-sanson.fr\/wordpress\/wp-content\/uploads\/2024\/03\/CHR0028.jpg\" alt=\"\" class=\"wp-image-3895\" srcset=\"https:\/\/www.noemie-sanson.fr\/wordpress\/wp-content\/uploads\/2024\/03\/CHR0028.jpg 300w, https:\/\/www.noemie-sanson.fr\/wordpress\/wp-content\/uploads\/2024\/03\/CHR0028-200x300.jpg 200w\" sizes=\"auto, (max-width: 300px) 100vw, 300px\" \/><\/a><figcaption class=\"wp-element-caption\">La Beaut\u00e9 du Monde, racont\u00e9e au Festival Les Sciences et Nous sur l&rsquo;\u00eele de Noirmoutier (85)<\/figcaption><\/figure>\n\n\n\n<figure class=\"wp-block-image size-full\"><a href=\"https:\/\/www.noemie-sanson.fr\/wordpress\/wp-content\/uploads\/2024\/03\/CHR0025_01.jpg\"><img loading=\"lazy\" decoding=\"async\" width=\"300\" height=\"449\" data-id=\"3897\" src=\"https:\/\/www.noemie-sanson.fr\/wordpress\/wp-content\/uploads\/2024\/03\/CHR0025_01.jpg\" alt=\"\" class=\"wp-image-3897\" srcset=\"https:\/\/www.noemie-sanson.fr\/wordpress\/wp-content\/uploads\/2024\/03\/CHR0025_01.jpg 300w, https:\/\/www.noemie-sanson.fr\/wordpress\/wp-content\/uploads\/2024\/03\/CHR0025_01-200x300.jpg 200w\" sizes=\"auto, (max-width: 300px) 100vw, 300px\" \/><\/a><\/figure>\n<\/figure>\n","protected":false},"excerpt":{"rendered":"<p>Racont\u00e9e concoct\u00e9e sur -mesure en fonction de l&rsquo;\u00e9v\u00e8nement, du public, et de l&rsquo;envie du moment !<\/p>\n","protected":false},"author":2,"featured_media":3855,"parent":1103,"menu_order":9,"comment_status":"closed","ping_status":"closed","template":"","meta":{"footnotes":""},"class_list":["post-3749","page","type-page","status-publish","has-post-thumbnail","hentry"],"_links":{"self":[{"href":"https:\/\/www.noemie-sanson.fr\/index.php?rest_route=\/wp\/v2\/pages\/3749","targetHints":{"allow":["GET"]}}],"collection":[{"href":"https:\/\/www.noemie-sanson.fr\/index.php?rest_route=\/wp\/v2\/pages"}],"about":[{"href":"https:\/\/www.noemie-sanson.fr\/index.php?rest_route=\/wp\/v2\/types\/page"}],"author":[{"embeddable":true,"href":"https:\/\/www.noemie-sanson.fr\/index.php?rest_route=\/wp\/v2\/users\/2"}],"replies":[{"embeddable":true,"href":"https:\/\/www.noemie-sanson.fr\/index.php?rest_route=%2Fwp%2Fv2%2Fcomments&post=3749"}],"version-history":[{"count":4,"href":"https:\/\/www.noemie-sanson.fr\/index.php?rest_route=\/wp\/v2\/pages\/3749\/revisions"}],"predecessor-version":[{"id":3898,"href":"https:\/\/www.noemie-sanson.fr\/index.php?rest_route=\/wp\/v2\/pages\/3749\/revisions\/3898"}],"up":[{"embeddable":true,"href":"https:\/\/www.noemie-sanson.fr\/index.php?rest_route=\/wp\/v2\/pages\/1103"}],"wp:featuredmedia":[{"embeddable":true,"href":"https:\/\/www.noemie-sanson.fr\/index.php?rest_route=\/wp\/v2\/media\/3855"}],"wp:attachment":[{"href":"https:\/\/www.noemie-sanson.fr\/index.php?rest_route=%2Fwp%2Fv2%2Fmedia&parent=3749"}],"curies":[{"name":"wp","href":"https:\/\/api.w.org\/{rel}","templated":true}]}}