{"id":3752,"date":"2024-02-23T10:04:26","date_gmt":"2024-02-23T08:04:26","guid":{"rendered":"https:\/\/www.noemie-sanson.fr\/?page_id=3752"},"modified":"2024-03-08T12:33:40","modified_gmt":"2024-03-08T10:33:40","slug":"pied-patte-pouce","status":"publish","type":"page","link":"https:\/\/www.noemie-sanson.fr\/?page_id=3752","title":{"rendered":"Pied, Patte, Pouce ( \u00e0 partir de 6 ans)"},"content":{"rendered":"\n<p>Spectacle tout public \u00e0 partir de 6 ans<\/p>\n\n\n\n<p>Dur\u00e9e : 1h<\/p>\n\n\n<div class=\"wp-block-image\">\n<figure class=\"aligncenter size-large\"><a href=\"https:\/\/www.noemie-sanson.fr\/wordpress\/wp-content\/uploads\/2024\/02\/petite-2.jpg\"><img loading=\"lazy\" decoding=\"async\" width=\"1024\" height=\"598\" src=\"https:\/\/www.noemie-sanson.fr\/wordpress\/wp-content\/uploads\/2024\/02\/petite-2-1024x598.jpg\" alt=\"\" class=\"wp-image-3754\" srcset=\"https:\/\/www.noemie-sanson.fr\/wordpress\/wp-content\/uploads\/2024\/02\/petite-2-1024x598.jpg 1024w, https:\/\/www.noemie-sanson.fr\/wordpress\/wp-content\/uploads\/2024\/02\/petite-2-300x175.jpg 300w, https:\/\/www.noemie-sanson.fr\/wordpress\/wp-content\/uploads\/2024\/02\/petite-2-768x449.jpg 768w, https:\/\/www.noemie-sanson.fr\/wordpress\/wp-content\/uploads\/2024\/02\/petite-2.jpg 1080w\" sizes=\"auto, (max-width: 1024px) 100vw, 1024px\" \/><\/a><figcaption class=\"wp-element-caption\">Nuits de La Lecture 2024, m\u00e9diath\u00e8que d&rsquo;Auneau (28)<\/figcaption><\/figure>\n<\/div>\n\n\n<p class=\"has-text-align-center has-white-color has-text-color has-background has-link-color has-medium-font-size wp-elements-d88f3545dfc331c7649bae3916d00199\" style=\"background:linear-gradient(135deg,rgb(254,205,165) 0%,rgb(254,45,45) 0%,rgb(107,0,62) 63%)\">Moiti\u00e9 de Poulet, La&nbsp;Patte&nbsp;Pelue,  : dr\u00f4les de surnoms!<\/p>\n\n\n\n<p class=\"has-text-align-center has-white-color has-text-color has-background has-link-color has-medium-font-size wp-elements-71243a8be132947e4a5789d7cf5d3044\" style=\"background:linear-gradient(135deg,rgb(254,205,165) 0%,rgb(254,45,45) 0%,rgb(107,0,62) 59%)\">Dr\u00f4les de surnoms, mais sacr\u00e9s num\u00e9ros !<\/p>\n\n\n\n<p class=\"has-text-align-center has-white-color has-text-color has-background has-link-color has-medium-font-size wp-elements-045b5811ce2f099bf42bdf2ae617b649\" style=\"background:linear-gradient(135deg,rgb(254,205,165) 0%,rgb(254,45,45) 0%,rgb(107,0,62) 66%)\">A la naissance, c\u2019est vrai que la nature les a dot\u00e9s d\u2019attributs \u00e9tranges. Diff\u00e9rents d\u00e8s leur premier souffle. Pourtant d\u2019o\u00f9 qu\u2019ils viennent, et avec ce qu\u2019ils sont de la t\u00eate aux&nbsp;pieds (ou \u00e0 cloche-pied&nbsp;!), ils sont les premiers \u00e0 user d\u2019intelligence aiguis\u00e9e, de courage, et d\u2019audace. Bienvenue dans leurs monde remplis de rois, de montagnes de verre, d\u2019ogres et d\u2019ogresses.<\/p>\n\n\n\n<p><\/p>\n\n\n<div class=\"wp-block-image\">\n<figure class=\"aligncenter size-full\"><a href=\"https:\/\/www.noemie-sanson.fr\/wordpress\/wp-content\/uploads\/2024\/02\/petite-4-scaled.jpg\"><img loading=\"lazy\" decoding=\"async\" width=\"2560\" height=\"1293\" src=\"https:\/\/www.noemie-sanson.fr\/wordpress\/wp-content\/uploads\/2024\/02\/petite-4-scaled.jpg\" alt=\"\" class=\"wp-image-3759\" srcset=\"https:\/\/www.noemie-sanson.fr\/wordpress\/wp-content\/uploads\/2024\/02\/petite-4-scaled.jpg 2560w, https:\/\/www.noemie-sanson.fr\/wordpress\/wp-content\/uploads\/2024\/02\/petite-4-300x152.jpg 300w, https:\/\/www.noemie-sanson.fr\/wordpress\/wp-content\/uploads\/2024\/02\/petite-4-1024x517.jpg 1024w, https:\/\/www.noemie-sanson.fr\/wordpress\/wp-content\/uploads\/2024\/02\/petite-4-768x388.jpg 768w, https:\/\/www.noemie-sanson.fr\/wordpress\/wp-content\/uploads\/2024\/02\/petite-4-1536x776.jpg 1536w, https:\/\/www.noemie-sanson.fr\/wordpress\/wp-content\/uploads\/2024\/02\/petite-4-2048x1035.jpg 2048w\" sizes=\"auto, (max-width: 2560px) 100vw, 2560px\" \/><\/a><figcaption class=\"wp-element-caption\">Nuits de La Lecture 2024 biblioth\u00e8que de Mansign\u00e9 (72)<\/figcaption><\/figure>\n<\/div>","protected":false},"excerpt":{"rendered":"<p>Spectacle tout public \u00e0 partir de 6 ans Dur\u00e9e : 1h Moiti\u00e9 de Poulet, La&nbsp;Patte&nbsp;Pelue, : dr\u00f4les de surnoms! Dr\u00f4les de surnoms, mais sacr\u00e9s num\u00e9ros ! A la naissance, c\u2019est vrai que la nature les a dot\u00e9s d\u2019attributs \u00e9tranges. Diff\u00e9rents &hellip; <a href=\"https:\/\/www.noemie-sanson.fr\/?page_id=3752\">Continuer la lecture <span class=\"meta-nav\">&rarr;<\/span><\/a><\/p>\n","protected":false},"author":2,"featured_media":3758,"parent":3829,"menu_order":5,"comment_status":"closed","ping_status":"closed","template":"","meta":{"footnotes":""},"class_list":["post-3752","page","type-page","status-publish","has-post-thumbnail","hentry"],"_links":{"self":[{"href":"https:\/\/www.noemie-sanson.fr\/index.php?rest_route=\/wp\/v2\/pages\/3752","targetHints":{"allow":["GET"]}}],"collection":[{"href":"https:\/\/www.noemie-sanson.fr\/index.php?rest_route=\/wp\/v2\/pages"}],"about":[{"href":"https:\/\/www.noemie-sanson.fr\/index.php?rest_route=\/wp\/v2\/types\/page"}],"author":[{"embeddable":true,"href":"https:\/\/www.noemie-sanson.fr\/index.php?rest_route=\/wp\/v2\/users\/2"}],"replies":[{"embeddable":true,"href":"https:\/\/www.noemie-sanson.fr\/index.php?rest_route=%2Fwp%2Fv2%2Fcomments&post=3752"}],"version-history":[{"count":5,"href":"https:\/\/www.noemie-sanson.fr\/index.php?rest_route=\/wp\/v2\/pages\/3752\/revisions"}],"predecessor-version":[{"id":3764,"href":"https:\/\/www.noemie-sanson.fr\/index.php?rest_route=\/wp\/v2\/pages\/3752\/revisions\/3764"}],"up":[{"embeddable":true,"href":"https:\/\/www.noemie-sanson.fr\/index.php?rest_route=\/wp\/v2\/pages\/3829"}],"wp:featuredmedia":[{"embeddable":true,"href":"https:\/\/www.noemie-sanson.fr\/index.php?rest_route=\/wp\/v2\/media\/3758"}],"wp:attachment":[{"href":"https:\/\/www.noemie-sanson.fr\/index.php?rest_route=%2Fwp%2Fv2%2Fmedia&parent=3752"}],"curies":[{"name":"wp","href":"https:\/\/api.w.org\/{rel}","templated":true}]}}