{"id":3996,"date":"2024-03-14T10:54:33","date_gmt":"2024-03-14T08:54:33","guid":{"rendered":"https:\/\/www.noemie-sanson.fr\/?page_id=3996"},"modified":"2024-03-14T10:58:15","modified_gmt":"2024-03-14T08:58:15","slug":"le-ciel-de-nos-reves","status":"publish","type":"page","link":"https:\/\/www.noemie-sanson.fr\/?page_id=3996","title":{"rendered":"Bouquet d&rsquo;ateliers cr\u00e9atifs"},"content":{"rendered":"\n<p>Sous forme de stages, d&rsquo;ateliers, de chantiers de cr\u00e9ation, No\u00e9mie vous propose d&rsquo;aller \u00e0 la rencontre des cercles de femmes, des cercles d&rsquo;hommes et de femmes venant d&rsquo;ailleurs, des jeunes gens en devenir, des personnes \u00e2g\u00e9es, des enfants, des conteurs en herbe qui ne se connaissent pas encore, afin de construire collectivement des soir\u00e9es ou apr\u00e8s-midi po\u00e9tiques o\u00f9 paroles, contes et histoires s&rsquo;entrem\u00ealent.<\/p>\n\n\n\n<p>Tout projet se cr\u00e9ant dans l&rsquo;\u00e9change,<\/p>\n\n\n\n<p class=\"has-text-align-left\">n&rsquo;h\u00e9sitez pas \u00e0 la contacter pour lui soumettre vos envies, vos id\u00e9es !<\/p>\n","protected":false},"excerpt":{"rendered":"<p>Sous forme de stages, d&rsquo;ateliers, de chantiers de cr\u00e9ation, No\u00e9mie vous propose d&rsquo;aller \u00e0 la rencontre des cercles de femmes, des cercles d&rsquo;hommes et de femmes venant d&rsquo;ailleurs, des jeunes gens en devenir, des personnes \u00e2g\u00e9es, des enfants, des conteurs &hellip; <a href=\"https:\/\/www.noemie-sanson.fr\/?page_id=3996\">Continuer la lecture <span class=\"meta-nav\">&rarr;<\/span><\/a><\/p>\n","protected":false},"author":2,"featured_media":0,"parent":3076,"menu_order":3,"comment_status":"closed","ping_status":"closed","template":"","meta":{"footnotes":""},"class_list":["post-3996","page","type-page","status-publish","hentry"],"_links":{"self":[{"href":"https:\/\/www.noemie-sanson.fr\/index.php?rest_route=\/wp\/v2\/pages\/3996","targetHints":{"allow":["GET"]}}],"collection":[{"href":"https:\/\/www.noemie-sanson.fr\/index.php?rest_route=\/wp\/v2\/pages"}],"about":[{"href":"https:\/\/www.noemie-sanson.fr\/index.php?rest_route=\/wp\/v2\/types\/page"}],"author":[{"embeddable":true,"href":"https:\/\/www.noemie-sanson.fr\/index.php?rest_route=\/wp\/v2\/users\/2"}],"replies":[{"embeddable":true,"href":"https:\/\/www.noemie-sanson.fr\/index.php?rest_route=%2Fwp%2Fv2%2Fcomments&post=3996"}],"version-history":[{"count":4,"href":"https:\/\/www.noemie-sanson.fr\/index.php?rest_route=\/wp\/v2\/pages\/3996\/revisions"}],"predecessor-version":[{"id":4002,"href":"https:\/\/www.noemie-sanson.fr\/index.php?rest_route=\/wp\/v2\/pages\/3996\/revisions\/4002"}],"up":[{"embeddable":true,"href":"https:\/\/www.noemie-sanson.fr\/index.php?rest_route=\/wp\/v2\/pages\/3076"}],"wp:attachment":[{"href":"https:\/\/www.noemie-sanson.fr\/index.php?rest_route=%2Fwp%2Fv2%2Fmedia&parent=3996"}],"curies":[{"name":"wp","href":"https:\/\/api.w.org\/{rel}","templated":true}]}}