{"id":4081,"date":"2024-10-15T11:42:06","date_gmt":"2024-10-15T09:42:06","guid":{"rendered":"https:\/\/www.noemie-sanson.fr\/?page_id=4081"},"modified":"2025-06-13T11:30:11","modified_gmt":"2025-06-13T09:30:11","slug":"saison-2024-2025-pratique-du-conte","status":"publish","type":"page","link":"https:\/\/www.noemie-sanson.fr\/?page_id=4081","title":{"rendered":"Saison 2024-2025 :  Pratique du conte"},"content":{"rendered":"\n<p class=\"has-drop-cap has-text-color has-link-color has-medium-font-size wp-elements-8b942d40587bf834eaed4f3c7f53f54b\" style=\"color:#7400cc\">La fiche d&rsquo;inscription : <\/p>\n\n\n\n<div data-wp-interactive=\"core\/file\" class=\"wp-block-file\"><object data-wp-bind--hidden=\"!state.hasPdfPreview\" hidden class=\"wp-block-file__embed\" data=\"https:\/\/www.noemie-sanson.fr\/wordpress\/wp-content\/uploads\/2025\/06\/Inscription-Stage.pdf\" type=\"application\/pdf\" style=\"width:100%;height:600px\" aria-label=\"Contenu embarqu\u00e9 Inscription Stage.\"><\/object><a id=\"wp-block-file--media-01700356-9926-4151-8459-518a9a4d8d48\" href=\"https:\/\/www.noemie-sanson.fr\/wordpress\/wp-content\/uploads\/2025\/06\/Inscription-Stage.pdf\">Inscription Stage<\/a><a href=\"https:\/\/www.noemie-sanson.fr\/wordpress\/wp-content\/uploads\/2025\/06\/Inscription-Stage.pdf\" class=\"wp-block-file__button wp-element-button\" download aria-describedby=\"wp-block-file--media-01700356-9926-4151-8459-518a9a4d8d48\">T\u00e9l\u00e9charger<\/a><\/div>\n\n\n\n\n\n<figure class=\"wp-block-image\"><img loading=\"lazy\" decoding=\"async\" width=\"1587\" height=\"2245\" src=\"https:\/\/www.noemie-sanson.fr\/wordpress\/wp-content\/uploads\/2025\/06\/Stage-dete-7-1.jpg\" alt=\"\" class=\"wp-image-4225\" srcset=\"https:\/\/www.noemie-sanson.fr\/wordpress\/wp-content\/uploads\/2025\/06\/Stage-dete-7-1.jpg 1587w, https:\/\/www.noemie-sanson.fr\/wordpress\/wp-content\/uploads\/2025\/06\/Stage-dete-7-1-212x300.jpg 212w, https:\/\/www.noemie-sanson.fr\/wordpress\/wp-content\/uploads\/2025\/06\/Stage-dete-7-1-724x1024.jpg 724w, https:\/\/www.noemie-sanson.fr\/wordpress\/wp-content\/uploads\/2025\/06\/Stage-dete-7-1-768x1086.jpg 768w, https:\/\/www.noemie-sanson.fr\/wordpress\/wp-content\/uploads\/2025\/06\/Stage-dete-7-1-1086x1536.jpg 1086w, https:\/\/www.noemie-sanson.fr\/wordpress\/wp-content\/uploads\/2025\/06\/Stage-dete-7-1-1448x2048.jpg 1448w\" sizes=\"auto, (max-width: 1587px) 100vw, 1587px\" \/><\/figure>\n\n\n\n<figure class=\"wp-block-gallery has-nested-images columns-default is-cropped wp-block-gallery-1 is-layout-flex wp-block-gallery-is-layout-flex\">\n<figure class=\"wp-block-image size-large\"><a href=\"https:\/\/www.noemie-sanson.fr\/wordpress\/wp-content\/uploads\/2025\/03\/La-saison-des-contes-2-1-page-001-scaled.jpg\"><img loading=\"lazy\" decoding=\"async\" width=\"724\" height=\"1024\" data-id=\"4187\" src=\"https:\/\/www.noemie-sanson.fr\/wordpress\/wp-content\/uploads\/2025\/03\/La-saison-des-contes-2-1-page-001-724x1024.jpg\" alt=\"\" class=\"wp-image-4187\" srcset=\"https:\/\/www.noemie-sanson.fr\/wordpress\/wp-content\/uploads\/2025\/03\/La-saison-des-contes-2-1-page-001-724x1024.jpg 724w, https:\/\/www.noemie-sanson.fr\/wordpress\/wp-content\/uploads\/2025\/03\/La-saison-des-contes-2-1-page-001-212x300.jpg 212w, https:\/\/www.noemie-sanson.fr\/wordpress\/wp-content\/uploads\/2025\/03\/La-saison-des-contes-2-1-page-001-768x1086.jpg 768w, https:\/\/www.noemie-sanson.fr\/wordpress\/wp-content\/uploads\/2025\/03\/La-saison-des-contes-2-1-page-001-1086x1536.jpg 1086w, https:\/\/www.noemie-sanson.fr\/wordpress\/wp-content\/uploads\/2025\/03\/La-saison-des-contes-2-1-page-001-1448x2048.jpg 1448w, https:\/\/www.noemie-sanson.fr\/wordpress\/wp-content\/uploads\/2025\/03\/La-saison-des-contes-2-1-page-001-scaled.jpg 1810w\" sizes=\"auto, (max-width: 724px) 100vw, 724px\" \/><\/a><\/figure>\n<\/figure>\n\n\n\n<p class=\"has-drop-cap has-white-color has-text-color has-background has-link-color has-medium-font-size wp-elements-a4a879c556084b74e98daf41d41c9863\" style=\"background-color:#af43c9fa\">Les Ateliers d\u00e9couvertes pour adultes et adolescents :<\/p>\n\n\n\n<p><\/p>\n\n\n\n<p class=\"has-drop-cap has-light-gray-background-color has-background\">Un atelier pour plonger au c\u0153ur du<strong> conte traditionnel, de l&rsquo;oralit\u00e9, de l&rsquo;imaginaire<\/strong>.<br><strong>Plaisir, \u00e9motion, sens du partage<\/strong> seront les navires sur lesquels nous voguerons pour aller d\u00e9couvrir, <strong>par le jeu et par le collectif,<\/strong> la parole du conte.<br>10 pers max. Inscriptions souhait\u00e9es.<\/p>\n\n\n\n<p class=\"has-text-align-left has-black-color has-light-gray-background-color has-text-color has-background has-link-color wp-elements-9c03de9c90d83c5eff44e97d68b4f200\"><strong>Vendredi 15 novembre de 19h30 \u00e0 21h30 La Brass&rsquo;Vie de Jupilles<\/strong>, &nbsp;Le Saint-Jacques,&nbsp; Place Ricordeau, 72500 Jupilles \/ gratuit <\/p>\n\n\n\n<p class=\"has-light-gray-background-color has-background\"><strong>Lundi 18 novembre,  de 17h \u00e0 19h<\/strong>,<strong> salle des F\u00eates de Beaumont sur D\u00eame<\/strong> 72340 \/ gratuit<\/p>\n\n\n\n<p><\/p>\n\n\n\n<p class=\"has-drop-cap has-white-color has-text-color has-background has-link-color has-medium-font-size wp-elements-8cd4ca896410821de2235d501b144a65\" style=\"background-color:#a700fad6\">Les Journ\u00e9es du dimanche : une journ\u00e9e pour pratiquer !<\/p>\n\n\n\n<p class=\"has-black-color has-light-gray-background-color has-text-color has-background has-link-color wp-elements-ee112a2286d605cb78bc677001677b65\">Cet atelier de pratique du conte est destin\u00e9 \u00e0 tout adulte. Habitu\u00e9s de la Parole ou pas, d\u00e9butants ou initi\u00e9s, chacun.e pourra trouver sa place aux pays des contes et des histoires. <strong>La voix, le corps, l&rsquo;imaginaire<\/strong> seront les outils avec lesquels nous voyagerons. <strong>Plaisir, \u00e9motion, sens du partage<\/strong> seront les navires sur lesquels nous voguerons. <br>Vous pouvez venir avec une histoire en poche, ou pas !<\/p>\n\n\n\n<p><em>Horaires <\/em>: 10h30-16h30 avec pause d\u00e9jeuner le midi <br><br><em>Tarif <\/em>: 50\u20ac la journ\u00e9e \/ 90\u20ac deux journ\u00e9es \/ 120\u20ac trois journ\u00e9es <\/p>\n\n\n\n<p><em>Lieu <\/em>: salle des F\u00eates de Mar\u00e7on ( <strong>Salle Communale Chemin des Gourdeaux<\/strong> 72340 Mar\u00e7on)<\/p>\n\n\n\n<p>Les dates : <\/p>\n\n\n\n<p class=\"has-black-color has-light-gray-background-color has-text-color has-background has-link-color has-medium-font-size wp-elements-ed4f57f783a197efed41bbf226fdbcb5\">Dimanche 17 novembre 2024 (pour d\u00e9butants et confirm\u00e9s)<\/p>\n\n\n\n<p class=\"has-black-color has-light-gray-background-color has-text-color has-background has-link-color has-medium-font-size wp-elements-bbd3b1f75abc7f65b63b33061169c8cc\">Dimanche 2 f\u00e9vrier 2025 (pour d\u00e9butants et confirm\u00e9s)<\/p>\n\n\n\n<p class=\"has-black-color has-light-gray-background-color has-text-color has-background has-link-color has-medium-font-size wp-elements-31b299a205d7116334139610442fca2b\">Dimanche 16 mars 2025 (pour d\u00e9butants et confirm\u00e9s)<\/p>\n\n\n\n<p class=\"has-black-color has-light-gray-background-color has-text-color has-background has-link-color has-medium-font-size wp-elements-15bd3bbbf02e98507922af01540f1f71\">Dimanche 25 mai 2025 ( pour confirm\u00e9s et artistes professionnels de toute discipline artistique)<\/p>\n\n\n\n<p class=\"has-white-color has-text-color has-background has-link-color has-medium-font-size wp-elements-2a102373a69eb527a544743725de2eff\" style=\"background-color:#8800ccad\">Fl\u00e2neries au bord des contes N\u00b0 2 : stage immersif de trois jours&nbsp;( \u00e9t\u00e9 2024 \/ Mar\u00e7on) ( informations sur demande)<\/p>\n\n\n\n<p class=\"has-text-align-center has-medium-font-size\">Bienvenue \u00e0 toutes et \u00e0 tous ainsi qu&rsquo;\u00e0 vos univers !<\/p>\n\n\n\n<p class=\"has-text-align-center has-medium-font-size\">Un \u00e9change t\u00e9l\u00e9phonique est requis avant toute inscription.<\/p>\n\n\n\n<figure class=\"wp-block-gallery has-nested-images columns-default is-cropped wp-block-gallery-2 is-layout-flex wp-block-gallery-is-layout-flex\">\n<figure class=\"wp-block-image size-large\"><a href=\"https:\/\/www.noemie-sanson.fr\/wordpress\/wp-content\/uploads\/2025\/02\/La-saison-des-contes-2-verso-1.jpg\"><img loading=\"lazy\" decoding=\"async\" width=\"724\" height=\"1024\" data-id=\"4163\" src=\"https:\/\/www.noemie-sanson.fr\/wordpress\/wp-content\/uploads\/2025\/02\/La-saison-des-contes-2-verso-1-724x1024.jpg\" alt=\"\" class=\"wp-image-4163\" srcset=\"https:\/\/www.noemie-sanson.fr\/wordpress\/wp-content\/uploads\/2025\/02\/La-saison-des-contes-2-verso-1-724x1024.jpg 724w, https:\/\/www.noemie-sanson.fr\/wordpress\/wp-content\/uploads\/2025\/02\/La-saison-des-contes-2-verso-1-212x300.jpg 212w, https:\/\/www.noemie-sanson.fr\/wordpress\/wp-content\/uploads\/2025\/02\/La-saison-des-contes-2-verso-1-768x1086.jpg 768w, https:\/\/www.noemie-sanson.fr\/wordpress\/wp-content\/uploads\/2025\/02\/La-saison-des-contes-2-verso-1-1086x1536.jpg 1086w, https:\/\/www.noemie-sanson.fr\/wordpress\/wp-content\/uploads\/2025\/02\/La-saison-des-contes-2-verso-1-1448x2048.jpg 1448w, https:\/\/www.noemie-sanson.fr\/wordpress\/wp-content\/uploads\/2025\/02\/La-saison-des-contes-2-verso-1.jpg 1587w\" sizes=\"auto, (max-width: 724px) 100vw, 724px\" \/><\/a><\/figure>\n<\/figure>\n\n\n\n\n\n<figure class=\"wp-block-image size-large\"><a href=\"https:\/\/www.noemie-sanson.fr\/wordpress\/wp-content\/uploads\/2025\/02\/La-saison-des-contes-recto.jpg\"><img loading=\"lazy\" decoding=\"async\" width=\"724\" height=\"1024\" src=\"https:\/\/www.noemie-sanson.fr\/wordpress\/wp-content\/uploads\/2025\/02\/La-saison-des-contes-recto-724x1024.jpg\" alt=\"\" class=\"wp-image-4161\" srcset=\"https:\/\/www.noemie-sanson.fr\/wordpress\/wp-content\/uploads\/2025\/02\/La-saison-des-contes-recto-724x1024.jpg 724w, https:\/\/www.noemie-sanson.fr\/wordpress\/wp-content\/uploads\/2025\/02\/La-saison-des-contes-recto-212x300.jpg 212w, https:\/\/www.noemie-sanson.fr\/wordpress\/wp-content\/uploads\/2025\/02\/La-saison-des-contes-recto-768x1086.jpg 768w, https:\/\/www.noemie-sanson.fr\/wordpress\/wp-content\/uploads\/2025\/02\/La-saison-des-contes-recto-1086x1536.jpg 1086w, https:\/\/www.noemie-sanson.fr\/wordpress\/wp-content\/uploads\/2025\/02\/La-saison-des-contes-recto-1448x2048.jpg 1448w, https:\/\/www.noemie-sanson.fr\/wordpress\/wp-content\/uploads\/2025\/02\/La-saison-des-contes-recto.jpg 1587w\" sizes=\"auto, (max-width: 724px) 100vw, 724px\" \/><\/a><\/figure>\n","protected":false},"excerpt":{"rendered":"<p>La fiche d&rsquo;inscription : Les Ateliers d\u00e9couvertes pour adultes et adolescents : Un atelier pour plonger au c\u0153ur du conte traditionnel, de l&rsquo;oralit\u00e9, de l&rsquo;imaginaire.Plaisir, \u00e9motion, sens du partage seront les navires sur lesquels nous voguerons pour aller d\u00e9couvrir, par &hellip; <a href=\"https:\/\/www.noemie-sanson.fr\/?page_id=4081\">Continuer la lecture <span class=\"meta-nav\">&rarr;<\/span><\/a><\/p>\n","protected":false},"author":2,"featured_media":4224,"parent":3076,"menu_order":0,"comment_status":"closed","ping_status":"closed","template":"","meta":{"footnotes":""},"class_list":["post-4081","page","type-page","status-publish","has-post-thumbnail","hentry"],"_links":{"self":[{"href":"https:\/\/www.noemie-sanson.fr\/index.php?rest_route=\/wp\/v2\/pages\/4081","targetHints":{"allow":["GET"]}}],"collection":[{"href":"https:\/\/www.noemie-sanson.fr\/index.php?rest_route=\/wp\/v2\/pages"}],"about":[{"href":"https:\/\/www.noemie-sanson.fr\/index.php?rest_route=\/wp\/v2\/types\/page"}],"author":[{"embeddable":true,"href":"https:\/\/www.noemie-sanson.fr\/index.php?rest_route=\/wp\/v2\/users\/2"}],"replies":[{"embeddable":true,"href":"https:\/\/www.noemie-sanson.fr\/index.php?rest_route=%2Fwp%2Fv2%2Fcomments&post=4081"}],"version-history":[{"count":11,"href":"https:\/\/www.noemie-sanson.fr\/index.php?rest_route=\/wp\/v2\/pages\/4081\/revisions"}],"predecessor-version":[{"id":4229,"href":"https:\/\/www.noemie-sanson.fr\/index.php?rest_route=\/wp\/v2\/pages\/4081\/revisions\/4229"}],"up":[{"embeddable":true,"href":"https:\/\/www.noemie-sanson.fr\/index.php?rest_route=\/wp\/v2\/pages\/3076"}],"wp:featuredmedia":[{"embeddable":true,"href":"https:\/\/www.noemie-sanson.fr\/index.php?rest_route=\/wp\/v2\/media\/4224"}],"wp:attachment":[{"href":"https:\/\/www.noemie-sanson.fr\/index.php?rest_route=%2Fwp%2Fv2%2Fmedia&parent=4081"}],"curies":[{"name":"wp","href":"https:\/\/api.w.org\/{rel}","templated":true}]}}