{"id":4099,"date":"2024-11-25T15:52:19","date_gmt":"2024-11-25T13:52:19","guid":{"rendered":"https:\/\/www.noemie-sanson.fr\/?page_id=4099"},"modified":"2024-11-25T16:09:35","modified_gmt":"2024-11-25T14:09:35","slug":"fruits-de-mere-et-grains-a-moudre","status":"publish","type":"page","link":"https:\/\/www.noemie-sanson.fr\/?page_id=4099","title":{"rendered":"Fruits de mer(e) et grains \u00e0 moudre"},"content":{"rendered":"\n<p>Fille et petite fille de marins-p\u00eacheurs, j&rsquo;ai grandi aupr\u00e8s de l&rsquo;eau qui coule, qui dort ou qui gronde !<\/p>\n\n\n\n<p>Puisant dans mes pr\u00e9c\u00e9dentes recherches en terre du Cotentin, et dans le r\u00e9pertoire des contes traditionnels d&rsquo;ici et l\u00e0, je vous propose d&#8217;embarquer \u00e0 bord d&rsquo;un navire, o\u00f9 moulin magique \u00e0 sel et \u00e0 grain se c\u00f4toient, o\u00f9 l&rsquo;ondine rode tandis qu&rsquo;au large voguent les chalutiers, o\u00f9 sur le sable, femmes et enfants ramassent le varech t\u00eate baiss\u00e9e, marchant sous le soleil qui a point\u00e9 le bout de son nez.<\/p>\n\n\n\n<p><\/p>\n\n\n\n<figure class=\"wp-block-image size-large\"><a href=\"https:\/\/www.noemie-sanson.fr\/wordpress\/wp-content\/uploads\/2024\/11\/conte-novembre-2024-2-page-001.jpg\"><img loading=\"lazy\" decoding=\"async\" width=\"724\" height=\"1024\" src=\"https:\/\/www.noemie-sanson.fr\/wordpress\/wp-content\/uploads\/2024\/11\/conte-novembre-2024-2-page-001-724x1024.jpg\" alt=\"\" class=\"wp-image-4101\" srcset=\"https:\/\/www.noemie-sanson.fr\/wordpress\/wp-content\/uploads\/2024\/11\/conte-novembre-2024-2-page-001-724x1024.jpg 724w, https:\/\/www.noemie-sanson.fr\/wordpress\/wp-content\/uploads\/2024\/11\/conte-novembre-2024-2-page-001-212x300.jpg 212w, https:\/\/www.noemie-sanson.fr\/wordpress\/wp-content\/uploads\/2024\/11\/conte-novembre-2024-2-page-001-768x1086.jpg 768w, https:\/\/www.noemie-sanson.fr\/wordpress\/wp-content\/uploads\/2024\/11\/conte-novembre-2024-2-page-001-1086x1536.jpg 1086w, https:\/\/www.noemie-sanson.fr\/wordpress\/wp-content\/uploads\/2024\/11\/conte-novembre-2024-2-page-001.jpg 1241w\" sizes=\"auto, (max-width: 724px) 100vw, 724px\" \/><\/a><\/figure>\n","protected":false},"excerpt":{"rendered":"<p>Fille et petite fille de marins-p\u00eacheurs, j&rsquo;ai grandi aupr\u00e8s de l&rsquo;eau qui coule, qui dort ou qui gronde ! Puisant dans mes pr\u00e9c\u00e9dentes recherches en terre du Cotentin, et dans le r\u00e9pertoire des contes traditionnels d&rsquo;ici et l\u00e0, je vous &hellip; <a href=\"https:\/\/www.noemie-sanson.fr\/?page_id=4099\">Continuer la lecture <span class=\"meta-nav\">&rarr;<\/span><\/a><\/p>\n","protected":false},"author":2,"featured_media":0,"parent":3833,"menu_order":1,"comment_status":"closed","ping_status":"closed","template":"","meta":{"footnotes":""},"class_list":["post-4099","page","type-page","status-publish","hentry"],"_links":{"self":[{"href":"https:\/\/www.noemie-sanson.fr\/index.php?rest_route=\/wp\/v2\/pages\/4099","targetHints":{"allow":["GET"]}}],"collection":[{"href":"https:\/\/www.noemie-sanson.fr\/index.php?rest_route=\/wp\/v2\/pages"}],"about":[{"href":"https:\/\/www.noemie-sanson.fr\/index.php?rest_route=\/wp\/v2\/types\/page"}],"author":[{"embeddable":true,"href":"https:\/\/www.noemie-sanson.fr\/index.php?rest_route=\/wp\/v2\/users\/2"}],"replies":[{"embeddable":true,"href":"https:\/\/www.noemie-sanson.fr\/index.php?rest_route=%2Fwp%2Fv2%2Fcomments&post=4099"}],"version-history":[{"count":3,"href":"https:\/\/www.noemie-sanson.fr\/index.php?rest_route=\/wp\/v2\/pages\/4099\/revisions"}],"predecessor-version":[{"id":4104,"href":"https:\/\/www.noemie-sanson.fr\/index.php?rest_route=\/wp\/v2\/pages\/4099\/revisions\/4104"}],"up":[{"embeddable":true,"href":"https:\/\/www.noemie-sanson.fr\/index.php?rest_route=\/wp\/v2\/pages\/3833"}],"wp:attachment":[{"href":"https:\/\/www.noemie-sanson.fr\/index.php?rest_route=%2Fwp%2Fv2%2Fmedia&parent=4099"}],"curies":[{"name":"wp","href":"https:\/\/api.w.org\/{rel}","templated":true}]}}