{"id":4179,"date":"2025-03-20T10:54:31","date_gmt":"2025-03-20T08:54:31","guid":{"rendered":"https:\/\/www.noemie-sanson.fr\/?page_id=4179"},"modified":"2026-02-10T13:02:41","modified_gmt":"2026-02-10T11:02:41","slug":"racontee-des-quatre-saisons-pour-les-tout-petits","status":"publish","type":"page","link":"https:\/\/www.noemie-sanson.fr\/?page_id=4179","title":{"rendered":"Racont\u00e9e des Quatre-saisons pour les tout-petits"},"content":{"rendered":"\n<p>Chaque racont\u00e9e dure 30 minutes et propose un tour de comptines, jeux de doigts, contes traditionnels et chansons.<\/p>\n\n\n\n<p>No\u00e9mie joue avec sa voix, son corps pour emmener les tout-petits au pays de l&rsquo;imaginaire, du rire, et du plaisir. Ses mains dansent, sa voix chante ou se m\u00e9tamorphose au gr\u00e8s du vent. Les grands embarquent dans l&rsquo;aventure tout autant que les tout-petits, qui en sont ravis !<\/p>\n\n\n\n<ul style=\"color:#420e0e\" class=\"wp-block-list has-text-color has-link-color wp-elements-d41ea89c60ce1407e05f61b5296499f9\">\n<li>Vive le Printemps !<\/li>\n<\/ul>\n\n\n\n<ul style=\"color:#420e0e\" class=\"wp-block-list has-text-color has-link-color wp-elements-9a2df6767ac9f61109fb66e89922d897\">\n<li>Voil\u00e0 l&rsquo;\u00e9t\u00e9 !<\/li>\n<\/ul>\n\n\n\n<ul style=\"color:#420e0e\" class=\"wp-block-list has-text-color has-link-color wp-elements-3259998f72a0b0b195c8a5d881670014\">\n<li>Couleurs d&rsquo;automne<\/li>\n<\/ul>\n\n\n\n<ul style=\"color:#420e0e\" class=\"wp-block-list has-text-color has-link-color wp-elements-90c7c8b6d5707e1197fa8796620bac63\">\n<li>Frissons d&rsquo;hiver <\/li>\n<\/ul>\n\n\n\n<figure class=\"wp-block-gallery has-nested-images columns-default is-cropped wp-block-gallery-1 is-layout-flex wp-block-gallery-is-layout-flex\">\n<figure class=\"wp-block-image size-large\"><a href=\"https:\/\/www.noemie-sanson.fr\/wordpress\/wp-content\/uploads\/2026\/02\/Couleurs.jpg\"><img loading=\"lazy\" decoding=\"async\" width=\"768\" height=\"1024\" data-id=\"4294\" src=\"https:\/\/www.noemie-sanson.fr\/wordpress\/wp-content\/uploads\/2026\/02\/Couleurs-768x1024.jpg\" alt=\"\" class=\"wp-image-4294\" srcset=\"https:\/\/www.noemie-sanson.fr\/wordpress\/wp-content\/uploads\/2026\/02\/Couleurs-768x1024.jpg 768w, https:\/\/www.noemie-sanson.fr\/wordpress\/wp-content\/uploads\/2026\/02\/Couleurs-225x300.jpg 225w, https:\/\/www.noemie-sanson.fr\/wordpress\/wp-content\/uploads\/2026\/02\/Couleurs-1152x1536.jpg 1152w, https:\/\/www.noemie-sanson.fr\/wordpress\/wp-content\/uploads\/2026\/02\/Couleurs.jpg 1536w\" sizes=\"auto, (max-width: 768px) 100vw, 768px\" \/><\/a><\/figure>\n<\/figure>\n\n\n\n<figure class=\"wp-block-gallery has-nested-images columns-default is-cropped wp-block-gallery-2 is-layout-flex wp-block-gallery-is-layout-flex\"><\/figure>\n","protected":false},"excerpt":{"rendered":"<p>Chaque racont\u00e9e dure 30 minutes et propose un tour de comptines, jeux de doigts, contes traditionnels et chansons. No\u00e9mie joue avec sa voix, son corps pour emmener les tout-petits au pays de l&rsquo;imaginaire, du rire, et du plaisir. Ses mains &hellip; <a href=\"https:\/\/www.noemie-sanson.fr\/?page_id=4179\">Continuer la lecture <span class=\"meta-nav\">&rarr;<\/span><\/a><\/p>\n","protected":false},"author":2,"featured_media":0,"parent":3827,"menu_order":0,"comment_status":"closed","ping_status":"closed","template":"","meta":{"footnotes":""},"class_list":["post-4179","page","type-page","status-publish","hentry"],"_links":{"self":[{"href":"https:\/\/www.noemie-sanson.fr\/index.php?rest_route=\/wp\/v2\/pages\/4179","targetHints":{"allow":["GET"]}}],"collection":[{"href":"https:\/\/www.noemie-sanson.fr\/index.php?rest_route=\/wp\/v2\/pages"}],"about":[{"href":"https:\/\/www.noemie-sanson.fr\/index.php?rest_route=\/wp\/v2\/types\/page"}],"author":[{"embeddable":true,"href":"https:\/\/www.noemie-sanson.fr\/index.php?rest_route=\/wp\/v2\/users\/2"}],"replies":[{"embeddable":true,"href":"https:\/\/www.noemie-sanson.fr\/index.php?rest_route=%2Fwp%2Fv2%2Fcomments&post=4179"}],"version-history":[{"count":2,"href":"https:\/\/www.noemie-sanson.fr\/index.php?rest_route=\/wp\/v2\/pages\/4179\/revisions"}],"predecessor-version":[{"id":4295,"href":"https:\/\/www.noemie-sanson.fr\/index.php?rest_route=\/wp\/v2\/pages\/4179\/revisions\/4295"}],"up":[{"embeddable":true,"href":"https:\/\/www.noemie-sanson.fr\/index.php?rest_route=\/wp\/v2\/pages\/3827"}],"wp:attachment":[{"href":"https:\/\/www.noemie-sanson.fr\/index.php?rest_route=%2Fwp%2Fv2%2Fmedia&parent=4179"}],"curies":[{"name":"wp","href":"https:\/\/api.w.org\/{rel}","templated":true}]}}