{"id":658,"date":"2012-10-18T15:36:01","date_gmt":"2012-10-18T13:36:01","guid":{"rendered":"https:\/\/www.noemie-sanson.fr\/?page_id=658"},"modified":"2022-01-16T12:26:14","modified_gmt":"2022-01-16T10:26:14","slug":"don-juane-compagnie-dynamythe","status":"publish","type":"page","link":"https:\/\/www.noemie-sanson.fr\/?page_id=658","title":{"rendered":"Don(a) Juan(e) : le Match par la compagnie Dynamythe"},"content":{"rendered":"<p style=\"text-align: justify;\">Petite citation d&rsquo;un article de Th\u00e9\u00e2trorama, website, Avignon 2014 :<br>\n\u00ab\u00a0<em>Oranges versus Verts<br>\nLe concept d\u2019un th\u00e9\u00e2tre p\u00e9dagogique, qui fait participer le public dans une ma\u00efeutique collective, n\u2019est pas nouveau, mais l\u2019organisation du projet est ici particuli\u00e8rement r\u00e9ussie, gr\u00e2ce \u00e0 la parfaite ma\u00eetrise des com\u00e9diens<em>(<strong>une mention sp\u00e9ciale pour l\u2019excellentissime No\u00e9mie Sanson dans le r\u00f4le de Sganarelle<\/strong>)<\/em> qui orchestrent la partition th\u00e9\u00e2trale. Le spectateur perd ses rep\u00e8res et peine parfois \u00e0 se saisir des r\u00e8gles du jeu qui lui offre une libert\u00e9 d\u2019expression dans un espace habituellement r\u00e9serv\u00e9 au silence.<\/em>\u00a0\u00bb Extrait d&rsquo;un article d&rsquo;Ange Lise paru dans Th\u00e9\u00e2trorama. Juillet 2014<\/p>\n<p style=\"text-align: justify;\">Avec les Dynamythe, c&rsquo;est \u00e0 la rencontre du texte de Moli\u00e8re et de Sganarelle que je suis partie.<br>\nAvec les Dynamythe, c&rsquo;est \u00e0 la recherche d&rsquo;un autre rapport au public que nous sommes all\u00e9s.<br>\nAvec les Dynamythe, c&rsquo;est au c\u0153ur de mille et une interrogations qu&rsquo;avec le public nous voyageons : qu&rsquo;est-ce qu&rsquo;un spectacle vivant ? un spectateur vivant ? un acteur en vie ?<\/p>\n<p style=\"text-align: justify;\">Avec les Dynamythe, c&rsquo;est mille et une questions que je me pose : qu&rsquo;est- ce qu&rsquo;un th\u00e9\u00e2tre qui touche ? qu&rsquo;est-ce qu&rsquo;un th\u00e9\u00e2tre qui s&rsquo;engage vers l&rsquo;Autre ? qu&rsquo;est-ce que l&rsquo;Autre dans le Th\u00e9\u00e2tre ? Qu&rsquo;est ce que je souhaite vivre \u00e0 travers l&rsquo;Art ? Qu&rsquo;est ce que je ne souhaite plus ?<\/p>\n<p style=\"text-align: justify;\">Il y aura eu un avant Dynamythe&#8230;<\/p>\n<p style=\"text-align: justify;\">Il y aura un apr\u00e8s&#8230;<\/p>\n<p><a href=\"https:\/\/www.noemie-sanson.fr\/wordpress\/wp-content\/uploads\/2012\/10\/photo-Sga1.png\"><img loading=\"lazy\" decoding=\"async\" class=\"aligncenter wp-image-930 size-full\" title=\"photo Sga\" src=\"https:\/\/www.noemie-sanson.fr\/wordpress\/wp-content\/uploads\/2012\/10\/photo-Sga1.png\" alt=\"\" width=\"224\" height=\"201\"><\/a><\/p>\n<p><a href=\"https:\/\/www.noemie-sanson.fr\/wordpress\/wp-content\/uploads\/2012\/10\/photo-DOna-Juane.png\">&nbsp;<\/a><\/p>\n\n\n<figure class=\"wp-block-gallery columns-2 is-cropped wp-block-gallery-1 is-layout-flex wp-block-gallery-is-layout-flex\"><ul class=\"blocks-gallery-grid\"><li class=\"blocks-gallery-item\"><figure><img loading=\"lazy\" decoding=\"async\" width=\"640\" height=\"360\" src=\"https:\/\/www.noemie-sanson.fr\/wordpress\/wp-content\/uploads\/2020\/04\/photo-repr\u00e9sentatiion.jpg\" alt=\"\" data-id=\"2398\" data-link=\"https:\/\/www.noemie-sanson.fr\/?attachment_id=2398\" class=\"wp-image-2398\" srcset=\"https:\/\/www.noemie-sanson.fr\/wordpress\/wp-content\/uploads\/2020\/04\/photo-repr\u00e9sentatiion.jpg 640w, https:\/\/www.noemie-sanson.fr\/wordpress\/wp-content\/uploads\/2020\/04\/photo-repr\u00e9sentatiion-300x169.jpg 300w\" sizes=\"auto, (max-width: 640px) 100vw, 640px\" \/><\/figure><\/li><li class=\"blocks-gallery-item\"><figure><img loading=\"lazy\" decoding=\"async\" width=\"1024\" height=\"681\" src=\"https:\/\/www.noemie-sanson.fr\/wordpress\/wp-content\/uploads\/2020\/04\/1303-Dona-Juan-7968-1024x681.jpg\" alt=\"\" data-id=\"2400\" data-full-url=\"https:\/\/www.noemie-sanson.fr\/wordpress\/wp-content\/uploads\/2020\/04\/1303-Dona-Juan-7968-scaled.jpg\" data-link=\"https:\/\/www.noemie-sanson.fr\/?attachment_id=2400\" class=\"wp-image-2400\" srcset=\"https:\/\/www.noemie-sanson.fr\/wordpress\/wp-content\/uploads\/2020\/04\/1303-Dona-Juan-7968-1024x681.jpg 1024w, https:\/\/www.noemie-sanson.fr\/wordpress\/wp-content\/uploads\/2020\/04\/1303-Dona-Juan-7968-300x200.jpg 300w, https:\/\/www.noemie-sanson.fr\/wordpress\/wp-content\/uploads\/2020\/04\/1303-Dona-Juan-7968-768x511.jpg 768w, https:\/\/www.noemie-sanson.fr\/wordpress\/wp-content\/uploads\/2020\/04\/1303-Dona-Juan-7968-1536x1022.jpg 1536w, https:\/\/www.noemie-sanson.fr\/wordpress\/wp-content\/uploads\/2020\/04\/1303-Dona-Juan-7968-2048x1363.jpg 2048w\" sizes=\"auto, (max-width: 1024px) 100vw, 1024px\" \/><\/figure><\/li><\/ul><\/figure>\n\n\n\n<figure class=\"wp-block-gallery columns-3 is-cropped wp-block-gallery-2 is-layout-flex wp-block-gallery-is-layout-flex\"><ul class=\"blocks-gallery-grid\"><li class=\"blocks-gallery-item\"><figure><img loading=\"lazy\" decoding=\"async\" width=\"681\" height=\"1024\" src=\"https:\/\/www.noemie-sanson.fr\/wordpress\/wp-content\/uploads\/2020\/04\/1303-Dona-Juan-8200-681x1024.jpg\" alt=\"\" data-id=\"2402\" data-link=\"https:\/\/www.noemie-sanson.fr\/?attachment_id=2402\" class=\"wp-image-2402\" srcset=\"https:\/\/www.noemie-sanson.fr\/wordpress\/wp-content\/uploads\/2020\/04\/1303-Dona-Juan-8200-681x1024.jpg 681w, https:\/\/www.noemie-sanson.fr\/wordpress\/wp-content\/uploads\/2020\/04\/1303-Dona-Juan-8200-200x300.jpg 200w, https:\/\/www.noemie-sanson.fr\/wordpress\/wp-content\/uploads\/2020\/04\/1303-Dona-Juan-8200-768x1154.jpg 768w, https:\/\/www.noemie-sanson.fr\/wordpress\/wp-content\/uploads\/2020\/04\/1303-Dona-Juan-8200-1022x1536.jpg 1022w, https:\/\/www.noemie-sanson.fr\/wordpress\/wp-content\/uploads\/2020\/04\/1303-Dona-Juan-8200-1363x2048.jpg 1363w, https:\/\/www.noemie-sanson.fr\/wordpress\/wp-content\/uploads\/2020\/04\/1303-Dona-Juan-8200-scaled.jpg 1703w\" sizes=\"auto, (max-width: 681px) 100vw, 681px\" \/><\/figure><\/li><li class=\"blocks-gallery-item\"><figure><img loading=\"lazy\" decoding=\"async\" width=\"1024\" height=\"681\" src=\"https:\/\/www.noemie-sanson.fr\/wordpress\/wp-content\/uploads\/2020\/04\/1303-Dona-Juan-8160-1024x681.jpg\" alt=\"\" data-id=\"2403\" data-link=\"https:\/\/www.noemie-sanson.fr\/?attachment_id=2403\" class=\"wp-image-2403\" srcset=\"https:\/\/www.noemie-sanson.fr\/wordpress\/wp-content\/uploads\/2020\/04\/1303-Dona-Juan-8160-1024x681.jpg 1024w, https:\/\/www.noemie-sanson.fr\/wordpress\/wp-content\/uploads\/2020\/04\/1303-Dona-Juan-8160-300x200.jpg 300w, https:\/\/www.noemie-sanson.fr\/wordpress\/wp-content\/uploads\/2020\/04\/1303-Dona-Juan-8160-768x511.jpg 768w, https:\/\/www.noemie-sanson.fr\/wordpress\/wp-content\/uploads\/2020\/04\/1303-Dona-Juan-8160-1536x1022.jpg 1536w, https:\/\/www.noemie-sanson.fr\/wordpress\/wp-content\/uploads\/2020\/04\/1303-Dona-Juan-8160-2048x1363.jpg 2048w\" sizes=\"auto, (max-width: 1024px) 100vw, 1024px\" \/><\/figure><\/li><li class=\"blocks-gallery-item\"><figure><img loading=\"lazy\" decoding=\"async\" width=\"713\" height=\"1024\" src=\"https:\/\/www.noemie-sanson.fr\/wordpress\/wp-content\/uploads\/2020\/04\/003-713x1024.jpg\" alt=\"\" data-id=\"2406\" data-link=\"https:\/\/www.noemie-sanson.fr\/?attachment_id=2406\" class=\"wp-image-2406\" srcset=\"https:\/\/www.noemie-sanson.fr\/wordpress\/wp-content\/uploads\/2020\/04\/003-713x1024.jpg 713w, https:\/\/www.noemie-sanson.fr\/wordpress\/wp-content\/uploads\/2020\/04\/003-209x300.jpg 209w, https:\/\/www.noemie-sanson.fr\/wordpress\/wp-content\/uploads\/2020\/04\/003-768x1103.jpg 768w, https:\/\/www.noemie-sanson.fr\/wordpress\/wp-content\/uploads\/2020\/04\/003-1069x1536.jpg 1069w, https:\/\/www.noemie-sanson.fr\/wordpress\/wp-content\/uploads\/2020\/04\/003-1426x2048.jpg 1426w, https:\/\/www.noemie-sanson.fr\/wordpress\/wp-content\/uploads\/2020\/04\/003-scaled.jpg 1782w\" sizes=\"auto, (max-width: 713px) 100vw, 713px\" \/><\/figure><\/li><li class=\"blocks-gallery-item\"><figure><img loading=\"lazy\" decoding=\"async\" width=\"681\" height=\"1024\" src=\"https:\/\/www.noemie-sanson.fr\/wordpress\/wp-content\/uploads\/2020\/04\/1303-Dona-Juan-8188-681x1024.jpg\" alt=\"\" data-id=\"2408\" data-link=\"https:\/\/www.noemie-sanson.fr\/?attachment_id=2408\" class=\"wp-image-2408\" srcset=\"https:\/\/www.noemie-sanson.fr\/wordpress\/wp-content\/uploads\/2020\/04\/1303-Dona-Juan-8188-681x1024.jpg 681w, https:\/\/www.noemie-sanson.fr\/wordpress\/wp-content\/uploads\/2020\/04\/1303-Dona-Juan-8188-200x300.jpg 200w, https:\/\/www.noemie-sanson.fr\/wordpress\/wp-content\/uploads\/2020\/04\/1303-Dona-Juan-8188-768x1154.jpg 768w, https:\/\/www.noemie-sanson.fr\/wordpress\/wp-content\/uploads\/2020\/04\/1303-Dona-Juan-8188-1022x1536.jpg 1022w, https:\/\/www.noemie-sanson.fr\/wordpress\/wp-content\/uploads\/2020\/04\/1303-Dona-Juan-8188-1363x2048.jpg 1363w, https:\/\/www.noemie-sanson.fr\/wordpress\/wp-content\/uploads\/2020\/04\/1303-Dona-Juan-8188-scaled.jpg 1703w\" sizes=\"auto, (max-width: 681px) 100vw, 681px\" \/><\/figure><\/li><li class=\"blocks-gallery-item\"><figure><img loading=\"lazy\" decoding=\"async\" width=\"681\" height=\"1024\" src=\"https:\/\/www.noemie-sanson.fr\/wordpress\/wp-content\/uploads\/2020\/04\/1303-Dona-Juan-8189-681x1024.jpg\" alt=\"\" data-id=\"2409\" data-link=\"https:\/\/www.noemie-sanson.fr\/?attachment_id=2409\" class=\"wp-image-2409\" srcset=\"https:\/\/www.noemie-sanson.fr\/wordpress\/wp-content\/uploads\/2020\/04\/1303-Dona-Juan-8189-681x1024.jpg 681w, https:\/\/www.noemie-sanson.fr\/wordpress\/wp-content\/uploads\/2020\/04\/1303-Dona-Juan-8189-200x300.jpg 200w, https:\/\/www.noemie-sanson.fr\/wordpress\/wp-content\/uploads\/2020\/04\/1303-Dona-Juan-8189-768x1154.jpg 768w, https:\/\/www.noemie-sanson.fr\/wordpress\/wp-content\/uploads\/2020\/04\/1303-Dona-Juan-8189-1022x1536.jpg 1022w, https:\/\/www.noemie-sanson.fr\/wordpress\/wp-content\/uploads\/2020\/04\/1303-Dona-Juan-8189-1363x2048.jpg 1363w, https:\/\/www.noemie-sanson.fr\/wordpress\/wp-content\/uploads\/2020\/04\/1303-Dona-Juan-8189-scaled.jpg 1703w\" sizes=\"auto, (max-width: 681px) 100vw, 681px\" \/><\/figure><\/li><li class=\"blocks-gallery-item\"><figure><img loading=\"lazy\" decoding=\"async\" width=\"718\" height=\"1024\" src=\"https:\/\/www.noemie-sanson.fr\/wordpress\/wp-content\/uploads\/2020\/04\/022-718x1024.jpg\" alt=\"\" data-id=\"2410\" data-full-url=\"https:\/\/www.noemie-sanson.fr\/wordpress\/wp-content\/uploads\/2020\/04\/022-scaled.jpg\" data-link=\"https:\/\/www.noemie-sanson.fr\/?attachment_id=2410\" class=\"wp-image-2410\" srcset=\"https:\/\/www.noemie-sanson.fr\/wordpress\/wp-content\/uploads\/2020\/04\/022-718x1024.jpg 718w, https:\/\/www.noemie-sanson.fr\/wordpress\/wp-content\/uploads\/2020\/04\/022-210x300.jpg 210w, https:\/\/www.noemie-sanson.fr\/wordpress\/wp-content\/uploads\/2020\/04\/022-768x1095.jpg 768w, https:\/\/www.noemie-sanson.fr\/wordpress\/wp-content\/uploads\/2020\/04\/022-1077x1536.jpg 1077w, https:\/\/www.noemie-sanson.fr\/wordpress\/wp-content\/uploads\/2020\/04\/022-1436x2048.jpg 1436w, https:\/\/www.noemie-sanson.fr\/wordpress\/wp-content\/uploads\/2020\/04\/022-scaled.jpg 1795w\" sizes=\"auto, (max-width: 718px) 100vw, 718px\" \/><\/figure><\/li><\/ul><\/figure>\n","protected":false},"excerpt":{"rendered":"<p>Petite citation d&rsquo;un article de Th\u00e9\u00e2trorama, website, Avignon 2014 : \u00ab\u00a0Oranges versus Verts Le concept d\u2019un th\u00e9\u00e2tre p\u00e9dagogique, qui fait participer le public dans une ma\u00efeutique collective, n\u2019est pas nouveau, mais l\u2019organisation du projet est ici particuli\u00e8rement r\u00e9ussie, gr\u00e2ce \u00e0 &hellip; <a href=\"https:\/\/www.noemie-sanson.fr\/?page_id=658\">Continuer la lecture <span class=\"meta-nav\">&rarr;<\/span><\/a><\/p>\n","protected":false},"author":2,"featured_media":2404,"parent":169,"menu_order":12,"comment_status":"closed","ping_status":"closed","template":"","meta":{"footnotes":""},"class_list":["post-658","page","type-page","status-publish","has-post-thumbnail","hentry"],"_links":{"self":[{"href":"https:\/\/www.noemie-sanson.fr\/index.php?rest_route=\/wp\/v2\/pages\/658","targetHints":{"allow":["GET"]}}],"collection":[{"href":"https:\/\/www.noemie-sanson.fr\/index.php?rest_route=\/wp\/v2\/pages"}],"about":[{"href":"https:\/\/www.noemie-sanson.fr\/index.php?rest_route=\/wp\/v2\/types\/page"}],"author":[{"embeddable":true,"href":"https:\/\/www.noemie-sanson.fr\/index.php?rest_route=\/wp\/v2\/users\/2"}],"replies":[{"embeddable":true,"href":"https:\/\/www.noemie-sanson.fr\/index.php?rest_route=%2Fwp%2Fv2%2Fcomments&post=658"}],"version-history":[{"count":24,"href":"https:\/\/www.noemie-sanson.fr\/index.php?rest_route=\/wp\/v2\/pages\/658\/revisions"}],"predecessor-version":[{"id":2411,"href":"https:\/\/www.noemie-sanson.fr\/index.php?rest_route=\/wp\/v2\/pages\/658\/revisions\/2411"}],"up":[{"embeddable":true,"href":"https:\/\/www.noemie-sanson.fr\/index.php?rest_route=\/wp\/v2\/pages\/169"}],"wp:featuredmedia":[{"embeddable":true,"href":"https:\/\/www.noemie-sanson.fr\/index.php?rest_route=\/wp\/v2\/media\/2404"}],"wp:attachment":[{"href":"https:\/\/www.noemie-sanson.fr\/index.php?rest_route=%2Fwp%2Fv2%2Fmedia&parent=658"}],"curies":[{"name":"wp","href":"https:\/\/api.w.org\/{rel}","templated":true}]}}