{"id":674,"date":"2012-10-19T15:36:39","date_gmt":"2012-10-19T13:36:39","guid":{"rendered":"https:\/\/www.noemie-sanson.fr\/?page_id=674"},"modified":"2022-01-16T12:33:12","modified_gmt":"2022-01-16T10:33:12","slug":"jetais-dans-ma-maison-lagarce","status":"publish","type":"page","link":"https:\/\/www.noemie-sanson.fr\/?page_id=674","title":{"rendered":"J&rsquo;\u00e9tais&#8230; J-L Lagarce"},"content":{"rendered":"<p><em>J&rsquo;Etais dans ma maison et j&rsquo;attendais que la pluie vienne<\/em> de Jean-Luc Lagarce<br \/>\nTh\u00e9\u00e2tre des D\u00e9chargeurs Paris 75001<br \/>\nmis en sc\u00e8ne par Catherine Decastel, 2012<br \/>\nr\u00f4le : La Plus Jeune<\/p>\n<p>Pour visionner un extrait vid\u00e9o, cliquer ici : <a href=\"https:\/\/www.noemie-sanson.fr\/wordpress\/wp-content\/uploads\/2014\/06\/Danse-de-la-Plus-Jeune1.wmv\">Danse de la Plus Jeune<\/a><\/p>\n<p><a href=\"https:\/\/www.noemie-sanson.fr\/wp-content\/uploads\/2012\/10\/MG_5286-800x533-2.jpg\"><img loading=\"lazy\" decoding=\"async\" class=\"aligncenter wp-image-795 size-full\" src=\"https:\/\/www.noemie-sanson.fr\/wordpress\/wp-content\/uploads\/2012\/10\/MG_5286-800x533-2.jpg\" alt=\"_MG_5286 (800x533) (2)\" width=\"800\" height=\"533\" srcset=\"https:\/\/www.noemie-sanson.fr\/wordpress\/wp-content\/uploads\/2012\/10\/MG_5286-800x533-2.jpg 800w, https:\/\/www.noemie-sanson.fr\/wordpress\/wp-content\/uploads\/2012\/10\/MG_5286-800x533-2-300x199.jpg 300w\" sizes=\"auto, (max-width: 800px) 100vw, 800px\" \/><\/a><\/p>\n<p><a href=\"https:\/\/www.noemie-sanson.fr\/wp-content\/uploads\/2012\/10\/MG_5215-800x533-2-Copie-800x533.jpg\"><img loading=\"lazy\" decoding=\"async\" class=\"aligncenter wp-image-780 size-full\" src=\"https:\/\/www.noemie-sanson.fr\/wordpress\/wp-content\/uploads\/2012\/10\/MG_5215-800x533-2-Copie-800x533.jpg\" alt=\"_MG_5215 (800x533) (2) - Copie (800x533)\" width=\"800\" height=\"533\" srcset=\"https:\/\/www.noemie-sanson.fr\/wordpress\/wp-content\/uploads\/2012\/10\/MG_5215-800x533-2-Copie-800x533.jpg 800w, https:\/\/www.noemie-sanson.fr\/wordpress\/wp-content\/uploads\/2012\/10\/MG_5215-800x533-2-Copie-800x533-300x199.jpg 300w\" sizes=\"auto, (max-width: 800px) 100vw, 800px\" \/><\/a><\/p>\n","protected":false},"excerpt":{"rendered":"<p>J&rsquo;Etais dans ma maison et j&rsquo;attendais que la pluie vienne de Jean-Luc Lagarce Th\u00e9\u00e2tre des D\u00e9chargeurs Paris 75001 mis en sc\u00e8ne par Catherine Decastel, 2012 r\u00f4le : La Plus Jeune Pour visionner un extrait vid\u00e9o, cliquer ici : Danse de &hellip; <a href=\"https:\/\/www.noemie-sanson.fr\/?page_id=674\">Continuer la lecture <span class=\"meta-nav\">&rarr;<\/span><\/a><\/p>\n","protected":false},"author":2,"featured_media":2377,"parent":169,"menu_order":10,"comment_status":"closed","ping_status":"closed","template":"","meta":{"footnotes":""},"class_list":["post-674","page","type-page","status-publish","has-post-thumbnail","hentry"],"_links":{"self":[{"href":"https:\/\/www.noemie-sanson.fr\/index.php?rest_route=\/wp\/v2\/pages\/674","targetHints":{"allow":["GET"]}}],"collection":[{"href":"https:\/\/www.noemie-sanson.fr\/index.php?rest_route=\/wp\/v2\/pages"}],"about":[{"href":"https:\/\/www.noemie-sanson.fr\/index.php?rest_route=\/wp\/v2\/types\/page"}],"author":[{"embeddable":true,"href":"https:\/\/www.noemie-sanson.fr\/index.php?rest_route=\/wp\/v2\/users\/2"}],"replies":[{"embeddable":true,"href":"https:\/\/www.noemie-sanson.fr\/index.php?rest_route=%2Fwp%2Fv2%2Fcomments&post=674"}],"version-history":[{"count":10,"href":"https:\/\/www.noemie-sanson.fr\/index.php?rest_route=\/wp\/v2\/pages\/674\/revisions"}],"predecessor-version":[{"id":2395,"href":"https:\/\/www.noemie-sanson.fr\/index.php?rest_route=\/wp\/v2\/pages\/674\/revisions\/2395"}],"up":[{"embeddable":true,"href":"https:\/\/www.noemie-sanson.fr\/index.php?rest_route=\/wp\/v2\/pages\/169"}],"wp:featuredmedia":[{"embeddable":true,"href":"https:\/\/www.noemie-sanson.fr\/index.php?rest_route=\/wp\/v2\/media\/2377"}],"wp:attachment":[{"href":"https:\/\/www.noemie-sanson.fr\/index.php?rest_route=%2Fwp%2Fv2%2Fmedia&parent=674"}],"curies":[{"name":"wp","href":"https:\/\/api.w.org\/{rel}","templated":true}]}}