{"id":90,"date":"2011-02-06T16:05:18","date_gmt":"2011-02-06T14:05:18","guid":{"rendered":"http:\/\/noemie.nonsenz.org\/?page_id=90"},"modified":"2022-01-16T12:33:55","modified_gmt":"2022-01-16T10:33:55","slug":"la-reine-des-neiges","status":"publish","type":"page","link":"https:\/\/www.noemie-sanson.fr\/?page_id=90","title":{"rendered":"Trio musical"},"content":{"rendered":"<p><a href=\"https:\/\/www.noemie-sanson.fr\/wordpress\/wp-content\/uploads\/2011\/02\/Bo\u00eete-\u00e0-musique.jpg\"><img loading=\"lazy\" decoding=\"async\" class=\"aligncenter wp-image-810 size-medium\" src=\"https:\/\/www.noemie-sanson.fr\/wordpress\/wp-content\/uploads\/2011\/02\/Bo\u00eete-\u00e0-musique-200x300.jpg\" alt=\"Bo\u00eete \u00e0 musique\" width=\"200\" height=\"300\" srcset=\"https:\/\/www.noemie-sanson.fr\/wordpress\/wp-content\/uploads\/2011\/02\/Bo\u00eete-\u00e0-musique-200x300.jpg 200w, https:\/\/www.noemie-sanson.fr\/wordpress\/wp-content\/uploads\/2011\/02\/Bo\u00eete-\u00e0-musique.jpg 444w\" sizes=\"auto, (max-width: 200px) 100vw, 200px\" \/><\/a><\/p>\n<p>La Reine des Neiges est une cr\u00e9ation collective pour enfants avec Juliana Olm et Maria Dika, qui m&rsquo;a permis de me plonger dans l&rsquo;univers de la Musique.<\/p>\n<div id=\"_mcePaste\">Pour ce spectacle, je me suis associ\u00e9e avec deux autres artistes Maria dell Carmen DE ZALDO (musicienne, com\u00e9dienne) et&nbsp;Juliana OLM (musicienne, chanteuse). Ensemble, munies de nos \u00ab&nbsp;back-ground&nbsp;\u00bb, de nos sensibilit\u00e9s et de nos envies, nous&nbsp;avons cr\u00e9\u00e9 le collectif : Les Trois Lumi\u00e8res.<a href=\"https:\/\/www.noemie-sanson.fr\/wordpress\/wp-content\/uploads\/2011\/02\/reine_300.jpg\"><img loading=\"lazy\" decoding=\"async\" class=\"aligncenter wp-image-100 size-full\" src=\"https:\/\/www.noemie-sanson.fr\/wordpress\/wp-content\/uploads\/2011\/02\/reine_300.jpg\" alt=\"Photo plaquette Reine des neiges\" width=\"300\" height=\"214\"><\/a><\/p>\n<h2 style=\"text-align: center;\">La Reine des Neiges<\/h2>\n<h4 style=\"text-align: center;\">Conte musical pour enfants et adultes<br \/>\nUne adaptation du conte de H.C. Andersen<br \/>\nCr\u00e9ation collective<\/h4>\n<p style=\"text-align: justify;\">L\u2019histoire d\u2019une petite fille Gerda qui partira en voyage pour retrouver son ami de toujours Hans, envo\u00fbt\u00e9 par la Reine des Neiges&#8230;<\/p>\n<p style=\"text-align: justify;\">Les Trois Lumi\u00e8res ont choisi d\u2019interpr\u00e9ter ce conte en mettant la musique, les marionnettes et la com\u00e9die \u00e0 l\u2019honneur. Ce m\u00e9lange artistique permet en effet de proposer un imaginaire onirique tr\u00e8s visuel et sonore,&nbsp;propice aux petits comme aux grands. Un spectacle comme une balade, pour le plaisir des yeux et des oreilles. Dans chacune des 7 histoires-\u00e9tapes que traverse Gerda, de nouvelles ambiances et couleurs&nbsp;apparaissent, ainsi que de nouveaux personnages masqu\u00e9s ou sous forme de marionnettes.<\/p>\n<p><a href=\"https:\/\/www.noemie-sanson.fr\/wordpress\/wp-content\/uploads\/2011\/02\/Kay-et-Gerda-La-Reine-des-Neiges.jpg\"><img loading=\"lazy\" decoding=\"async\" class=\"aligncenter wp-image-814 size-medium\" src=\"https:\/\/www.noemie-sanson.fr\/wordpress\/wp-content\/uploads\/2011\/02\/Kay-et-Gerda-La-Reine-des-Neiges-300x199.jpg\" alt=\"Kay et Gerda La Reine des Neiges\" width=\"300\" height=\"199\" srcset=\"https:\/\/www.noemie-sanson.fr\/wordpress\/wp-content\/uploads\/2011\/02\/Kay-et-Gerda-La-Reine-des-Neiges-300x199.jpg 300w, https:\/\/www.noemie-sanson.fr\/wordpress\/wp-content\/uploads\/2011\/02\/Kay-et-Gerda-La-Reine-des-Neiges-1024x682.jpg 1024w, https:\/\/www.noemie-sanson.fr\/wordpress\/wp-content\/uploads\/2011\/02\/Kay-et-Gerda-La-Reine-des-Neiges.jpg 1280w\" sizes=\"auto, (max-width: 300px) 100vw, 300px\" \/><\/a> Avec Maria Dika<\/p>\n<p><a href=\"https:\/\/www.noemie-sanson.fr\/wordpress\/-content\/uploads\/2011\/02\/Juliana.jpg\"><img loading=\"lazy\" decoding=\"async\" class=\"aligncenter wp-image-813 size-medium\" src=\"https:\/\/www.noemie-sanson.fr\/wordpress\/wp-content\/uploads\/2011\/02\/Juliana-200x300.jpg\" alt=\"Juliana\" width=\"200\" height=\"300\" srcset=\"https:\/\/www.noemie-sanson.fr\/wordpress\/wp-content\/uploads\/2011\/02\/Juliana-200x300.jpg 200w, https:\/\/www.noemie-sanson.fr\/wordpress\/wp-content\/uploads\/2011\/02\/Juliana.jpg 444w\" sizes=\"auto, (max-width: 200px) 100vw, 200px\" \/><\/a><br \/>\nAvec Juliana Olm&nbsp;<a href=\"http:\/\/www.julianaolm.com\">http:\/\/www.julianaolm.com<\/a><\/p>\n<\/div>\n","protected":false},"excerpt":{"rendered":"<p>La Reine des Neiges est une cr\u00e9ation collective pour enfants avec Juliana Olm et Maria Dika, qui m&rsquo;a permis de me plonger dans l&rsquo;univers de la Musique. Pour ce spectacle, je me suis associ\u00e9e avec deux autres artistes Maria dell &hellip; <a href=\"https:\/\/www.noemie-sanson.fr\/?page_id=90\">Continuer la lecture <span class=\"meta-nav\">&rarr;<\/span><\/a><\/p>\n","protected":false},"author":2,"featured_media":100,"parent":169,"menu_order":15,"comment_status":"closed","ping_status":"closed","template":"","meta":{"footnotes":""},"class_list":["post-90","page","type-page","status-publish","has-post-thumbnail","hentry"],"_links":{"self":[{"href":"https:\/\/www.noemie-sanson.fr\/index.php?rest_route=\/wp\/v2\/pages\/90","targetHints":{"allow":["GET"]}}],"collection":[{"href":"https:\/\/www.noemie-sanson.fr\/index.php?rest_route=\/wp\/v2\/pages"}],"about":[{"href":"https:\/\/www.noemie-sanson.fr\/index.php?rest_route=\/wp\/v2\/types\/page"}],"author":[{"embeddable":true,"href":"https:\/\/www.noemie-sanson.fr\/index.php?rest_route=\/wp\/v2\/users\/2"}],"replies":[{"embeddable":true,"href":"https:\/\/www.noemie-sanson.fr\/index.php?rest_route=%2Fwp%2Fv2%2Fcomments&post=90"}],"version-history":[{"count":17,"href":"https:\/\/www.noemie-sanson.fr\/index.php?rest_route=\/wp\/v2\/pages\/90\/revisions"}],"predecessor-version":[{"id":2394,"href":"https:\/\/www.noemie-sanson.fr\/index.php?rest_route=\/wp\/v2\/pages\/90\/revisions\/2394"}],"up":[{"embeddable":true,"href":"https:\/\/www.noemie-sanson.fr\/index.php?rest_route=\/wp\/v2\/pages\/169"}],"wp:featuredmedia":[{"embeddable":true,"href":"https:\/\/www.noemie-sanson.fr\/index.php?rest_route=\/wp\/v2\/media\/100"}],"wp:attachment":[{"href":"https:\/\/www.noemie-sanson.fr\/index.php?rest_route=%2Fwp%2Fv2%2Fmedia&parent=90"}],"curies":[{"name":"wp","href":"https:\/\/api.w.org\/{rel}","templated":true}]}}